{"id":453,"date":"2021-01-18T15:00:44","date_gmt":"2021-01-18T15:00:44","guid":{"rendered":"https:\/\/llorensgmr.com\/?page_id=453"},"modified":"2021-01-18T15:00:44","modified_gmt":"2021-01-18T15:00:44","slug":"politica-de-cookies","status":"publish","type":"page","link":"https:\/\/llorensgmr.com\/es\/politica-de-cookies\/","title":{"rendered":"Pol\u00edtica de Cookies"},"content":{"rendered":"<div class=\"wpb-content-wrapper\"><p>[vc_row css_animation=\u00bb\u00bb row_type=\u00bbrow\u00bb use_row_as_full_screen_section=\u00bbno\u00bb type=\u00bbfull_width\u00bb angled_section=\u00bbno\u00bb text_align=\u00bbleft\u00bb background_image_as_pattern=\u00bbwithout_pattern\u00bb][vc_column][vc_single_image image=\u00bb461&#8243; img_size=\u00bbfull\u00bb alignment=\u00bbcenter\u00bb qode_css_animation=\u00bb\u00bb][\/vc_column][\/vc_row][vc_row css_animation=\u00bb\u00bb row_type=\u00bbrow\u00bb use_row_as_full_screen_section=\u00bbno\u00bb type=\u00bbgrid\u00bb angled_section=\u00bbno\u00bb text_align=\u00bbleft\u00bb background_image_as_pattern=\u00bbwithout_pattern\u00bb z_index=\u00bb\u00bb][vc_column][vc_empty_space][vc_empty_space][vc_column_text]Una \u00abCookie\u00bb es un peque\u00f1o archivo que se almacena en el ordenador del usuario y nos permite reconocerle. El conjunto de \u00abcookies\u00bb nos ayuda a mejorar la calidad de nuestra web, permiti\u00e9ndonos controlar qu\u00e9 p\u00e1ginas encuentran nuestros usuarios \u00fatiles y cu\u00e1les no.<\/p>\n<p>&nbsp;<\/p>\n<p>Las cookies son esenciales para el funcionamiento de internet, aportando innumerables ventajas en la prestaci\u00f3n de servicios interactivos, facilit\u00e1ndole la navegaci\u00f3n y usabilidad de nuestra web. Tenga en cuenta que las cookies no pueden da\u00f1ar su equipo y que, a cambio, el que est\u00e9n activadas nos ayudan a identificar y resolver los errores.<\/p>\n<p>&nbsp;<\/p>\n<p>La informaci\u00f3n que le proporcionamos a continuaci\u00f3n, le ayudar\u00e1 a comprender los diferentes tipos de cookies:<\/p>\n<p>&nbsp;<\/p>\n<p><strong>-Cookies de sesi\u00f3n:\u00a0<\/strong>son cookies temporales que permanecen en el archivo de cookies de su navegador hasta que abandone la p\u00e1gina web, por lo que ninguna queda registrada en el disco duro del usuario. La informaci\u00f3n obtenida por medio de estas cookies, sirven para analizar pautas de tr\u00e1fico en la web. A la larga, esto nos permite proporcionar una mejor experiencia para mejorar el contenido y facilitando su uso.<\/p>\n<p>&nbsp;<\/p>\n<p><strong>-Cookies permanentes:<\/strong>\u00a0son almacenadas en el disco duro y nuestra web las lee cada vez que usted realiza una nueva visita. Una web permanente posee una fecha de expiraci\u00f3n determinada. La cookie dejar\u00e1 de funcionar despu\u00e9s de esa fecha.<\/p>\n<p>&nbsp;<\/p>\n<p>A continuaci\u00f3n publicamos una relaci\u00f3n de las principales cookies utilizadas en nuestra Web, distinguiendo:<\/p>\n<p>&nbsp;<\/p>\n<p><strong>-Las cookies estrictamente necesarias<\/strong>\u00a0como por ejemplo, aquellas que sirvan para una correcta navegaci\u00f3n o las que permitan realizar servicios solicitados por el usuario o cookies que sirvan para asegurar que el contenido de la p\u00e1gina web se carga eficazmente.<\/p>\n<p>&nbsp;<\/p>\n<p><strong>-Las cookies de terceros<\/strong>\u00a0como por ejemplo, las usadas por redes sociales, o por complementos externos de contenido.<\/p>\n<p>&nbsp;<\/p>\n<p>-Las\u00a0<strong>cookies anal\u00edticas<\/strong>\u00a0con prop\u00f3sitos de mantenimiento peri\u00f3dico, y en aras de garantizar el mejor servicio posible al usuario, los sitios web\u00b4s hacen uso normalmente de cookies \u00abanal\u00edticas\u00bb para recopilar datos estad\u00edsticos de la actividad.<\/p>\n<p>&nbsp;<\/p>\n<p><strong>RELACI\u00d3N Y DESCRIPCI\u00d3N DE LAS COOKIES QUE UTILIZAMOS EN LA P\u00c1GINA WEB:<\/strong><\/p>\n<p>&nbsp;<\/p>\n<p>La tabla que publicamos a continuaci\u00f3n recoge de forma esquematizada las cookies que utilizamos en nuestra p\u00e1gina web:<\/p>\n<p>&nbsp;<\/p>\n<table width=\"599\" cellspacing=\"0\" cellpadding=\"6\">\n<colgroup>\n<col width=\"94\" \/>\n<col width=\"120\" \/>\n<col width=\"243\" \/>\n<col width=\"91\" \/><\/colgroup>\n<tbody>\n<tr valign=\"top\">\n<td width=\"94\">\n<p class=\"western\" align=\"center\"><b>Cookie<\/b><\/p>\n<\/td>\n<td width=\"120\">\n<p class=\"western\" align=\"center\"><b>Nombre<\/b><\/p>\n<\/td>\n<td width=\"243\">\n<p class=\"western\" align=\"center\"><b>Finalidad \/ M\u00e1s informaci\u00f3n<\/b><\/p>\n<\/td>\n<td width=\"91\">\n<p class=\"western\" align=\"center\"><b>Vencimiento<\/b><\/p>\n<\/td>\n<\/tr>\n<\/tbody>\n<tbody>\n<tr valign=\"top\">\n<td width=\"94\">\n<p class=\"western\" align=\"center\"><a href=\"http:\/\/www.llorensgmr.com\/\">www.llorensgmr.com<\/a><\/p>\n<\/td>\n<td width=\"120\">\n<p class=\"western\" align=\"center\">_EC_TEST_<\/p>\n<\/td>\n<td width=\"243\"><\/td>\n<td width=\"91\"><\/td>\n<\/tr>\n<\/tbody>\n<tbody>\n<tr valign=\"top\">\n<td width=\"94\"><\/td>\n<td width=\"120\">\n<p class=\"western\" align=\"center\">_gat<\/p>\n<\/td>\n<td width=\"243\">\n<p class=\"western\" align=\"justify\">Se usa para diferenciar entre los diferentes objetos de seguimiento creados en la sesi\u00f3n. La cookie se crea al cargar la librer\u00eda javascript y no existe una versi\u00f3n previa de la cookie _gat. La cookie se actualiza cada vez que envia los datos a Google Analytics.<\/p>\n<\/td>\n<td width=\"91\">\n<p class=\"western\" align=\"center\">10 segundos<\/p>\n<\/td>\n<\/tr>\n<\/tbody>\n<tbody>\n<tr valign=\"top\">\n<td width=\"94\"><\/td>\n<td width=\"120\">\n<p class=\"western\" align=\"center\">_ga<\/p>\n<\/td>\n<td width=\"243\">\n<p class=\"western\" align=\"center\">Se usa para distinguir a los usuarios.<\/p>\n<\/td>\n<td width=\"91\">\n<p class=\"western\" align=\"center\">2 a\u00f1os<\/p>\n<\/td>\n<\/tr>\n<\/tbody>\n<tbody>\n<tr valign=\"top\">\n<td width=\"94\"><\/td>\n<td width=\"120\">\n<p class=\"western\" align=\"center\">Cookie-law<\/p>\n<\/td>\n<td width=\"243\">\n<p class=\"western\" align=\"justify\">Recuerda si el visitante ha aceptado\/cerrado la barra de cookie info.<\/p>\n<\/td>\n<td width=\"91\">\n<p class=\"western\" align=\"center\">2 meses<\/p>\n<\/td>\n<\/tr>\n<\/tbody>\n<tbody>\n<tr valign=\"top\">\n<td width=\"94\"><\/td>\n<td width=\"120\">\n<p class=\"western\" align=\"center\">_icl_current_language<\/p>\n<\/td>\n<td width=\"243\">\n<p class=\"western\" align=\"justify\">Utilizada para seleccionar el lenguaje por defecto del sitio<\/p>\n<\/td>\n<td width=\"91\">\n<p class=\"western\" align=\"center\">1 dia<\/p>\n<\/td>\n<\/tr>\n<\/tbody>\n<tbody>\n<tr valign=\"top\">\n<td width=\"94\">\n<p class=\"western\" align=\"center\">Cookies google.com<\/p>\n<\/td>\n<td width=\"120\">\n<p class=\"western\" align=\"center\">PREF<\/p>\n<\/td>\n<td width=\"243\">\n<p class=\"western\" align=\"justify\">El uso de servicios de localizaci\u00f3n como Google Maps implica la instalaci\u00f3n de estas cookies<\/p>\n<\/td>\n<td width=\"91\">\n<p class=\"western\" align=\"center\">2 a\u00f1os<\/p>\n<\/td>\n<\/tr>\n<\/tbody>\n<tbody>\n<tr valign=\"top\">\n<td width=\"94\"><\/td>\n<td width=\"120\">\n<p class=\"western\" align=\"center\">GMAIL_RTT<\/p>\n<\/td>\n<td width=\"243\">\n<p class=\"western\" align=\"justify\">Esta cookie permite a los visitantes compartir en la red social Google+<\/p>\n<\/td>\n<td width=\"91\">\n<p class=\"western\" align=\"center\">Sesi\u00f3n<\/p>\n<\/td>\n<\/tr>\n<\/tbody>\n<tbody>\n<tr valign=\"top\">\n<td width=\"94\"><\/td>\n<td width=\"120\">\n<p class=\"western\" align=\"center\">APISID<\/p>\n<p class=\"western\" align=\"center\">SAPISID<\/p>\n<\/td>\n<td width=\"243\">\n<p class=\"western\" align=\"justify\">Se utilizan para recordar preferencias del usuario durante su navegaci\u00f3n.<\/p>\n<\/td>\n<td width=\"91\">\n<p class=\"western\" align=\"center\">2 a\u00f1os<\/p>\n<\/td>\n<\/tr>\n<\/tbody>\n<tbody>\n<tr valign=\"top\">\n<td width=\"94\"><\/td>\n<td width=\"120\">\n<p class=\"western\" align=\"center\">SSID<\/p>\n<\/td>\n<td width=\"243\">\n<p class=\"western\" align=\"justify\">Tambi\u00e9n para el recuento, por parte de google, del n\u00famero de usuarios que utilizan los mapas<\/p>\n<\/td>\n<td width=\"91\">\n<p class=\"western\" align=\"center\">2 a\u00f1os<\/p>\n<\/td>\n<\/tr>\n<\/tbody>\n<tbody>\n<tr valign=\"top\">\n<td width=\"94\"><\/td>\n<td width=\"120\">\n<p class=\"western\" align=\"center\">NID<\/p>\n<\/td>\n<td width=\"243\">\n<p class=\"western\" align=\"justify\">Para hacer la publicidad m\u00e1s atractiva<\/p>\n<\/td>\n<td width=\"91\">\n<p class=\"western\" align=\"center\">6 meses<\/p>\n<\/td>\n<\/tr>\n<\/tbody>\n<tbody>\n<tr valign=\"top\">\n<td width=\"94\"><\/td>\n<td width=\"120\">\n<p class=\"western\" align=\"center\">HSID, SID<\/p>\n<\/td>\n<td width=\"243\">\n<p class=\"western\" align=\"justify\">Y para proveer de mecanismos de seguridad que eviten el acceso no autorizado a datos de acceso de usuarios o la informaci\u00f3n que \u00e9stos facilitan en formularios de contacto, p.ej.<\/p>\n<\/td>\n<td width=\"91\">\n<p class=\"western\" align=\"center\">2 a\u00f1os<\/p>\n<\/td>\n<\/tr>\n<\/tbody>\n<tbody>\n<tr valign=\"top\">\n<td width=\"94\"><\/td>\n<td width=\"120\">\n<p class=\"western\" align=\"center\">OTZ<\/p>\n<\/td>\n<td width=\"243\">\n<p class=\"western\" align=\"justify\">M\u00e1s informaci\u00f3n sobre las cookies de Google en\u00a0<a href=\"http:\/\/www.google.com\/intl\/es\/policies\/technologies\/types\" target=\"_blank\" rel=\"noopener\">www.google.com\/intl\/es\/policies\/technologies\/types<\/a>\u00a0(castellano)<\/p>\n<\/td>\n<td width=\"91\">\n<p class=\"western\" align=\"center\">1 mes<\/p>\n<\/td>\n<\/tr>\n<\/tbody>\n<tbody>\n<tr valign=\"top\">\n<td width=\"94\">\n<p class=\"western\" align=\"center\">YouTube<\/p>\n<\/td>\n<td width=\"120\">\n<p class=\"western\" align=\"center\">VISITOR_INFO1_LIVE<\/p>\n<\/td>\n<td width=\"243\">\n<p class=\"western\" align=\"justify\">En ocasiones incrustamos v\u00eddeos de YouTube. El uso de cookies por parte de YouTube se rige por la pol\u00edtica de privacidad de Google:<\/p>\n<p class=\"western\" align=\"justify\"><a href=\"http:\/\/www.google.co.uk\/intl\/es\/policies\/privacy\/\" target=\"_blank\" rel=\"noopener\"><b>www.google.co.uk\/intl\/es\/policies\/privacy<\/b><\/a><\/p>\n<\/td>\n<td width=\"91\">\n<p class=\"western\" align=\"center\">8 meses<\/p>\n<\/td>\n<\/tr>\n<\/tbody>\n<tbody>\n<tr valign=\"top\">\n<td width=\"94\"><\/td>\n<td width=\"120\">\n<p class=\"western\" align=\"center\">GEUP<\/p>\n<\/td>\n<td rowspan=\"4\" width=\"243\">\n<p align=\"justify\">Estas cookies se utilizan para la reproducci\u00f3n de un video de youtube. Se est\u00e1 estableciendo durante la carga de un video de youtube.<\/p>\n<\/td>\n<td width=\"91\">\n<p class=\"western\" align=\"center\">2 a\u00f1os<\/p>\n<\/td>\n<\/tr>\n<tr valign=\"top\">\n<td width=\"94\"><\/td>\n<td width=\"120\">\n<p class=\"western\" align=\"center\">LOGIN_INFO<\/p>\n<\/td>\n<td width=\"91\">\n<p class=\"western\" align=\"center\">sesi\u00f3n<\/p>\n<\/td>\n<\/tr>\n<tr valign=\"top\">\n<td width=\"94\"><\/td>\n<td width=\"120\">\n<p class=\"western\" align=\"center\">YSC<\/p>\n<\/td>\n<td width=\"91\">\n<p class=\"western\" align=\"center\">sesi\u00f3n<\/p>\n<\/td>\n<\/tr>\n<tr valign=\"top\">\n<td width=\"94\"><\/td>\n<td width=\"120\">\n<p class=\"western\" align=\"center\">remote_sid<\/p>\n<\/td>\n<td width=\"91\"><\/td>\n<\/tr>\n<\/tbody>\n<\/table>\n<p>&nbsp;<\/p>\n<p><strong>Garant\u00edas complementarias \u2013 Gesti\u00f3n de cookies:<\/strong><\/p>\n<p>&nbsp;<\/p>\n<p>Como garant\u00eda complementaria a las anteriormente descritas, el registro de las cookies podr\u00e1 estar sujeto a su aceptaci\u00f3n durante la instalaci\u00f3n o puesta al d\u00eda del navegador usado, y esta aceptaci\u00f3n puede en todo momento ser revocada mediante las opciones de configuraci\u00f3n de contenidos y privacidad disponibles.<br \/>\nMuchos navegadores permiten activar un modo privado mediante el cual las cookies se borran siempre despu\u00e9s de su visita. Dependiendo de cada navegador este modo privado, puede tener diferentes nombres. A continuaci\u00f3n encontrar\u00e1 una lista de los navegadores m\u00e1s comunes y los diferentes nombres de este \u201cmodo privado\u201d:<\/p>\n<p>&nbsp;<\/p>\n<p><strong>Internet Explorer 8<\/strong>\u00a0y superior; InPrivate\u00a0<strong>Safari 2<\/strong>\u00a0y superior; Navegaci\u00f3n Privada<br \/>\n<strong>Opera 10.5<\/strong>\u00a0y superior; Navegaci\u00f3n Privada\u00a0<strong>FireFox 3.5<\/strong>\u00a0y superior; Navegaci\u00f3n Privada\u00a0<strong>Google Chrome 10<\/strong>\u00a0y superior; Inc\u00f3gnito<\/p>\n<p>&nbsp;<\/p>\n<p><strong>Importante:<\/strong>\u00a0Por favor, lea atentamente la secci\u00f3n de ayuda de su navegador para conocer m\u00e1s acerca de c\u00f3mo activar el \u201cmodo privado\u201d. Podr\u00e1 seguir visitando nuestra web aunque su navegador est\u00e9 en \u201cmodo privado\u201d,\u00a0<strong>si bien, su navegaci\u00f3n por nuestra web puede no ser \u00f3ptima y algunas utilidades pueden no funcionar correctamente.<\/strong>[\/vc_column_text][vc_empty_space height=\u00bb150px\u00bb][\/vc_column][\/vc_row]<\/p>\n<\/div>","protected":false},"excerpt":{"rendered":"<p>[vc_row css_animation=\u00bb\u00bb row_type=\u00bbrow\u00bb use_row_as_full_screen_section=\u00bbno\u00bb type=\u00bbfull_width\u00bb angled_section=\u00bbno\u00bb text_align=\u00bbleft\u00bb background_image_as_pattern=\u00bbwithout_pattern\u00bb][vc_column][vc_single_image image=\u00bb461&#8243; img_size=\u00bbfull\u00bb alignment=\u00bbcenter\u00bb qode_css_animation=\u00bb\u00bb][\/vc_column][\/vc_row][vc_row css_animation=\u00bb\u00bb row_type=\u00bbrow\u00bb use_row_as_full_screen_section=\u00bbno\u00bb type=\u00bbgrid\u00bb angled_section=\u00bbno\u00bb text_align=\u00bbleft\u00bb background_image_as_pattern=\u00bbwithout_pattern\u00bb z_index=\u00bb\u00bb][vc_column][vc_empty_space][vc_empty_space][vc_column_text]Una \u00abCookie\u00bb es un peque\u00f1o archivo que se almacena en el ordenador del usuario y nos permite reconocerle. El conjunto de \u00abcookies\u00bb nos ayuda a mejorar&#8230;<\/p>\n","protected":false},"author":1,"featured_media":0,"parent":0,"menu_order":0,"comment_status":"closed","ping_status":"closed","template":"full_width.php","meta":{"footnotes":""},"class_list":["post-453","page","type-page","status-publish","hentry"],"_links":{"self":[{"href":"https:\/\/llorensgmr.com\/es\/wp-json\/wp\/v2\/pages\/453","targetHints":{"allow":["GET"]}}],"collection":[{"href":"https:\/\/llorensgmr.com\/es\/wp-json\/wp\/v2\/pages"}],"about":[{"href":"https:\/\/llorensgmr.com\/es\/wp-json\/wp\/v2\/types\/page"}],"author":[{"embeddable":true,"href":"https:\/\/llorensgmr.com\/es\/wp-json\/wp\/v2\/users\/1"}],"replies":[{"embeddable":true,"href":"https:\/\/llorensgmr.com\/es\/wp-json\/wp\/v2\/comments?post=453"}],"version-history":[{"count":1,"href":"https:\/\/llorensgmr.com\/es\/wp-json\/wp\/v2\/pages\/453\/revisions"}],"predecessor-version":[{"id":462,"href":"https:\/\/llorensgmr.com\/es\/wp-json\/wp\/v2\/pages\/453\/revisions\/462"}],"wp:attachment":[{"href":"https:\/\/llorensgmr.com\/es\/wp-json\/wp\/v2\/media?parent=453"}],"curies":[{"name":"wp","href":"https:\/\/api.w.org\/{rel}","templated":true}]}}