{"id":2871,"date":"2025-09-25T13:03:25","date_gmt":"2025-09-25T12:03:25","guid":{"rendered":"https:\/\/llorensgmr.com\/sostenibilitat\/"},"modified":"2025-09-25T13:45:59","modified_gmt":"2025-09-25T12:45:59","slug":"sostenibilidad","status":"publish","type":"page","link":"https:\/\/llorensgmr.com\/es\/sostenibilidad\/","title":{"rendered":"Sostenibilidad"},"content":{"rendered":"<div class=\"wpb-content-wrapper\"><p>[vc_row css_animation=\u00bb\u00bb row_type=\u00bbrow\u00bb use_row_as_full_screen_section=\u00bbno\u00bb type=\u00bbfull_width\u00bb angled_section=\u00bbno\u00bb text_align=\u00bbleft\u00bb background_image_as_pattern=\u00bbwithout_pattern\u00bb][vc_column][vc_empty_space height=\u00bb22px\u00bb][vc_column_text]<\/p>\n<h1 style=\"text-align: center;\">SOSTENIBILIDAD<\/h1>\n<p>[\/vc_column_text][vc_empty_space height=\u00bb30px\u00bb][\/vc_column][\/vc_row][vc_row css_animation=\u00bb\u00bb row_type=\u00bbrow\u00bb use_row_as_full_screen_section=\u00bbno\u00bb type=\u00bbfull_width\u00bb angled_section=\u00bbno\u00bb text_align=\u00bbleft\u00bb background_image_as_pattern=\u00bbwithout_pattern\u00bb][vc_column width=\u00bb1\/2&#8243;][vc_column_text]<\/p>\n<h3>\ud83c\udf0d Adhesi\u00f3n al programa Operation Clean Sweep\u00ae (OCS)<\/h3>\n<p>&nbsp;<\/p>\n<p>Llorens GMR se ha adherido a la iniciativa internacional Operation Clean Sweep\u00ae (OCS), una acci\u00f3n que refleja nuestro compromiso firme con la protecci\u00f3n del medio ambiente y la prevenci\u00f3n de la p\u00e9rdida de granza (micropl\u00e1sticos) en el medio natural.<\/p>\n<p>A trav\u00e9s de esta adhesi\u00f3n, nos comprometemos a aplicar buenas pr\u00e1cticas en la manipulaci\u00f3n de materiales pl\u00e1sticos, mejorando nuestros procesos internos y sensibilizando a nuestro equipo para reducir el impacto ambiental de nuestra actividad.<\/p>\n<p>Esta iniciativa forma parte de nuestra estrategia de responsabilidad ambiental y refuerza nuestra voluntad de contribuir a una industria m\u00e1s limpia, segura y sostenible.[\/vc_column_text][\/vc_column][vc_column width=\u00bb1\/2&#8243;][vc_column_text]<\/p>\n<h3>\u267b\ufe0f Sostenibilidad<\/h3>\n<p>&nbsp;<\/p>\n<p>En Llorens GMR entendemos la sostenibilidad como un pilar fundamental de nuestro modelo de gesti\u00f3n. Trabajamos de forma transversal en tres \u00e1mbitos de actuaci\u00f3n clave:<\/p>\n<p>\u267b\ufe0f Medio Ambiente: implementamos medidas para reducir residuos, mejorar la eficiencia energ\u00e9tica y prevenir la contaminaci\u00f3n. adhesi\u00f3n a programas como OCS.<\/p>\n<p>\ud83d\udc65 Personas: fomentamos un entorno laboral seguro, inclusivo y orientado al desarrollo personal y profesional.<\/p>\n<p>\ud83c\udf10 Sociedad: colaboramos con iniciativas locales y promovemos valores de responsabilidad social corporativa. Con acciones concretas y compromisos reales, avanzamos hacia un futuro m\u00e1s sostenible para todos.[\/vc_column_text][\/vc_column][\/vc_row][vc_row css_animation=\u00bb\u00bb row_type=\u00bbrow\u00bb use_row_as_full_screen_section=\u00bbno\u00bb type=\u00bbfull_width\u00bb angled_section=\u00bbno\u00bb text_align=\u00bbleft\u00bb background_image_as_pattern=\u00bbwithout_pattern\u00bb][vc_column][vc_empty_space height=\u00bb22px\u00bb][vc_single_image image=\u00bb2868&#8243; img_size=\u00bbfull\u00bb alignment=\u00bbcenter\u00bb qode_css_animation=\u00bb\u00bb][vc_empty_space height=\u00bb50px\u00bb][\/vc_column][\/vc_row]<\/p>\n<\/div>","protected":false},"excerpt":{"rendered":"<p>[vc_row css_animation=\u00bb\u00bb row_type=\u00bbrow\u00bb use_row_as_full_screen_section=\u00bbno\u00bb type=\u00bbfull_width\u00bb angled_section=\u00bbno\u00bb text_align=\u00bbleft\u00bb background_image_as_pattern=\u00bbwithout_pattern\u00bb][vc_column][vc_empty_space height=\u00bb22px\u00bb][vc_column_text] SOSTENIBILIDAD [\/vc_column_text][vc_empty_space height=\u00bb30px\u00bb][\/vc_column][\/vc_row][vc_row css_animation=\u00bb\u00bb row_type=\u00bbrow\u00bb use_row_as_full_screen_section=\u00bbno\u00bb type=\u00bbfull_width\u00bb angled_section=\u00bbno\u00bb text_align=\u00bbleft\u00bb background_image_as_pattern=\u00bbwithout_pattern\u00bb][vc_column width=\u00bb1\/2&#8243;][vc_column_text] \ud83c\udf0d Adhesi\u00f3n al programa Operation Clean Sweep\u00ae (OCS) &nbsp; Llorens GMR se ha adherido a la iniciativa internacional Operation Clean Sweep\u00ae (OCS), una acci\u00f3n que&#8230;<\/p>\n","protected":false},"author":1,"featured_media":0,"parent":0,"menu_order":0,"comment_status":"closed","ping_status":"closed","template":"","meta":{"footnotes":""},"class_list":["post-2871","page","type-page","status-publish","hentry"],"_links":{"self":[{"href":"https:\/\/llorensgmr.com\/es\/wp-json\/wp\/v2\/pages\/2871","targetHints":{"allow":["GET"]}}],"collection":[{"href":"https:\/\/llorensgmr.com\/es\/wp-json\/wp\/v2\/pages"}],"about":[{"href":"https:\/\/llorensgmr.com\/es\/wp-json\/wp\/v2\/types\/page"}],"author":[{"embeddable":true,"href":"https:\/\/llorensgmr.com\/es\/wp-json\/wp\/v2\/users\/1"}],"replies":[{"embeddable":true,"href":"https:\/\/llorensgmr.com\/es\/wp-json\/wp\/v2\/comments?post=2871"}],"version-history":[{"count":3,"href":"https:\/\/llorensgmr.com\/es\/wp-json\/wp\/v2\/pages\/2871\/revisions"}],"predecessor-version":[{"id":2874,"href":"https:\/\/llorensgmr.com\/es\/wp-json\/wp\/v2\/pages\/2871\/revisions\/2874"}],"wp:attachment":[{"href":"https:\/\/llorensgmr.com\/es\/wp-json\/wp\/v2\/media?parent=2871"}],"curies":[{"name":"wp","href":"https:\/\/api.w.org\/{rel}","templated":true}]}}