{"id":266,"date":"2020-12-15T11:25:06","date_gmt":"2020-12-15T11:25:06","guid":{"rendered":"https:\/\/llorensgmr.com\/?page_id=266"},"modified":"2021-01-20T10:52:50","modified_gmt":"2021-01-20T10:52:50","slug":"news","status":"publish","type":"page","link":"https:\/\/llorensgmr.com\/es\/news\/","title":{"rendered":"News"},"content":{"rendered":"<div class=\"wpb-content-wrapper\"><p>[vc_row css_animation=\u00bb\u00bb row_type=\u00bbrow\u00bb use_row_as_full_screen_section=\u00bbno\u00bb type=\u00bbgrid\u00bb angled_section=\u00bbno\u00bb text_align=\u00bbcenter\u00bb background_image_as_pattern=\u00bbwithout_pattern\u00bb z_index=\u00bb\u00bb background_image=\u00bb427&#8243;][vc_column][vc_empty_space height=\u00bb50px\u00bb][vc_empty_space height=\u00bb50px\u00bb][vc_column_text]<\/p>\n<h2 style=\"text-align: center; color: white;\">NEWS<\/h2>\n<p>[\/vc_column_text][vc_separator type=\u00bbsmall\u00bb position=\u00bbcenter\u00bb color=\u00bb#ffffff\u00bb][vc_empty_space height=\u00bb50px\u00bb][vc_empty_space height=\u00bb50px\u00bb][\/vc_column][\/vc_row][vc_row css_animation=\u00bb\u00bb row_type=\u00bbrow\u00bb use_row_as_full_screen_section=\u00bbno\u00bb type=\u00bbgrid\u00bb angled_section=\u00bbno\u00bb text_align=\u00bbcenter\u00bb background_image_as_pattern=\u00bbwithout_pattern\u00bb z_index=\u00bb\u00bb][vc_column][vc_empty_space height=\u00bb50px\u00bb]<div class='q_masonry_blog'><div class=\"q_masonry_blog_grid_sizer\"><\/div><div class=\"q_masonry_blog_grid_gutter\"><\/div><article class=\"post-2132 post type-post status-publish format-standard has-post-thumbnail hentry category-sin-categorizar\"><div class=\"q_masonry_blog_post_image\"><a itemprop=\"url\" href=\"https:\/\/llorensgmr.com\/es\/sin-categorizar\/bon-nadal\/\" target=\"_self\"><img decoding=\"async\" itemprop=\"image\" src=\"https:\/\/llorensgmr.com\/wp-content\/uploads\/2021\/12\/linkedin_nadal.jpg\" alt=\"\" \/><\/a><\/div><div class=\"q_masonry_blog_post_text\"><h5 itemprop=\"name\" class=\"q_masonry_blog_title entry_title\"><a itemprop=\"url\" href=\"https:\/\/llorensgmr.com\/es\/sin-categorizar\/bon-nadal\/\">Bon Nadal \/ Feliz Navidad \/ Merry Christmas<\/a><\/h5><p itemprop=\"description\" class=\"q_masonry_blog_excerpt\">Tot l\u2019equip de Llorens|gmr us desitja Bones i Sostenibles Festes. Todo el equipo de Llorens|gmr\u00a0os desea Buenas y Sostenibles Fiestas. The whole Llorens|gmr team wishes you Merry and Sustainable Christmas. &nbsp;...<\/p><div class=\"q_masonry_blog_post_info\"><span itemprop=\"dateCreated\" class=\"time entry_date updated\">22 diciembre, 2021<meta itemprop=\"interactionCount\" content=\"UserComments:0\"\/><\/span> \/ <a itemprop=\"url\" class=\"post_comments\" href=\"https:\/\/llorensgmr.com\/es\/sin-categorizar\/bon-nadal\/#respond\">No comment<\/a><\/div><\/div><\/article><article class=\"post-1996 post type-post status-publish format-standard has-post-thumbnail hentry category-sin-categorizar\"><div class=\"q_masonry_blog_post_image\"><a itemprop=\"url\" href=\"https:\/\/llorensgmr.com\/es\/sin-categorizar\/colaboracion-con-el-hospital-de-granollers\/\" target=\"_self\"><img decoding=\"async\" itemprop=\"image\" src=\"https:\/\/llorensgmr.com\/wp-content\/uploads\/2021\/06\/GO.jpg\" alt=\"\" \/><\/a><\/div><div class=\"q_masonry_blog_post_text\"><h5 itemprop=\"name\" class=\"q_masonry_blog_title entry_title\"><a itemprop=\"url\" href=\"https:\/\/llorensgmr.com\/es\/sin-categorizar\/colaboracion-con-el-hospital-de-granollers\/\">Colaboraci\u00f3n con el Hospital de Granollers<\/a><\/h5><p itemprop=\"description\" class=\"q_masonry_blog_excerpt\">Llorens|gmr un a\u00f1o m\u00e1s colabora con la Fundaci\u00f3n privada del Hospital de Granollers para hacer realidad el proyecto solidario\u00a0Tablets per el Hospital de d\u00eda Oncohematol\u00f3gico. La Fundaci\u00f3n Privada Hospital Asilo de Granollers es un centro de atenci\u00f3n sanitaria, sociosanitaria y social, integrado al sistema sanitario......<\/p><div class=\"q_masonry_blog_post_info\"><span itemprop=\"dateCreated\" class=\"time entry_date updated\">06 junio, 2021<meta itemprop=\"interactionCount\" content=\"UserComments:0\"\/><\/span> \/ <a itemprop=\"url\" class=\"post_comments\" href=\"https:\/\/llorensgmr.com\/es\/sin-categorizar\/colaboracion-con-el-hospital-de-granollers\/#respond\">No comment<\/a><\/div><\/div><\/article><article class=\"post-2248 post type-post status-publish format-standard has-post-thumbnail hentry category-sin-categorizar\"><div class=\"q_masonry_blog_post_image\"><a itemprop=\"url\" href=\"https:\/\/llorensgmr.com\/es\/sin-categorizar\/energia-100-renovable\/\" target=\"_self\"><img decoding=\"async\" itemprop=\"image\" src=\"https:\/\/llorensgmr.com\/wp-content\/uploads\/2023\/01\/energia.jpg\" alt=\"\" \/><\/a><\/div><div class=\"q_masonry_blog_post_text\"><h5 itemprop=\"name\" class=\"q_masonry_blog_title entry_title\"><a itemprop=\"url\" href=\"https:\/\/llorensgmr.com\/es\/sin-categorizar\/energia-100-renovable\/\">CONSUMIMOS ENERG\u00cdA 100% RENOVABLE<\/a><\/h5><p itemprop=\"description\" class=\"q_masonry_blog_excerpt\">Nuestro compromiso con la sostenibilidad nos ha llevado a garantizar que el 100% de la energ\u00eda que consumimos a todas nuestras instalaciones sea de origen renovable. As\u00ed lo ha certificado\u00a0la Comisi\u00f3n Nacional de los\u00a0Mercados y la Competencia. La energ\u00eda renovable es la alternativa m\u00e1s limpia......<\/p><div class=\"q_masonry_blog_post_info\"><span itemprop=\"dateCreated\" class=\"time entry_date updated\">08 enero, 2023<meta itemprop=\"interactionCount\" content=\"UserComments:0\"\/><\/span> \/ <a itemprop=\"url\" class=\"post_comments\" href=\"https:\/\/llorensgmr.com\/es\/sin-categorizar\/energia-100-renovable\/#respond\">No comment<\/a><\/div><\/div><\/article><article class=\"post-2550 post type-post status-publish format-standard has-post-thumbnail hentry category-sin-categorizar\"><div class=\"q_masonry_blog_post_image\"><a itemprop=\"url\" href=\"https:\/\/llorensgmr.com\/es\/sin-categorizar\/ecoembes-llorensgmr\/\" target=\"_self\"><img decoding=\"async\" itemprop=\"image\" src=\"https:\/\/llorensgmr.com\/wp-content\/uploads\/2024\/01\/ecoembes.jpg\" alt=\"\" \/><\/a><\/div><div class=\"q_masonry_blog_post_text\"><h5 itemprop=\"name\" class=\"q_masonry_blog_title entry_title\"><a itemprop=\"url\" href=\"https:\/\/llorensgmr.com\/es\/sin-categorizar\/ecoembes-llorensgmr\/\">ECOEMBES &#038; LLORENSGMR<\/a><\/h5><p itemprop=\"description\" class=\"q_masonry_blog_excerpt\">Estamos muy orgullosos de comunicaros que varias plantas de Llorens|gmr han recibido la homologaci\u00f3n como empresa recuperadora y recicladora de ecoembes que lo acredita para tratar los residuos generados en plantas de transferencia gestionadas por esta entidad. A trav\u00e9s de la homologaci\u00f3n, Ecoembes garantiza que......<\/p><div class=\"q_masonry_blog_post_info\"><span itemprop=\"dateCreated\" class=\"time entry_date updated\">29 enero, 2024<meta itemprop=\"interactionCount\" content=\"UserComments:0\"\/><\/span> \/ <a itemprop=\"url\" class=\"post_comments\" href=\"https:\/\/llorensgmr.com\/es\/sin-categorizar\/ecoembes-llorensgmr\/#respond\">No comment<\/a><\/div><\/div><\/article><article class=\"post-1973 post type-post status-publish format-standard has-post-thumbnail hentry category-sin-categorizar\"><div class=\"q_masonry_blog_post_image\"><a itemprop=\"url\" href=\"https:\/\/llorensgmr.com\/es\/sin-categorizar\/el-conseller-damia-calvet-visita-llorens-gmr\/\" target=\"_self\"><img decoding=\"async\" itemprop=\"image\" src=\"https:\/\/llorensgmr.com\/wp-content\/uploads\/2021\/04\/image0.jpg\" alt=\"\" \/><\/a><\/div><div class=\"q_masonry_blog_post_text\"><h5 itemprop=\"name\" class=\"q_masonry_blog_title entry_title\"><a itemprop=\"url\" href=\"https:\/\/llorensgmr.com\/es\/sin-categorizar\/el-conseller-damia-calvet-visita-llorens-gmr\/\">EL CONSELLER DAMI\u00c0 CALVET VISITA LLORENS GMR<\/a><\/h5><p itemprop=\"description\" class=\"q_masonry_blog_excerpt\">El Conseller Dami\u00e0 Calvet visita las instalaciones de Llorensgmr dentro de los actos de la #agendaverda. Todo el equipo de la Generalitat fueron participes de todos los procesos que se realizan en la planta para la separaci\u00f3n, clasificaci\u00f3n y reciclado de todos los materiales de......<\/p><div class=\"q_masonry_blog_post_info\"><span itemprop=\"dateCreated\" class=\"time entry_date updated\">23 abril, 2021<meta itemprop=\"interactionCount\" content=\"UserComments:0\"\/><\/span> \/ <a itemprop=\"url\" class=\"post_comments\" href=\"https:\/\/llorensgmr.com\/es\/sin-categorizar\/el-conseller-damia-calvet-visita-llorens-gmr\/#respond\">No comment<\/a><\/div><\/div><\/article><article class=\"post-2020 post type-post status-publish format-standard has-post-thumbnail hentry category-sin-categorizar\"><div class=\"q_masonry_blog_post_image\"><a itemprop=\"url\" href=\"https:\/\/llorensgmr.com\/es\/sin-categorizar\/presentamos-greenplast\/\" target=\"_self\"><img decoding=\"async\" itemprop=\"image\" src=\"https:\/\/llorensgmr.com\/wp-content\/uploads\/2021\/07\/logo_greenplast.jpg\" alt=\"\" \/><\/a><\/div><div class=\"q_masonry_blog_post_text\"><h5 itemprop=\"name\" class=\"q_masonry_blog_title entry_title\"><a itemprop=\"url\" href=\"https:\/\/llorensgmr.com\/es\/sin-categorizar\/presentamos-greenplast\/\">GreenPlast, la comercializadora circular de Llorens|gmr<\/a><\/h5><p itemprop=\"description\" class=\"q_masonry_blog_excerpt\">Os presentamos nuestra nueva marca GreenPlast para la comercializaci\u00f3n de productos circulares fabricados a partir del residuo de LD PE de nuestros clientes. Podeis encontrar film retr\u00e1ctil y varios formatos de bolsas. Los beneficios de esta iniciativa son: Reducci\u00f3n\u00a0 uso recursos naturales y mejora del......<\/p><div class=\"q_masonry_blog_post_info\"><span itemprop=\"dateCreated\" class=\"time entry_date updated\">16 julio, 2021<meta itemprop=\"interactionCount\" content=\"UserComments:0\"\/><\/span> \/ <a itemprop=\"url\" class=\"post_comments\" href=\"https:\/\/llorensgmr.com\/es\/sin-categorizar\/presentamos-greenplast\/#respond\">No comment<\/a><\/div><\/div><\/article><article class=\"post-2591 post type-post status-publish format-standard has-post-thumbnail hentry category-sin-categorizar\"><div class=\"q_masonry_blog_post_image\"><a itemprop=\"url\" href=\"https:\/\/llorensgmr.com\/es\/sin-categorizar\/lalcaldessa-de-granollers-visita-llorensgmr\/\" target=\"_self\"><img decoding=\"async\" itemprop=\"image\" src=\"https:\/\/llorensgmr.com\/wp-content\/uploads\/2024\/02\/portada.jpg\" alt=\"\" \/><\/a><\/div><div class=\"q_masonry_blog_post_text\"><h5 itemprop=\"name\" class=\"q_masonry_blog_title entry_title\"><a itemprop=\"url\" href=\"https:\/\/llorensgmr.com\/es\/sin-categorizar\/lalcaldessa-de-granollers-visita-llorensgmr\/\">LA ALCALDESA DE GRANOLLERS VISITA LLORENS|GMR<\/a><\/h5><p itemprop=\"description\" class=\"q_masonry_blog_excerpt\">Agradecemos la visita a nuestras instalaciones de la Alcaldesa de Granollers, Alba Barnusell y los consejeros Josep Maria Segovia y Gemma Gim\u00e9nez, donde pudieron ver de primera mano todos los procesos necesarios para el correcto reciclaje de materiales procedentes de productos post-consumo . Una visita......<\/p><div class=\"q_masonry_blog_post_info\"><span itemprop=\"dateCreated\" class=\"time entry_date updated\">05 febrero, 2024<meta itemprop=\"interactionCount\" content=\"UserComments:0\"\/><\/span> \/ <a itemprop=\"url\" class=\"post_comments\" href=\"https:\/\/llorensgmr.com\/es\/sin-categorizar\/lalcaldessa-de-granollers-visita-llorensgmr\/#respond\">No comment<\/a><\/div><\/div><\/article><article class=\"post-1910 post type-post status-publish format-standard has-post-thumbnail hentry category-economia-circular category-reciclaje\"><div class=\"q_masonry_blog_post_image\"><a itemprop=\"url\" href=\"https:\/\/llorensgmr.com\/es\/reciclaje\/la-planta-reciclaje-de-plastico-film\/\" target=\"_self\"><img decoding=\"async\" itemprop=\"image\" src=\"https:\/\/llorensgmr.com\/wp-content\/uploads\/2021\/03\/facana2-scaled.jpg\" alt=\"\" \/><\/a><\/div><div class=\"q_masonry_blog_post_text\"><h5 itemprop=\"name\" class=\"q_masonry_blog_title entry_title\"><a itemprop=\"url\" href=\"https:\/\/llorensgmr.com\/es\/reciclaje\/la-planta-reciclaje-de-plastico-film\/\">La planta reciclaje de pl\u00e1stico film estrena nueva fachada<\/a><\/h5><p itemprop=\"description\" class=\"q_masonry_blog_excerpt\">Han finalizado las obras de mejora de la fachada de la planta de reciclaje de pl\u00e1stico film ubicada en Lli\u00e7\u00e0 de Vall. Llorens gmr ha optado por un revestimiento con losetas en tonos verdes, que da al conjunto un aire moderno y favorece la integraci\u00f3n......<\/p><div class=\"q_masonry_blog_post_info\"><span itemprop=\"dateCreated\" class=\"time entry_date updated\">12 marzo, 2021<meta itemprop=\"interactionCount\" content=\"UserComments:0\"\/><\/span> \/ <a itemprop=\"url\" class=\"post_comments\" href=\"https:\/\/llorensgmr.com\/es\/reciclaje\/la-planta-reciclaje-de-plastico-film\/#respond\">No comment<\/a><\/div><\/div><\/article><article class=\"post-1948 post type-post status-publish format-standard has-post-thumbnail hentry category-sin-categorizar\"><div class=\"q_masonry_blog_post_image\"><a itemprop=\"url\" href=\"https:\/\/llorensgmr.com\/es\/sin-categorizar\/la-vanguardia-entrevista\/\" target=\"_self\"><img decoding=\"async\" itemprop=\"image\" src=\"https:\/\/llorensgmr.com\/wp-content\/uploads\/2021\/04\/bbva.jpg\" alt=\"\" \/><\/a><\/div><div class=\"q_masonry_blog_post_text\"><h5 itemprop=\"name\" class=\"q_masonry_blog_title entry_title\"><a itemprop=\"url\" href=\"https:\/\/llorensgmr.com\/es\/sin-categorizar\/la-vanguardia-entrevista\/\">La Vanguardia, Entrevista a Sebasti\u00e0 Llorens, gerente de Llorens|gmr<\/a><\/h5><p itemprop=\"description\" class=\"q_masonry_blog_excerpt\">Compartimos la entrevista que nos realiz\u00f3 La Vanguardia \/ Econom\u00eda. \u00abQueremos dar una segunda vida a todos los materiales\u00bb Su abuelo era trapero y ustedes gestionan 15.000 toneladas de residuos al mes. Un salto importante. S\u00ed, y hay momentos en que nos da un poco......<\/p><div class=\"q_masonry_blog_post_info\"><span itemprop=\"dateCreated\" class=\"time entry_date updated\">13 abril, 2021<meta itemprop=\"interactionCount\" content=\"UserComments:0\"\/><\/span> \/ <a itemprop=\"url\" class=\"post_comments\" href=\"https:\/\/llorensgmr.com\/es\/sin-categorizar\/la-vanguardia-entrevista\/#respond\">No comment<\/a><\/div><\/div><\/article><article class=\"post-2709 post type-post status-publish format-standard has-post-thumbnail hentry category-sin-categorizar\"><div class=\"q_masonry_blog_post_image\"><a itemprop=\"url\" href=\"https:\/\/llorensgmr.com\/es\/sin-categorizar\/llorensgmr-a-elperiodico\/\" target=\"_self\"><img decoding=\"async\" itemprop=\"image\" src=\"https:\/\/llorensgmr.com\/wp-content\/uploads\/2024\/12\/insta1.jpg\" alt=\"\" \/><\/a><\/div><div class=\"q_masonry_blog_post_text\"><h5 itemprop=\"name\" class=\"q_masonry_blog_title entry_title\"><a itemprop=\"url\" href=\"https:\/\/llorensgmr.com\/es\/sin-categorizar\/llorensgmr-a-elperiodico\/\">Llorens|gmr a elPeriodico<\/a><\/h5><p itemprop=\"description\" class=\"q_masonry_blog_excerpt\">Molt agra\u00efts per l&#8217;article que ens ha dedicat El Periodico aquest diumenge, on hem pogut parlar de l&#8217;economia circular i com una gesti\u00f3 de residu sostenible i eficient t\u00e9 un impacte directe en el medi ambient. Poder veure l&#8217;article complet a: https:\/\/www.elperiodico.com\/es\/economia\/20241201\/llorensgmr-negocio-familiar-gestionar-residuos-puig-ferrer-procter-gambel-112131016 &nbsp;...<\/p><div class=\"q_masonry_blog_post_info\"><span itemprop=\"dateCreated\" class=\"time entry_date updated\">02 diciembre, 2024<meta itemprop=\"interactionCount\" content=\"UserComments:0\"\/><\/span> \/ <a itemprop=\"url\" class=\"post_comments\" href=\"https:\/\/llorensgmr.com\/es\/sin-categorizar\/llorensgmr-a-elperiodico\/#respond\">No comment<\/a><\/div><\/div><\/article><\/div>[\/vc_column][\/vc_row]<\/p>\n<\/div>","protected":false},"excerpt":{"rendered":"<p>[vc_row css_animation=\u00bb\u00bb row_type=\u00bbrow\u00bb use_row_as_full_screen_section=\u00bbno\u00bb type=\u00bbgrid\u00bb angled_section=\u00bbno\u00bb text_align=\u00bbcenter\u00bb background_image_as_pattern=\u00bbwithout_pattern\u00bb z_index=\u00bb\u00bb background_image=\u00bb427&#8243;][vc_column][vc_empty_space height=\u00bb50px\u00bb][vc_empty_space height=\u00bb50px\u00bb][vc_column_text] NEWS [\/vc_column_text][vc_separator type=\u00bbsmall\u00bb position=\u00bbcenter\u00bb color=\u00bb#ffffff\u00bb][vc_empty_space height=\u00bb50px\u00bb][vc_empty_space height=\u00bb50px\u00bb][\/vc_column][\/vc_row][vc_row css_animation=\u00bb\u00bb row_type=\u00bbrow\u00bb use_row_as_full_screen_section=\u00bbno\u00bb type=\u00bbgrid\u00bb angled_section=\u00bbno\u00bb text_align=\u00bbcenter\u00bb background_image_as_pattern=\u00bbwithout_pattern\u00bb z_index=\u00bb\u00bb][vc_column][vc_empty_space height=\u00bb50px\u00bb][\/vc_column][\/vc_row]<\/p>\n","protected":false},"author":1,"featured_media":0,"parent":0,"menu_order":0,"comment_status":"closed","ping_status":"closed","template":"full_width.php","meta":{"footnotes":""},"class_list":["post-266","page","type-page","status-publish","hentry"],"_links":{"self":[{"href":"https:\/\/llorensgmr.com\/es\/wp-json\/wp\/v2\/pages\/266","targetHints":{"allow":["GET"]}}],"collection":[{"href":"https:\/\/llorensgmr.com\/es\/wp-json\/wp\/v2\/pages"}],"about":[{"href":"https:\/\/llorensgmr.com\/es\/wp-json\/wp\/v2\/types\/page"}],"author":[{"embeddable":true,"href":"https:\/\/llorensgmr.com\/es\/wp-json\/wp\/v2\/users\/1"}],"replies":[{"embeddable":true,"href":"https:\/\/llorensgmr.com\/es\/wp-json\/wp\/v2\/comments?post=266"}],"version-history":[{"count":4,"href":"https:\/\/llorensgmr.com\/es\/wp-json\/wp\/v2\/pages\/266\/revisions"}],"predecessor-version":[{"id":506,"href":"https:\/\/llorensgmr.com\/es\/wp-json\/wp\/v2\/pages\/266\/revisions\/506"}],"wp:attachment":[{"href":"https:\/\/llorensgmr.com\/es\/wp-json\/wp\/v2\/media?parent=266"}],"curies":[{"name":"wp","href":"https:\/\/api.w.org\/{rel}","templated":true}]}}