{"id":2153,"date":"2022-03-02T09:13:39","date_gmt":"2022-03-02T08:13:39","guid":{"rendered":"https:\/\/llorensgmr.com\/?page_id=2153"},"modified":"2022-03-02T09:58:25","modified_gmt":"2022-03-02T08:58:25","slug":"politica-de-redes-sociales","status":"publish","type":"page","link":"https:\/\/llorensgmr.com\/es\/politica-de-redes-sociales\/","title":{"rendered":"Pol\u00edtica de Redes Sociales"},"content":{"rendered":"<div class=\"wpb-content-wrapper\"><p>[vc_row css_animation=\u00bb\u00bb row_type=\u00bbrow\u00bb use_row_as_full_screen_section=\u00bbno\u00bb type=\u00bbfull_width\u00bb angled_section=\u00bbno\u00bb text_align=\u00bbleft\u00bb background_image_as_pattern=\u00bbwithout_pattern\u00bb][vc_column][vc_single_image image=\u00bb457&#8243; img_size=\u00bbfull\u00bb alignment=\u00bbcenter\u00bb qode_css_animation=\u00bb\u00bb][\/vc_column][\/vc_row][vc_row css_animation=\u00bb\u00bb row_type=\u00bbrow\u00bb use_row_as_full_screen_section=\u00bbno\u00bb type=\u00bbgrid\u00bb angled_section=\u00bbno\u00bb text_align=\u00bbleft\u00bb background_image_as_pattern=\u00bbwithout_pattern\u00bb z_index=\u00bb\u00bb][vc_column][vc_empty_space][vc_empty_space][vc_column_text]<\/p>\n<h2 style=\"text-align: center;\">Pol\u00edtica de Redes Sociales<\/h2>\n<p>[\/vc_column_text][vc_empty_space][vc_column_text]<\/p>\n<h3><strong>1. Informaci\u00f3n sobre el responsable del tratamiento de los datos alojados en la p\u00e1gina oficial de SEBASTI\u00c0 LLORENS,<\/strong><strong>\u00a0<\/strong><strong>SL,<\/strong><strong>\u00a0<\/strong><strong>en<\/strong><strong>\u00a0<\/strong><strong>la<\/strong><strong>\u00a0<\/strong><strong>red<\/strong><strong>\u00a0<\/strong><strong>social<\/strong><\/h3>\n<p>&nbsp;<\/p>\n<p>De conformidad al deber de informaci\u00f3n establecido en el Reglamento (UE) 2016\/679 de 27 de abril (GDPR) y la Ley\u00a0Org\u00e1nica 3\/2018, de 5 de diciembre (LOPDGDD) <strong>SEBASTI\u00c0 LLORENS, SL, <\/strong>en adelante el Responsable desea poner en\u00a0conocimiento de los usuarios de esta red social la pol\u00edtica respecto del tratamiento y protecci\u00f3n de los datos de\u00a0car\u00e1cter\u00a0personal\u00a0de\u00a0aquellas\u00a0personas\u00a0que\u00a0voluntariamente\u00a0acceden\u00a0y\u00a0utilizan\u00a0la\u00a0p\u00e1gina\u00a0oficial\u00a0del\u00a0<strong>RESPONSABLE,<\/strong><strong>\u00a0<\/strong>en\u00a0la\u00a0misma. El acceso y uso por el usuario de esta p\u00e1gina oficial del <strong>RESPONSABLE, <\/strong>supone que acepta expresamente esta\u00a0pol\u00edtica de privacidad y que presta su consentimiento para el tratamiento de sus datos personales seg\u00fan lo previsto en\u00a0la\u00a0misma.[\/vc_column_text][vc_empty_space][vc_empty_space][vc_column_text]<\/p>\n<h3><strong>2. Datos<\/strong><strong>\u00a0<\/strong><strong>de<\/strong><strong>\u00a0<\/strong><strong>menores<\/strong><strong>\u00a0<\/strong><strong>de<\/strong><strong>\u00a0<\/strong><strong>edad<\/strong><strong>\u00a0<\/strong><strong>o<\/strong><strong>\u00a0<\/strong><strong>incapaces<\/strong><\/h3>\n<p>&nbsp;<\/p>\n<p>El acceso y registro en esta red social est\u00e1 prohibido a los menores de catorce (14) a\u00f1os, de forma que igualmente queda prohibido el acceso y uso de los menores de catorce (14 a\u00f1os) a la p\u00e1gina oficial del <strong>RESPONSABLE,<\/strong><strong>\u00a0<\/strong>en\u00a0la\u00a0misma.\u00a0Por su parte, si el usuario es incapaz, el <strong>RESPONSABLE, <\/strong>advierte que ser\u00e1 necesaria la asistencia consentida del titular\u00a0de la patria potestad o tutela del usuario o su representante legal para el acceso y uso de esta p\u00e1gina oficial del\u00a0<strong>RESPONSABLE,<\/strong>. este quedar\u00e1 expresamente exonerada de cualquier responsabilidad que pudiera derivarse del uso de\u00a0su\u00a0p\u00e1gina\u00a0oficial\u00a0por\u00a0menores\u00a0e\u00a0incapaces\u00a0siendo\u00a0dicha\u00a0responsabilidad\u00a0de\u00a0sus\u00a0representantes\u00a0legales\u00a0en\u00a0cada\u00a0caso.[\/vc_column_text][vc_empty_space][vc_column_text]<\/p>\n<h3><strong>3. Identificaci\u00f3n<\/strong><strong>\u00a0<\/strong><strong>de<\/strong><strong>\u00a0<\/strong><strong>la<\/strong><strong>\u00a0<\/strong><strong>raz\u00f3n<\/strong><strong>\u00a0<\/strong><strong>social<\/strong><strong>\u00a0<\/strong><strong>del<\/strong><strong>\u00a0<\/strong><strong>responsable<\/strong><strong>\u00a0<\/strong><strong>del<\/strong><strong>\u00a0<\/strong><strong>fichero<\/strong><\/h3>\n<p>&nbsp;<\/p>\n<p>El usuario queda informado de que el <strong>RESPONSABLE, <\/strong>con domicilio social en\u00a0<strong>C\/ Lluis Companys, 55-57 &#8211; 08400<\/strong><strong>\u00a0<\/strong><strong>Granollers (Barcelona)<\/strong>, ostenta la condici\u00f3n de responsable de los ficheros y tratamientos a trav\u00e9s de los que se recogen y almacenan los datos personales del usuario como consecuencia del registro y uso de la p\u00e1gina oficial del <strong>RESPONSABLE,<\/strong><strong>\u00a0<\/strong>en\u00a0esta\u00a0red\u00a0social,\u00a0sin\u00a0perjuicio\u00a0de\u00a0los\u00a0tratamientos\u00a0de\u00a0los\u00a0que\u00a0es\u00a0responsable\u00a0la\u00a0entidad\u00a0titular\u00a0de\u00a0la\u00a0red\u00a0social\u00a0en\u00a0la\u00a0que\u00a0se\u00a0encuentra\u00a0nuestra\u00a0p\u00e1gina\u00a0oficial.[\/vc_column_text][vc_empty_space][vc_column_text]<\/p>\n<h3><strong>4. Finalidades<\/strong><strong>\u00a0<\/strong><strong>a<\/strong><strong>\u00a0<\/strong><strong>que<\/strong><strong>\u00a0<\/strong><strong>se<\/strong><strong>\u00a0<\/strong><strong>destinan<\/strong><strong>\u00a0<\/strong><strong>los<\/strong><strong>\u00a0<\/strong><strong>datos<\/strong><strong>\u00a0<\/strong><strong>de<\/strong><strong>\u00a0<\/strong><strong>car\u00e1cter<\/strong><strong>\u00a0<\/strong><strong>personal,<\/strong><strong>\u00a0<\/strong><strong>informaci\u00f3n<\/strong><strong>\u00a0<\/strong><strong>y<\/strong><strong>\u00a0<\/strong><strong>consentimiento<\/strong><\/h3>\n<p>&nbsp;<\/p>\n<p>Los datos personales proporcionados voluntariamente por el usuario al <strong>RESPONSABLE, <\/strong>a trav\u00e9s de su p\u00e1gina oficial formar\u00e1n parte de un tratamiento de datos responsabilidad del <strong>RESPONSABLE, <\/strong>con\u00a0la\u00a0finalidad\u00a0de\u00a0ofrecerle\u00a0informaci\u00f3n del <strong>RESPONSABLE, <\/strong>por e-mail, fax, SMS, comunidades sociales o cualesquier otro medio electr\u00f3nico o\u00a0f\u00edsico, presente o futuro, que posibilite realizar comunicaci\u00f3n comerciales, env\u00edo de newsletter a aquellos usuarios que\u00a0se\u00a0suscriban,\u00a0intercambiar\u00a0informaci\u00f3n\u00a0con\u00a0el\u00a0<strong>RESPONSABLE,<\/strong><strong>\u00a0<\/strong>y\u00a0otros\u00a0usuarios\u00a0y\u00a0establecer\u00a0comunicaci\u00f3n\u00a0con\u00a0terceros.<\/p>\n<p>&nbsp;<\/p>\n<p>El\u00a0usuario\u00a0es\u00a0libre\u00a0de\u00a0utilizar\u00a0la\u00a0p\u00e1gina\u00a0oficial\u00a0del\u00a0<strong>RESPONSABLE,<\/strong><strong>\u00a0<\/strong>en\u00a0esta\u00a0red\u00a0social,\u00a0por\u00a0lo\u00a0que\u00a0en\u00a0caso\u00a0en\u00a0que\u00a0el\u00a0usuario\u00a0no est\u00e9 de acuerdo con el tratamiento de sus datos con dichos fines, no deber\u00e1 utilizarla ni proporcionar sus datos\u00a0personales.<\/p>\n<p>&nbsp;<\/p>\n<p>A trav\u00e9s de esta p\u00e1gina oficial del <strong>RESPONSABLE, <\/strong>el usuario puede compartir textos, fotos, v\u00eddeos y otro tipo de\u00a0informaci\u00f3n y\/o contenidos que estar\u00e1n sujetos tanto a la presente pol\u00edtica como a las Normas y Condiciones de la\u00a0Plataforma. El usuario ser\u00e1 responsable de que todos los contenidos que publique respeten la legislaci\u00f3n vigente, la\u00a0presente\u00a0pol\u00edtica\u00a0y\u00a0las\u00a0Normas\u00a0de\u00a0la\u00a0Plataforma.<\/p>\n<p>&nbsp;<\/p>\n<p>El\u00a0usuario\u00a0\u00fanicamente\u00a0podr\u00e1\u00a0publicar\u00a0en\u00a0esta\u00a0p\u00e1gina\u00a0oficial\u00a0del\u00a0<strong>RESPONSABLE, <\/strong>datos personales, fotograf\u00edas e informaciones u otros contenidos cuya titularidad y propiedad le pertenezcan o respecto de las cuales ostente la autorizaci\u00f3n\u00a0de\u00a0terceros.<\/p>\n<p>&nbsp;<\/p>\n<p>El\u00a0<strong>RESPONSABLE, <\/strong>tendr\u00e1\u00a0derecho\u00a0a\u00a0eliminar\u00a0de\u00a0la\u00a0presente\u00a0p\u00e1gina\u00a0oficial\u00a0\u2013de\u00a0forma\u00a0unilateral\u00a0y\u00a0sin\u00a0previa\u00a0comunicaci\u00f3n ni autorizaci\u00f3n del usuario- cualesquiera contenidos publicados por el usuario cuando el usuario infrinja\u00a0o\u00a0vulnere\u00a0la\u00a0legislaci\u00f3n\u00a0vigente,\u00a0las\u00a0normas\u00a0establecidas\u00a0en\u00a0la\u00a0presente\u00a0pol\u00edtica\u00a0y\u00a0las\u00a0Normas\u00a0de\u00a0la\u00a0Plataforma.[\/vc_column_text][vc_empty_space][vc_column_text]<\/p>\n<h3><strong>5. Identificaci\u00f3n<\/strong><strong>\u00a0<\/strong><strong>de<\/strong><strong>\u00a0<\/strong><strong>los<\/strong><strong>\u00a0<\/strong><strong>destinatarios<\/strong><strong>\u00a0<\/strong><strong>respecto<\/strong><strong>\u00a0<\/strong><strong>de<\/strong><strong>\u00a0<\/strong><strong>los<\/strong><strong>\u00a0<\/strong><strong>que<\/strong><strong>\u00a0<\/strong><strong>el<\/strong><strong>\u00a0<\/strong><strong>RESPONSABLE,<\/strong><strong>\u00a0<\/strong><strong>tenga<\/strong><strong>\u00a0<\/strong><strong>previsto<\/strong><strong>\u00a0<\/strong><strong>la<\/strong><strong>\u00a0<\/strong><strong>realizaci\u00f3n<\/strong><strong>\u00a0<\/strong><strong>de<\/strong><strong>\u00a0<\/strong><strong>cesiones<\/strong><strong>\u00a0<\/strong><strong>o<\/strong><strong>\u00a0<\/strong><strong>comunicaciones<\/strong><strong>\u00a0<\/strong><strong>de<\/strong><strong>\u00a0<\/strong><strong>datos<\/strong><\/h3>\n<p>&nbsp;<\/p>\n<p>Se advierte al usuario que toda la informaci\u00f3n y contenidos que publique en la p\u00e1gina oficial del <strong>RESPONSABLE, <\/strong>en la\u00a0red social podr\u00e1 ser conocida por los restantes usuarios de la p\u00e1gina oficial y de la plataforma de red social. En\u00a0consecuencia,\u00a0toda\u00a0la\u00a0informaci\u00f3n\u00a0y\u00a0contenidos\u00a0publicados\u00a0por\u00a0el\u00a0usuario\u00a0en\u00a0la\u00a0p\u00e1gina\u00a0oficial\u00a0del\u00a0<strong>RESPONSABLE,<\/strong><strong>\u00a0<\/strong>en\u00a0esta\u00a0red\u00a0social\u00a0ser\u00e1\u00a0objeto\u00a0de\u00a0comunicaci\u00f3n\u00a0de\u00a0al\u00a0resto\u00a0de\u00a0los\u00a0usuarios\u00a0por\u00a0la\u00a0propia\u00a0naturaleza\u00a0del\u00a0servicio.<\/p>\n<p>&nbsp;<\/p>\n<p>El <strong>RESPONSABLE <\/strong>\u00fanicamente tiene prevista la realizaci\u00f3n de cesiones o comunicaciones de datos que en raz\u00f3n de la\u00a0normativa vigente deba realizar a jueces, tribunales, administraciones p\u00fablicas y autoridades competentes de car\u00e1cter\u00a0administrativo.[\/vc_column_text][vc_empty_space][vc_column_text]<\/p>\n<h3><strong>6. Otros<\/strong><strong>\u00a0<\/strong><strong>terceros<\/strong><strong>\u00a0<\/strong><strong>prestadores<\/strong><strong>\u00a0<\/strong><strong>de<\/strong><strong>\u00a0<\/strong><strong>servicios<\/strong><\/h3>\n<p>&nbsp;<\/p>\n<p>El\u00a0<strong>RESPONSABLE,<\/strong><strong>\u00a0<\/strong>advierte al usuario de que esta entidad s\u00f3lo es responsable y garantiza la confidencialidad, seguridad y tratamiento de los datos conforme a la presente pol\u00edtica, respecto de los datos de car\u00e1cter personal que recoja del usuario a trav\u00e9s de la presente p\u00e1gina oficial en esta red social, no teniendo ning\u00fan tipo de responsabilidad respecto de los tratamientos y posteriores utilizaciones de los datos personales que pudieran efectuarse tanto por el titular de la red social como por terceros prestadores de servicios de la sociedad de la informaci\u00f3n que pudiesen acceder a tales datos en raz\u00f3n de la prestaci\u00f3n de sus servicios o ejercicio de su actividad, terceros que establezcan hiperenlaces a la red social, ni de aquellos responsables a quienes a trav\u00e9s de hiperenlaces el <strong>RESPONSABLE, <\/strong>remite a los usuarios\u00a0adheridos\u00a0a\u00a0la\u00a0presente\u00a0p\u00e1gina\u00a0oficial.[\/vc_column_text][vc_empty_space][vc_column_text]<\/p>\n<h3><strong>7. Calidad<\/strong><strong>\u00a0<\/strong><strong>de<\/strong><strong>\u00a0<\/strong><strong>los<\/strong><strong>\u00a0<\/strong><strong>datos<\/strong><\/h3>\n<p>&nbsp;<\/p>\n<p>El <strong>RESPONSABLE, <\/strong>advierte al usuario de que, salvo la existencia de una representaci\u00f3n legalmente constituida, ning\u00fan\u00a0usuario puede utilizar la identidad de otra persona y comunicar sus datos personales, por lo que el usuario en todo\u00a0momento deber\u00e1 tener en cuenta que solo puede proporcionar datos personales correspondientes a su propia\u00a0identidad y que sean adecuados, pertinentes, actuales, exactos y verdaderos. En cualquier caso, el usuario deber\u00e1\u00a0respetar la privacidad de terceros, sean \u00e9stos usuarios o no de la red social o de la p\u00e1gina oficial del <strong>RESPONSABLE, <\/strong>en\u00a0la\u00a0misma.[\/vc_column_text][vc_empty_space][vc_column_text]<\/p>\n<h3><strong>8. Derechos<\/strong><strong>\u00a0<\/strong><strong>que<\/strong><strong>\u00a0<\/strong><strong>asisten<\/strong><strong>\u00a0<\/strong><strong>al<\/strong><strong>\u00a0<\/strong><strong>Interesado:<\/strong><\/h3>\n<p>&nbsp;<\/p>\n<p>Derecho\u00a0a\u00a0retirar\u00a0el\u00a0consentimiento\u00a0en\u00a0cualquier\u00a0momento.<\/p>\n<p>Derecho\u00a0de\u00a0acceso,\u00a0rectificaci\u00f3n,\u00a0portabilidad\u00a0y\u00a0supresi\u00f3n\u00a0de\u00a0sus\u00a0datos\u00a0y\u00a0a\u00a0la\u00a0limitaci\u00f3n\u00a0u\u00a0oposici\u00f3n\u00a0a\u00a0su\u00a0tratamiento.<\/p>\n<p>Derecho\u00a0a\u00a0presentar\u00a0una\u00a0reclamaci\u00f3n\u00a0ante\u00a0la\u00a0Autoridad\u00a0de\u00a0control\u00a0(www.aepd.es.)\u00a0si\u00a0considera\u00a0que\u00a0el\u00a0tratamiento\u00a0no\u00a0se\u00a0ajusta\u00a0a\u00a0la\u00a0normativa\u00a0vigente.<\/p>\n<p>[\/vc_column_text][vc_empty_space][vc_column_text]<\/p>\n<h3><strong>9. Otra<\/strong><strong>\u00a0<\/strong><strong>informaci\u00f3n<\/strong><strong>\u00a0<\/strong><strong>de<\/strong><strong>\u00a0<\/strong><strong>inter\u00e9s<\/strong><\/h3>\n<p>&nbsp;<\/p>\n<p>El\u00a0<strong>RESPONSABLE,<\/strong><strong>\u00a0<\/strong>podr\u00e1 modificar y\/o sustituir en cualquier momento la presente pol\u00edtica que, seg\u00fan los casos, sustituir\u00e1,\u00a0completar\u00e1\u00a0y\/o\u00a0modificar\u00e1\u00a0la\u00a0actualmente\u00a0publicada\u00a0aqu\u00ed\u00a0recogida.\u00a0Por\u00a0ello\u00a0el\u00a0usuario\u00a0deber\u00e1\u00a0acceder\u00a0peri\u00f3dicamente\u00a0a\u00a0las\u00a0mismas\u00a0con\u00a0el\u00a0fin\u00a0de\u00a0mantenerse\u00a0actualizado.<\/p>\n<p>&nbsp;<\/p>\n<p>El usuario puede contactar con el <strong>RESPONSABLE, <\/strong>mediante el servicio de mensajer\u00eda interna de la red social o a trav\u00e9s de las siguientes direcciones y datos de contacto:<\/p>\n<p><strong>SEBASTI\u00c0<\/strong><strong>\u00a0<\/strong><strong>LLORENS,<\/strong><strong>\u00a0<\/strong><strong>SL<\/strong><\/p>\n<p><a href=\"mailto:info@llorensgmr.com\">info@llorensgmr.com<\/a><\/p>\n<p>&nbsp;<\/p>\n<p>Asimismo\u00a0el\u00a0usuario\u00a0puede\u00a0consultar\u00a0las\u00a0normas\u00a0y\u00a0pol\u00edticas\u00a0publicadas\u00a0por\u00a0el\u00a0titular\u00a0de\u00a0la\u00a0red\u00a0social\u00a0para\u00a0el\u00a0uso\u00a0de\u00a0la\u00a0misma.[\/vc_column_text][vc_empty_space height=\u00bb150px\u00bb][\/vc_column][\/vc_row]<\/p>\n<\/div>","protected":false},"excerpt":{"rendered":"<p>[vc_row css_animation=\u00bb\u00bb row_type=\u00bbrow\u00bb use_row_as_full_screen_section=\u00bbno\u00bb type=\u00bbfull_width\u00bb angled_section=\u00bbno\u00bb text_align=\u00bbleft\u00bb background_image_as_pattern=\u00bbwithout_pattern\u00bb][vc_column][vc_single_image image=\u00bb457&#8243; img_size=\u00bbfull\u00bb alignment=\u00bbcenter\u00bb qode_css_animation=\u00bb\u00bb][\/vc_column][\/vc_row][vc_row css_animation=\u00bb\u00bb row_type=\u00bbrow\u00bb use_row_as_full_screen_section=\u00bbno\u00bb type=\u00bbgrid\u00bb angled_section=\u00bbno\u00bb text_align=\u00bbleft\u00bb background_image_as_pattern=\u00bbwithout_pattern\u00bb z_index=\u00bb\u00bb][vc_column][vc_empty_space][vc_empty_space][vc_column_text] Pol\u00edtica de Redes Sociales [\/vc_column_text][vc_empty_space][vc_column_text] 1. Informaci\u00f3n sobre el responsable del tratamiento de los datos alojados en la p\u00e1gina oficial de SEBASTI\u00c0 LLORENS,\u00a0SL,\u00a0en\u00a0la\u00a0red\u00a0social &nbsp; De&#8230;<\/p>\n","protected":false},"author":1,"featured_media":0,"parent":0,"menu_order":0,"comment_status":"closed","ping_status":"closed","template":"","meta":{"footnotes":""},"class_list":["post-2153","page","type-page","status-publish","hentry"],"_links":{"self":[{"href":"https:\/\/llorensgmr.com\/es\/wp-json\/wp\/v2\/pages\/2153","targetHints":{"allow":["GET"]}}],"collection":[{"href":"https:\/\/llorensgmr.com\/es\/wp-json\/wp\/v2\/pages"}],"about":[{"href":"https:\/\/llorensgmr.com\/es\/wp-json\/wp\/v2\/types\/page"}],"author":[{"embeddable":true,"href":"https:\/\/llorensgmr.com\/es\/wp-json\/wp\/v2\/users\/1"}],"replies":[{"embeddable":true,"href":"https:\/\/llorensgmr.com\/es\/wp-json\/wp\/v2\/comments?post=2153"}],"version-history":[{"count":3,"href":"https:\/\/llorensgmr.com\/es\/wp-json\/wp\/v2\/pages\/2153\/revisions"}],"predecessor-version":[{"id":2156,"href":"https:\/\/llorensgmr.com\/es\/wp-json\/wp\/v2\/pages\/2153\/revisions\/2156"}],"wp:attachment":[{"href":"https:\/\/llorensgmr.com\/es\/wp-json\/wp\/v2\/media?parent=2153"}],"curies":[{"name":"wp","href":"https:\/\/api.w.org\/{rel}","templated":true}]}}