{"id":200,"date":"2020-12-15T09:38:32","date_gmt":"2020-12-15T09:38:32","guid":{"rendered":"https:\/\/llorensgmr.com\/?page_id=200"},"modified":"2024-06-06T11:19:06","modified_gmt":"2024-06-06T10:19:06","slug":"historia","status":"publish","type":"page","link":"https:\/\/llorensgmr.com\/es\/historia\/","title":{"rendered":"Historia"},"content":{"rendered":"<div class=\"wpb-content-wrapper\"><p>[vc_row css_animation=\u00bb\u00bb row_type=\u00bbrow\u00bb use_row_as_full_screen_section=\u00bbno\u00bb type=\u00bbgrid\u00bb angled_section=\u00bbno\u00bb text_align=\u00bbcenter\u00bb background_image_as_pattern=\u00bbwithout_pattern\u00bb z_index=\u00bb\u00bb background_image=\u00bb240&#8243;][vc_column][vc_empty_space height=\u00bb50px\u00bb][vc_empty_space height=\u00bb50px\u00bb][vc_column_text]<\/p>\n<h2 style=\"text-align: center; color: white;\">3 GENERACIONES DEDICADAS AL RECICLADO<\/h2>\n<p>[\/vc_column_text][vc_separator type=\u00bbsmall\u00bb position=\u00bbcenter\u00bb color=\u00bb#ffffff\u00bb][vc_empty_space height=\u00bb50px\u00bb][vc_empty_space height=\u00bb50px\u00bb][\/vc_column][\/vc_row][vc_row css_animation=\u00bb\u00bb row_type=\u00bbrow\u00bb use_row_as_full_screen_section=\u00bbno\u00bb type=\u00bbgrid\u00bb angled_section=\u00bbno\u00bb text_align=\u00bbleft\u00bb background_image_as_pattern=\u00bbwithout_pattern\u00bb z_index=\u00bb\u00bb background_color=\u00bb#f7f7f7&#8243;][vc_column][vc_empty_space height=\u00bb50px\u00bb]<div class=\"qode-workflow  qode-workflow-animate\">\n    <span class=\"main-line\" style=\"background-color:#009877;\"><\/span>\n    <div class=\"qode-workflow-item\">\n    <span class=\"line\" style=\"background-color:#ffffff;\"><\/span>\n    <div class=\"qode-workflow-item-inner \">\n        <div class=\"qode-workflow-image center\">\n            <img loading=\"lazy\" decoding=\"async\" width=\"1500\" height=\"1180\" src=\"https:\/\/llorensgmr.com\/wp-content\/uploads\/2020\/12\/family.png\" class=\"attachment-full size-full\" alt=\"\" srcset=\"https:\/\/llorensgmr.com\/wp-content\/uploads\/2020\/12\/family.png 1500w, https:\/\/llorensgmr.com\/wp-content\/uploads\/2020\/12\/family-300x236.png 300w, https:\/\/llorensgmr.com\/wp-content\/uploads\/2020\/12\/family-1024x806.png 1024w, https:\/\/llorensgmr.com\/wp-content\/uploads\/2020\/12\/family-768x604.png 768w, https:\/\/llorensgmr.com\/wp-content\/uploads\/2020\/12\/family-700x551.png 700w\" sizes=\"auto, (max-width: 1500px) 100vw, 1500px\" \/>        <\/div>\n        <div class=\"qode-workflow-text\">\n            <span class=\"circle\" style=\"background-color:#ffffff;\"><\/span>\n                            <h4>1950<\/h4>\n                                                    <p class=\"text\">Santiago Llorens Artiola inicia la actividad en los bajos de su casa en Granollers.<\/p>\n                    <\/div>\n    <\/div>\n<\/div><div class=\"qode-workflow-item\">\n    <span class=\"line\" style=\"background-color:#ffffff;\"><\/span>\n    <div class=\"qode-workflow-item-inner reverse\">\n        <div class=\"qode-workflow-image center\">\n            <img loading=\"lazy\" decoding=\"async\" width=\"1500\" height=\"1180\" src=\"https:\/\/llorensgmr.com\/wp-content\/uploads\/2020\/12\/constitucio.png\" class=\"attachment-full size-full\" alt=\"\" srcset=\"https:\/\/llorensgmr.com\/wp-content\/uploads\/2020\/12\/constitucio.png 1500w, https:\/\/llorensgmr.com\/wp-content\/uploads\/2020\/12\/constitucio-300x236.png 300w, https:\/\/llorensgmr.com\/wp-content\/uploads\/2020\/12\/constitucio-1024x806.png 1024w, https:\/\/llorensgmr.com\/wp-content\/uploads\/2020\/12\/constitucio-768x604.png 768w, https:\/\/llorensgmr.com\/wp-content\/uploads\/2020\/12\/constitucio-700x551.png 700w\" sizes=\"auto, (max-width: 1500px) 100vw, 1500px\" \/>        <\/div>\n        <div class=\"qode-workflow-text\">\n            <span class=\"circle\" style=\"background-color:#ffffff;\"><\/span>\n                            <h4>1970<\/h4>\n                                                    <p class=\"text\">Sebasti\u00e0 Llorens Sierra, la segunda generaci\u00f3n, se incorpora a la empresa con el objetivo de enfocarla al sector industrial, creando la sociedad Sebasti\u00e0 Llorens<\/p>\n                    <\/div>\n    <\/div>\n<\/div><div class=\"qode-workflow-item\">\n    <span class=\"line\" style=\"background-color:#ffffff;\"><\/span>\n    <div class=\"qode-workflow-item-inner \">\n        <div class=\"qode-workflow-image center\">\n            <img loading=\"lazy\" decoding=\"async\" width=\"1500\" height=\"1180\" src=\"https:\/\/llorensgmr.com\/wp-content\/uploads\/2020\/12\/centro.png\" class=\"attachment-full size-full\" alt=\"\" srcset=\"https:\/\/llorensgmr.com\/wp-content\/uploads\/2020\/12\/centro.png 1500w, https:\/\/llorensgmr.com\/wp-content\/uploads\/2020\/12\/centro-300x236.png 300w, https:\/\/llorensgmr.com\/wp-content\/uploads\/2020\/12\/centro-1024x806.png 1024w, https:\/\/llorensgmr.com\/wp-content\/uploads\/2020\/12\/centro-768x604.png 768w, https:\/\/llorensgmr.com\/wp-content\/uploads\/2020\/12\/centro-700x551.png 700w\" sizes=\"auto, (max-width: 1500px) 100vw, 1500px\" \/>        <\/div>\n        <div class=\"qode-workflow-text\">\n            <span class=\"circle\" style=\"background-color:#ffffff;\"><\/span>\n                            <h4>1975<\/h4>\n                                                    <p class=\"text\">Construcci\u00f3n de la nueva sede en la calle Llu\u00eds Companys de Granollers, dedicada en la actualidad al tratamiento de papel y cart\u00f3n, metales y RAEE.<\/p>\n                    <\/div>\n    <\/div>\n<\/div><div class=\"qode-workflow-item\">\n    <span class=\"line\" style=\"background-color:#ffffff;\"><\/span>\n    <div class=\"qode-workflow-item-inner reverse\">\n        <div class=\"qode-workflow-image center\">\n            <img loading=\"lazy\" decoding=\"async\" width=\"1500\" height=\"1180\" src=\"https:\/\/llorensgmr.com\/wp-content\/uploads\/2020\/12\/sebas.png\" class=\"attachment-full size-full\" alt=\"\" srcset=\"https:\/\/llorensgmr.com\/wp-content\/uploads\/2020\/12\/sebas.png 1500w, https:\/\/llorensgmr.com\/wp-content\/uploads\/2020\/12\/sebas-300x236.png 300w, https:\/\/llorensgmr.com\/wp-content\/uploads\/2020\/12\/sebas-1024x806.png 1024w, https:\/\/llorensgmr.com\/wp-content\/uploads\/2020\/12\/sebas-768x604.png 768w, https:\/\/llorensgmr.com\/wp-content\/uploads\/2020\/12\/sebas-700x551.png 700w\" sizes=\"auto, (max-width: 1500px) 100vw, 1500px\" \/>        <\/div>\n        <div class=\"qode-workflow-text\">\n            <span class=\"circle\" style=\"background-color:#ffffff;\"><\/span>\n                            <h4>1992<\/h4>\n                                                    <p class=\"text\">Sebasti\u00e0 Llorens Cladellas y Oriol Llorens Cladellas, la tercera generaci\u00f3n familiar, se incorporan al equipo directivo para seguir los objetivos de crecimiento e internacionalizaci\u00f3n.<\/p>\n                    <\/div>\n    <\/div>\n<\/div><div class=\"qode-workflow-item\">\n    <span class=\"line\" style=\"background-color:#ffffff;\"><\/span>\n    <div class=\"qode-workflow-item-inner \">\n        <div class=\"qode-workflow-image center\">\n            <img loading=\"lazy\" decoding=\"async\" width=\"1500\" height=\"1180\" src=\"https:\/\/llorensgmr.com\/wp-content\/uploads\/2021\/02\/ramassar.png\" class=\"attachment-full size-full\" alt=\"\" srcset=\"https:\/\/llorensgmr.com\/wp-content\/uploads\/2021\/02\/ramassar.png 1500w, https:\/\/llorensgmr.com\/wp-content\/uploads\/2021\/02\/ramassar-300x236.png 300w, https:\/\/llorensgmr.com\/wp-content\/uploads\/2021\/02\/ramassar-1024x806.png 1024w, https:\/\/llorensgmr.com\/wp-content\/uploads\/2021\/02\/ramassar-768x604.png 768w, https:\/\/llorensgmr.com\/wp-content\/uploads\/2021\/02\/ramassar-700x551.png 700w\" sizes=\"auto, (max-width: 1500px) 100vw, 1500px\" \/>        <\/div>\n        <div class=\"qode-workflow-text\">\n            <span class=\"circle\" style=\"background-color:#ffffff;\"><\/span>\n                            <h4>2012<\/h4>\n                                                    <p class=\"text\">Creaci\u00f3n de una planta espec\u00edfica para el almacenaje y tratamiento de pl\u00e1stico r\u00edgido en el pol\u00edgono El Ramassar.<\/p>\n                    <\/div>\n    <\/div>\n<\/div><div class=\"qode-workflow-item\">\n    <span class=\"line\" style=\"background-color:#ffffff;\"><\/span>\n    <div class=\"qode-workflow-item-inner reverse\">\n        <div class=\"qode-workflow-image center\">\n            <img loading=\"lazy\" decoding=\"async\" width=\"1500\" height=\"1180\" src=\"https:\/\/llorensgmr.com\/wp-content\/uploads\/2020\/12\/c17.png\" class=\"attachment-full size-full\" alt=\"\" srcset=\"https:\/\/llorensgmr.com\/wp-content\/uploads\/2020\/12\/c17.png 1500w, https:\/\/llorensgmr.com\/wp-content\/uploads\/2020\/12\/c17-300x236.png 300w, https:\/\/llorensgmr.com\/wp-content\/uploads\/2020\/12\/c17-1024x806.png 1024w, https:\/\/llorensgmr.com\/wp-content\/uploads\/2020\/12\/c17-768x604.png 768w, https:\/\/llorensgmr.com\/wp-content\/uploads\/2020\/12\/c17-700x551.png 700w\" sizes=\"auto, (max-width: 1500px) 100vw, 1500px\" \/>        <\/div>\n        <div class=\"qode-workflow-text\">\n            <span class=\"circle\" style=\"background-color:#ffffff;\"><\/span>\n                            <h4>2014<\/h4>\n                                                    <p class=\"text\">Inauguraci\u00f3n de las nuevas oficinas centrales y la planta de papel en la C-17, Granollers.<\/p>\n                    <\/div>\n    <\/div>\n<\/div><div class=\"qode-workflow-item\">\n    <span class=\"line\" style=\"background-color:#ffffff;\"><\/span>\n    <div class=\"qode-workflow-item-inner \">\n        <div class=\"qode-workflow-image center\">\n            <img loading=\"lazy\" decoding=\"async\" width=\"1500\" height=\"1180\" src=\"https:\/\/llorensgmr.com\/wp-content\/uploads\/2020\/12\/recypharmac.png\" class=\"attachment-full size-full\" alt=\"\" srcset=\"https:\/\/llorensgmr.com\/wp-content\/uploads\/2020\/12\/recypharmac.png 1500w, https:\/\/llorensgmr.com\/wp-content\/uploads\/2020\/12\/recypharmac-300x236.png 300w, https:\/\/llorensgmr.com\/wp-content\/uploads\/2020\/12\/recypharmac-1024x806.png 1024w, https:\/\/llorensgmr.com\/wp-content\/uploads\/2020\/12\/recypharmac-768x604.png 768w, https:\/\/llorensgmr.com\/wp-content\/uploads\/2020\/12\/recypharmac-700x551.png 700w\" sizes=\"auto, (max-width: 1500px) 100vw, 1500px\" \/>        <\/div>\n        <div class=\"qode-workflow-text\">\n            <span class=\"circle\" style=\"background-color:#ffffff;\"><\/span>\n                            <h4>2018<\/h4>\n                                                    <p class=\"text\">Ampliaci\u00f3n del negocio con la creaci\u00f3n de la nueva divisi\u00f3n Recypharmac, planta pionera en Europa para el reciclado de producto farmac\u00e9utico y cosm\u00e9tico no apto para el consumo.<\/p>\n                    <\/div>\n    <\/div>\n<\/div><div class=\"qode-workflow-item\">\n    <span class=\"line\" style=\"background-color:#ffffff;\"><\/span>\n    <div class=\"qode-workflow-item-inner reverse\">\n        <div class=\"qode-workflow-image center\">\n            <img loading=\"lazy\" decoding=\"async\" width=\"1500\" height=\"1180\" src=\"https:\/\/llorensgmr.com\/wp-content\/uploads\/2020\/12\/llica.png\" class=\"attachment-full size-full\" alt=\"\" srcset=\"https:\/\/llorensgmr.com\/wp-content\/uploads\/2020\/12\/llica.png 1500w, https:\/\/llorensgmr.com\/wp-content\/uploads\/2020\/12\/llica-300x236.png 300w, https:\/\/llorensgmr.com\/wp-content\/uploads\/2020\/12\/llica-1024x806.png 1024w, https:\/\/llorensgmr.com\/wp-content\/uploads\/2020\/12\/llica-768x604.png 768w, https:\/\/llorensgmr.com\/wp-content\/uploads\/2020\/12\/llica-700x551.png 700w\" sizes=\"auto, (max-width: 1500px) 100vw, 1500px\" \/>        <\/div>\n        <div class=\"qode-workflow-text\">\n            <span class=\"circle\" style=\"background-color:#ffffff;\"><\/span>\n                            <h4>2019<\/h4>\n                                                    <p class=\"text\">Apertura de la divisi\u00f3n de pl\u00e1stico film en Lli\u00e7\u00e0 de Vall, planta puntera en la recuperaci\u00f3n de pl\u00e1stico film y generaci\u00f3n de granza para volver a ponerla en el mercado productivo.<\/p>\n                    <\/div>\n    <\/div>\n<\/div><div class=\"qode-workflow-item\">\n    <span class=\"line\" style=\"background-color:#ffffff;\"><\/span>\n    <div class=\"qode-workflow-item-inner \">\n        <div class=\"qode-workflow-image center\">\n            <img loading=\"lazy\" decoding=\"async\" width=\"1500\" height=\"1180\" src=\"https:\/\/llorensgmr.com\/wp-content\/uploads\/2024\/06\/granzadeplastic.png\" class=\"attachment-full size-full\" alt=\"granza de plastic\" srcset=\"https:\/\/llorensgmr.com\/wp-content\/uploads\/2024\/06\/granzadeplastic.png 1500w, https:\/\/llorensgmr.com\/wp-content\/uploads\/2024\/06\/granzadeplastic-300x236.png 300w, https:\/\/llorensgmr.com\/wp-content\/uploads\/2024\/06\/granzadeplastic-1024x806.png 1024w, https:\/\/llorensgmr.com\/wp-content\/uploads\/2024\/06\/granzadeplastic-768x604.png 768w, https:\/\/llorensgmr.com\/wp-content\/uploads\/2024\/06\/granzadeplastic-700x551.png 700w\" sizes=\"auto, (max-width: 1500px) 100vw, 1500px\" \/>        <\/div>\n        <div class=\"qode-workflow-text\">\n            <span class=\"circle\" style=\"background-color:#ffffff;\"><\/span>\n                            <h4>2023<\/h4>\n                                                    <p class=\"text\">Ampliaci\u00f3n de la divisi\u00f3n de pol\u00edmeros con la incorporaci\u00f3n de una nueva planta en LLi\u00e7\u00e0 de Vall de reciclado y generaci\u00f3n de granza de PS y PP procedente del residuo pl\u00e1stico postindustrial.<\/p>\n                    <\/div>\n    <\/div>\n<\/div><\/div>[vc_empty_space height=\u00bb50px\u00bb][\/vc_column][\/vc_row]<\/p>\n<\/div>","protected":false},"excerpt":{"rendered":"<p>[vc_row css_animation=\u00bb\u00bb row_type=\u00bbrow\u00bb use_row_as_full_screen_section=\u00bbno\u00bb type=\u00bbgrid\u00bb angled_section=\u00bbno\u00bb text_align=\u00bbcenter\u00bb background_image_as_pattern=\u00bbwithout_pattern\u00bb z_index=\u00bb\u00bb background_image=\u00bb240&#8243;][vc_column][vc_empty_space height=\u00bb50px\u00bb][vc_empty_space height=\u00bb50px\u00bb][vc_column_text] 3 GENERACIONES DEDICADAS AL RECICLADO [\/vc_column_text][vc_separator type=\u00bbsmall\u00bb position=\u00bbcenter\u00bb color=\u00bb#ffffff\u00bb][vc_empty_space height=\u00bb50px\u00bb][vc_empty_space height=\u00bb50px\u00bb][\/vc_column][\/vc_row][vc_row css_animation=\u00bb\u00bb row_type=\u00bbrow\u00bb use_row_as_full_screen_section=\u00bbno\u00bb type=\u00bbgrid\u00bb angled_section=\u00bbno\u00bb text_align=\u00bbleft\u00bb background_image_as_pattern=\u00bbwithout_pattern\u00bb z_index=\u00bb\u00bb background_color=\u00bb#f7f7f7&#8243;][vc_column][vc_empty_space height=\u00bb50px\u00bb][vc_empty_space height=\u00bb50px\u00bb][\/vc_column][\/vc_row]<\/p>\n","protected":false},"author":1,"featured_media":0,"parent":0,"menu_order":0,"comment_status":"closed","ping_status":"closed","template":"full_width.php","meta":{"footnotes":""},"class_list":["post-200","page","type-page","status-publish","hentry"],"_links":{"self":[{"href":"https:\/\/llorensgmr.com\/es\/wp-json\/wp\/v2\/pages\/200","targetHints":{"allow":["GET"]}}],"collection":[{"href":"https:\/\/llorensgmr.com\/es\/wp-json\/wp\/v2\/pages"}],"about":[{"href":"https:\/\/llorensgmr.com\/es\/wp-json\/wp\/v2\/types\/page"}],"author":[{"embeddable":true,"href":"https:\/\/llorensgmr.com\/es\/wp-json\/wp\/v2\/users\/1"}],"replies":[{"embeddable":true,"href":"https:\/\/llorensgmr.com\/es\/wp-json\/wp\/v2\/comments?post=200"}],"version-history":[{"count":24,"href":"https:\/\/llorensgmr.com\/es\/wp-json\/wp\/v2\/pages\/200\/revisions"}],"predecessor-version":[{"id":2680,"href":"https:\/\/llorensgmr.com\/es\/wp-json\/wp\/v2\/pages\/200\/revisions\/2680"}],"wp:attachment":[{"href":"https:\/\/llorensgmr.com\/es\/wp-json\/wp\/v2\/media?parent=200"}],"curies":[{"name":"wp","href":"https:\/\/api.w.org\/{rel}","templated":true}]}}