{"id":190,"date":"2020-12-07T12:25:37","date_gmt":"2020-12-07T12:25:37","guid":{"rendered":"https:\/\/llorensgmr.com\/?page_id=190"},"modified":"2026-04-08T10:13:17","modified_gmt":"2026-04-08T09:13:17","slug":"eco-partners","status":"publish","type":"page","link":"https:\/\/llorensgmr.com\/es\/eco-partners\/","title":{"rendered":"Eco Partners"},"content":{"rendered":"<div class=\"wpb-content-wrapper\"><p>[vc_row css_animation=\u00bb\u00bb row_type=\u00bbrow\u00bb use_row_as_full_screen_section=\u00bbno\u00bb type=\u00bbgrid\u00bb angled_section=\u00bbno\u00bb text_align=\u00bbcenter\u00bb background_image_as_pattern=\u00bbwithout_pattern\u00bb z_index=\u00bb\u00bb background_image=\u00bb432&#8243;][vc_column][vc_empty_space height=\u00bb50px\u00bb][vc_empty_space height=\u00bb50px\u00bb][vc_column_text]<\/p>\n<h2 style=\"text-align: center; color: white;\">ECO PARTNERS<\/h2>\n<p>[\/vc_column_text][vc_separator type=\u00bbsmall\u00bb position=\u00bbcenter\u00bb color=\u00bb#ffffff\u00bb][vc_empty_space height=\u00bb50px\u00bb][vc_empty_space height=\u00bb50px\u00bb][\/vc_column][\/vc_row][vc_row css_animation=\u00bb\u00bb row_type=\u00bbrow\u00bb use_row_as_full_screen_section=\u00bbno\u00bb type=\u00bbgrid\u00bb angled_section=\u00bbno\u00bb text_align=\u00bbcenter\u00bb background_image_as_pattern=\u00bbwithout_pattern\u00bb z_index=\u00bb\u00bb background_color=\u00bb#ffffff\u00bb][vc_column][vc_empty_space height=\u00bb50px\u00bb][vc_empty_space height=\u00bb50px\u00bb][vc_row_inner row_type=\u00bbrow\u00bb type=\u00bbfull_width\u00bb text_align=\u00bbleft\u00bb css_animation=\u00bb\u00bb][vc_column_inner][vc_column_text]<\/p>\n<p style=\"font-size: 20px; text-align: center;\"><strong>En Llorens|gmr<\/strong> establecemos relaciones estrat\u00e9gicas y duraderas con nuestros clientes con el objetivo de ofrecer el servicio m\u00e1s eficiente y sostenible. Fruto de esta alianza se consigue la excelencia en la optimizaci\u00f3n de la gesti\u00f3n de los residuos.<\/p>\n<p>&nbsp;<\/p>\n<p style=\"font-size: 20px; text-align: center;\"><strong>Algunos de nuestros EcoPartners son:<\/strong><\/p>\n<p>[\/vc_column_text][\/vc_column_inner][\/vc_row_inner][vc_empty_space height=\u00bb50px\u00bb][vc_empty_space height=\u00bb50px\u00bb][\/vc_column][\/vc_row][vc_row css_animation=\u00bb\u00bb row_type=\u00bbrow\u00bb use_row_as_full_screen_section=\u00bbno\u00bb type=\u00bbgrid\u00bb angled_section=\u00bbno\u00bb text_align=\u00bbcenter\u00bb background_image_as_pattern=\u00bbwithout_pattern\u00bb z_index=\u00bb\u00bb background_color=\u00bb#f7f7f7&#8243;][vc_column][vc_empty_space height=\u00bb50px\u00bb][vc_empty_space height=\u00bb50px\u00bb][vc_row_inner row_type=\u00bbrow\u00bb type=\u00bbfull_width\u00bb text_align=\u00bbleft\u00bb css_animation=\u00bb\u00bb][vc_column_inner width=\u00bb1\/2&#8243;][vc_gallery interval=\u00bb0&#8243; images=\u00bb771,757,759,761,763,765,767,769&#8243; img_size=\u00bbfull\u00bb direction_nav=\u00bbyes\u00bb control_nav=\u00bbyes\u00bb pause_on_hover=\u00bbno\u00bb][vc_empty_space][\/vc_column_inner][vc_column_inner width=\u00bb1\/2&#8243;][vc_gallery interval=\u00bb0&#8243; images=\u00bb774,776,778,780,782,784,786,788&#8243; img_size=\u00bbfull\u00bb direction_nav=\u00bbyes\u00bb control_nav=\u00bbyes\u00bb pause_on_hover=\u00bbno\u00bb][vc_empty_space][\/vc_column_inner][\/vc_row_inner][vc_row_inner row_type=\u00bbrow\u00bb type=\u00bbfull_width\u00bb text_align=\u00bbleft\u00bb css_animation=\u00bb\u00bb][vc_column_inner width=\u00bb1\/2&#8243;][vc_gallery interval=\u00bb0&#8243; images=\u00bb2347,790,792,794,796,798&#8243; img_size=\u00bbfull\u00bb direction_nav=\u00bbyes\u00bb control_nav=\u00bbyes\u00bb pause_on_hover=\u00bbno\u00bb][vc_empty_space][\/vc_column_inner][vc_column_inner width=\u00bb1\/2&#8243;][vc_gallery interval=\u00bb0&#8243; images=\u00bb810,802,804,806,808&#8243; img_size=\u00bbfull\u00bb direction_nav=\u00bbyes\u00bb control_nav=\u00bbyes\u00bb pause_on_hover=\u00bbno\u00bb][vc_empty_space][\/vc_column_inner][\/vc_row_inner][vc_row_inner row_type=\u00bbrow\u00bb type=\u00bbfull_width\u00bb text_align=\u00bbleft\u00bb css_animation=\u00bb\u00bb][vc_column_inner width=\u00bb1\/2&#8243;][vc_gallery interval=\u00bb0&#8243; images=\u00bb2351,824,826,828,830,832&#8243; img_size=\u00bbfull\u00bb direction_nav=\u00bbyes\u00bb control_nav=\u00bbyes\u00bb pause_on_hover=\u00bbno\u00bb][vc_empty_space][\/vc_column_inner][vc_column_inner width=\u00bb1\/2&#8243;][vc_gallery interval=\u00bb0&#8243; images=\u00bb2721,814,816,818,820,822&#8243; img_size=\u00bbfull\u00bb direction_nav=\u00bbyes\u00bb control_nav=\u00bbyes\u00bb pause_on_hover=\u00bbno\u00bb][vc_empty_space][\/vc_column_inner][\/vc_row_inner][vc_row_inner row_type=\u00bbrow\u00bb type=\u00bbfull_width\u00bb text_align=\u00bbleft\u00bb css_animation=\u00bb\u00bb][vc_column_inner width=\u00bb1\/2&#8243;][vc_gallery interval=\u00bb0&#8243; images=\u00bb854,842,844,846,848,850,852&#8243; img_size=\u00bbfull\u00bb direction_nav=\u00bbyes\u00bb control_nav=\u00bbyes\u00bb pause_on_hover=\u00bbno\u00bb][vc_empty_space][\/vc_column_inner][vc_column_inner width=\u00bb1\/2&#8243;][vc_gallery interval=\u00bb0&#8243; images=\u00bb840,836,838&#8243; img_size=\u00bbfull\u00bb direction_nav=\u00bbyes\u00bb control_nav=\u00bbyes\u00bb pause_on_hover=\u00bbno\u00bb][vc_empty_space][\/vc_column_inner][\/vc_row_inner][vc_row_inner row_type=\u00bbrow\u00bb type=\u00bbfull_width\u00bb text_align=\u00bbleft\u00bb css_animation=\u00bb\u00bb][vc_column_inner width=\u00bb1\/2&#8243;][vc_gallery interval=\u00bb0&#8243; images=\u00bb2013,856,858,860,862,864&#8243; img_size=\u00bbfull\u00bb direction_nav=\u00bbyes\u00bb control_nav=\u00bbyes\u00bb pause_on_hover=\u00bbno\u00bb][vc_empty_space][\/vc_column_inner][vc_column_inner width=\u00bb1\/2&#8243;][vc_gallery interval=\u00bb0&#8243; images=\u00bb868&#8243; img_size=\u00bbfull\u00bb direction_nav=\u00bbyes\u00bb control_nav=\u00bbyes\u00bb pause_on_hover=\u00bbno\u00bb][vc_empty_space][\/vc_column_inner][\/vc_row_inner][vc_row_inner row_type=\u00bbrow\u00bb type=\u00bbfull_width\u00bb text_align=\u00bbleft\u00bb css_animation=\u00bb\u00bb][vc_column_inner width=\u00bb1\/2&#8243;][vc_gallery interval=\u00bb0&#8243; images=\u00bb1808&#8243; img_size=\u00bbfull\u00bb direction_nav=\u00bbyes\u00bb control_nav=\u00bbyes\u00bb pause_on_hover=\u00bbno\u00bb][vc_empty_space][\/vc_column_inner][vc_column_inner width=\u00bb1\/2&#8243;][vc_gallery interval=\u00bb0&#8243; images=\u00bb872&#8243; img_size=\u00bbfull\u00bb direction_nav=\u00bbyes\u00bb control_nav=\u00bbyes\u00bb pause_on_hover=\u00bbno\u00bb][vc_empty_space][\/vc_column_inner][\/vc_row_inner][vc_row_inner row_type=\u00bbrow\u00bb type=\u00bbfull_width\u00bb text_align=\u00bbleft\u00bb css_animation=\u00bb\u00bb][vc_column_inner width=\u00bb1\/2&#8243;][vc_gallery interval=\u00bb0&#8243; images=\u00bb874&#8243; img_size=\u00bbfull\u00bb direction_nav=\u00bbyes\u00bb control_nav=\u00bbyes\u00bb pause_on_hover=\u00bbno\u00bb][vc_empty_space][\/vc_column_inner][vc_column_inner width=\u00bb1\/2&#8243;][vc_gallery interval=\u00bb0&#8243; images=\u00bb2998,3001,3007,3011&#8243; img_size=\u00bbfull\u00bb css=\u00bb\u00bb direction_nav=\u00bbyes\u00bb control_nav=\u00bbyes\u00bb pause_on_hover=\u00bbno\u00bb][vc_empty_space][\/vc_column_inner][\/vc_row_inner][vc_empty_space height=\u00bb50px\u00bb][vc_empty_space height=\u00bb50px\u00bb][\/vc_column][\/vc_row]<\/p>\n<\/div>","protected":false},"excerpt":{"rendered":"<p>[vc_row css_animation=\u00bb\u00bb row_type=\u00bbrow\u00bb use_row_as_full_screen_section=\u00bbno\u00bb type=\u00bbgrid\u00bb angled_section=\u00bbno\u00bb text_align=\u00bbcenter\u00bb background_image_as_pattern=\u00bbwithout_pattern\u00bb z_index=\u00bb\u00bb background_image=\u00bb432&#8243;][vc_column][vc_empty_space height=\u00bb50px\u00bb][vc_empty_space height=\u00bb50px\u00bb][vc_column_text] ECO PARTNERS [\/vc_column_text][vc_separator type=\u00bbsmall\u00bb position=\u00bbcenter\u00bb color=\u00bb#ffffff\u00bb][vc_empty_space height=\u00bb50px\u00bb][vc_empty_space height=\u00bb50px\u00bb][\/vc_column][\/vc_row][vc_row css_animation=\u00bb\u00bb row_type=\u00bbrow\u00bb use_row_as_full_screen_section=\u00bbno\u00bb type=\u00bbgrid\u00bb angled_section=\u00bbno\u00bb text_align=\u00bbcenter\u00bb background_image_as_pattern=\u00bbwithout_pattern\u00bb z_index=\u00bb\u00bb background_color=\u00bb#ffffff\u00bb][vc_column][vc_empty_space height=\u00bb50px\u00bb][vc_empty_space height=\u00bb50px\u00bb][vc_row_inner row_type=\u00bbrow\u00bb type=\u00bbfull_width\u00bb text_align=\u00bbleft\u00bb css_animation=\u00bb\u00bb][vc_column_inner][vc_column_text] En Llorens|gmr establecemos relaciones estrat\u00e9gicas y duraderas con nuestros clientes&#8230;<\/p>\n","protected":false},"author":1,"featured_media":0,"parent":0,"menu_order":0,"comment_status":"closed","ping_status":"closed","template":"full_width.php","meta":{"footnotes":""},"class_list":["post-190","page","type-page","status-publish","hentry"],"_links":{"self":[{"href":"https:\/\/llorensgmr.com\/es\/wp-json\/wp\/v2\/pages\/190","targetHints":{"allow":["GET"]}}],"collection":[{"href":"https:\/\/llorensgmr.com\/es\/wp-json\/wp\/v2\/pages"}],"about":[{"href":"https:\/\/llorensgmr.com\/es\/wp-json\/wp\/v2\/types\/page"}],"author":[{"embeddable":true,"href":"https:\/\/llorensgmr.com\/es\/wp-json\/wp\/v2\/users\/1"}],"replies":[{"embeddable":true,"href":"https:\/\/llorensgmr.com\/es\/wp-json\/wp\/v2\/comments?post=190"}],"version-history":[{"count":21,"href":"https:\/\/llorensgmr.com\/es\/wp-json\/wp\/v2\/pages\/190\/revisions"}],"predecessor-version":[{"id":3016,"href":"https:\/\/llorensgmr.com\/es\/wp-json\/wp\/v2\/pages\/190\/revisions\/3016"}],"wp:attachment":[{"href":"https:\/\/llorensgmr.com\/es\/wp-json\/wp\/v2\/media?parent=190"}],"curies":[{"name":"wp","href":"https:\/\/api.w.org\/{rel}","templated":true}]}}