{"id":185,"date":"2020-12-07T12:24:46","date_gmt":"2020-12-07T12:24:46","guid":{"rendered":"https:\/\/llorensgmr.com\/?page_id=185"},"modified":"2021-01-27T09:01:21","modified_gmt":"2021-01-27T09:01:21","slug":"otros","status":"publish","type":"page","link":"https:\/\/llorensgmr.com\/es\/otros\/","title":{"rendered":"Otros"},"content":{"rendered":"<div class=\"wpb-content-wrapper\"><p>[vc_row css_animation=\u00bb\u00bb row_type=\u00bbrow\u00bb use_row_as_full_screen_section=\u00bbno\u00bb type=\u00bbfull_width\u00bb angled_section=\u00bbno\u00bb text_align=\u00bbleft\u00bb background_image_as_pattern=\u00bbwithout_pattern\u00bb][vc_column offset=\u00bbvc_hidden-lg vc_hidden-md\u00bb][qode_elements_holder number_of_columns=\u00bbtwo_columns\u00bb][qode_elements_holder_item cover=\u00bbyes\u00bb advanced_animations=\u00bbno\u00bb background_image=\u00bb381&#8243; item_padding_600_768=\u00bb250px\u00bb item_padding_480_600=\u00bb200px\u00bb item_padding_480=\u00bb200px\u00bb][vc_single_image image=\u00bb323&#8243; img_size=\u00bbfull\u00bb alignment=\u00bbcenter\u00bb qode_css_animation=\u00bb\u00bb qode_hover_animation=\u00bbzoom_in\u00bb][\/qode_elements_holder_item][qode_elements_holder_item advanced_animations=\u00bbno\u00bb background_color=\u00bb#f4f4f4&#8243; item_padding=\u00bb160px 200px\u00bb item_padding_1280_1440=\u00bb90px\u00bb item_padding_1024_1280=\u00bb80px\u00bb item_padding_768_1024=\u00bb60px\u00bb item_padding_600_768=\u00bb90px\u00bb item_padding_480_600=\u00bb90px 40px\u00bb item_padding_480=\u00bb90px 40px\u00bb][vc_empty_space height=\u00bb22px\u00bb][vc_empty_space height=\u00bb22px\u00bb][vc_column_text]<\/p>\n<p style=\"text-align: justify;\">La base de nuestro trabajo es colaborar con nuestros clientes para dar soluciones en la gesti\u00f3n de todo tipo de residuos. Es por esto que ponemos a disposici\u00f3n de nuestros clientes un servicio que asesora la manera m\u00e1s eficaz de tratar todo tipo de residuos.<\/p>\n<p>[\/vc_column_text][vc_empty_space height=\u00bb22px\u00bb][vc_empty_space height=\u00bb22px\u00bb][\/qode_elements_holder_item][\/qode_elements_holder][\/vc_column][\/vc_row][vc_row css_animation=\u00bb\u00bb row_type=\u00bbrow\u00bb use_row_as_full_screen_section=\u00bbno\u00bb type=\u00bbfull_width\u00bb angled_section=\u00bbno\u00bb text_align=\u00bbleft\u00bb background_image_as_pattern=\u00bbwithout_pattern\u00bb][vc_column offset=\u00bbvc_hidden-sm vc_hidden-xs\u00bb][qode_elements_holder number_of_columns=\u00bbtwo_columns\u00bb][qode_elements_holder_item cover=\u00bbyes\u00bb advanced_animations=\u00bbno\u00bb background_image=\u00bb381&#8243; item_padding_600_768=\u00bb250px\u00bb item_padding_480_600=\u00bb200px\u00bb item_padding_480=\u00bb200px\u00bb][vc_empty_space height=\u00bb100px\u00bb][vc_empty_space height=\u00bb200px\u00bb][vc_single_image image=\u00bb323&#8243; img_size=\u00bbfull\u00bb alignment=\u00bbcenter\u00bb qode_css_animation=\u00bb\u00bb qode_hover_animation=\u00bbzoom_in\u00bb][vc_empty_space height=\u00bb100px\u00bb][vc_empty_space height=\u00bb200px\u00bb][\/qode_elements_holder_item][qode_elements_holder_item advanced_animations=\u00bbno\u00bb background_color=\u00bb#f4f4f4&#8243; item_padding=\u00bb160px 200px\u00bb item_padding_1280_1440=\u00bb90px\u00bb item_padding_1024_1280=\u00bb80px\u00bb item_padding_768_1024=\u00bb60px\u00bb item_padding_600_768=\u00bb90px\u00bb item_padding_480_600=\u00bb90px 40px\u00bb item_padding_480=\u00bb90px 40px\u00bb][vc_empty_space height=\u00bb22px\u00bb][vc_empty_space height=\u00bb22px\u00bb][vc_column_text]<\/p>\n<p style=\"text-align: justify;\">La base de nuestro trabajo es colaborar con nuestros clientes para dar soluciones en la gesti\u00f3n de todo tipo de residuos. Es por esto que ponemos a disposici\u00f3n de nuestros clientes un servicio que asesora la manera m\u00e1s eficaz de tratar todo tipo de residuos.<\/p>\n<p>[\/vc_column_text][vc_empty_space height=\u00bb22px\u00bb][vc_empty_space height=\u00bb22px\u00bb][\/qode_elements_holder_item][\/qode_elements_holder][\/vc_column][\/vc_row][vc_row css_animation=\u00bb\u00bb row_type=\u00bbrow\u00bb use_row_as_full_screen_section=\u00bbno\u00bb type=\u00bbgrid\u00bb angled_section=\u00bbno\u00bb text_align=\u00bbcenter\u00bb background_image_as_pattern=\u00bbwithout_pattern\u00bb z_index=\u00bb\u00bb background_color=\u00bb#bcbcbc\u00bb][vc_column][vc_empty_space height=\u00bb100px\u00bb][vc_column_text]<\/p>\n<h2 style=\"text-align: center; color: white;\">Reciclamos todo tipo de materiales<\/h2>\n<p style=\"text-align: center; color: white;\">\u00bfQue material te gustar\u00eda reciclar?<\/p>\n<p>[\/vc_column_text][vc_empty_space height=\u00bb30px\u00bb]\n<div class=\"wpcf7 no-js\" id=\"wpcf7-f161-o1\" lang=\"es-ES\" dir=\"ltr\" data-wpcf7-id=\"161\">\n<div class=\"screen-reader-response\"><p role=\"status\" aria-live=\"polite\" aria-atomic=\"true\"><\/p> <ul><\/ul><\/div>\n<form action=\"\/es\/wp-json\/wp\/v2\/pages\/185#wpcf7-f161-o1\" method=\"post\" class=\"wpcf7-form init cf7_custom_style_1\" aria-label=\"Formulario de contacto\" novalidate=\"novalidate\" data-status=\"init\">\n<fieldset class=\"hidden-fields-container\"><input type=\"hidden\" name=\"_wpcf7\" value=\"161\" \/><input type=\"hidden\" name=\"_wpcf7_version\" value=\"6.1.5\" \/><input type=\"hidden\" name=\"_wpcf7_locale\" value=\"es_ES\" \/><input type=\"hidden\" name=\"_wpcf7_unit_tag\" value=\"wpcf7-f161-o1\" \/><input type=\"hidden\" name=\"_wpcf7_container_post\" value=\"0\" \/><input type=\"hidden\" name=\"_wpcf7_posted_data_hash\" value=\"\" \/><input type=\"hidden\" name=\"_wpcf7_recaptcha_response\" value=\"\" \/>\n<\/fieldset>\n<div class=\"vc_col-sm-3\">\n\t<p><span class=\"wpcf7-form-control-wrap\" data-name=\"email-823\"><input size=\"40\" maxlength=\"400\" class=\"wpcf7-form-control wpcf7-email wpcf7-validates-as-required wpcf7-text wpcf7-validates-as-email\" aria-required=\"true\" aria-invalid=\"false\" placeholder=\"E-mail\" value=\"\" type=\"email\" name=\"email-823\" \/><\/span>\n\t<\/p>\n<\/div>\n<div class=\"vc_col-sm-3\">\n\t<p><span class=\"wpcf7-form-control-wrap\" data-name=\"tel-689\"><input size=\"40\" maxlength=\"400\" class=\"wpcf7-form-control wpcf7-tel wpcf7-validates-as-required wpcf7-text wpcf7-validates-as-tel\" aria-required=\"true\" aria-invalid=\"false\" placeholder=\"Tel\u00e9fono\" value=\"\" type=\"tel\" name=\"tel-689\" \/><\/span>\n\t<\/p>\n<\/div>\n<div class=\"vc_col-sm-3\">\n\t<p><span class=\"wpcf7-form-control-wrap\" data-name=\"text-190\"><input size=\"40\" maxlength=\"400\" class=\"wpcf7-form-control wpcf7-text wpcf7-validates-as-required\" aria-required=\"true\" aria-invalid=\"false\" placeholder=\"Material a reciclar...\" value=\"\" type=\"text\" name=\"text-190\" \/><\/span>\n\t<\/p>\n<\/div>\n<div class=\"vc_col-sm-3\">\n\t<p><input class=\"wpcf7-form-control wpcf7-submit has-spinner\" type=\"submit\" value=\"Enviar\" \/>\n\t<\/p>\n<\/div>\n<div class=\"vc_col-sm-12\">\n\t<p style=\"color:white;\">SEBASTI\u00c0 LLORENS, SL como responsable del tratamiento tratar\u00e1 tus datos con la finalidad de dar respuesta a tu consulta o<br \/>\npetici\u00f3n. Puedes acceder, rectificar y suprimir tus datos, as\u00ed como ejercer otros derechos consultando la informaci\u00f3n adicional y<br \/>\ndetallada sobre protecci\u00f3n de datos en nuestra <a href=\"\/es\/politica-de-privacidad\/\">Pol\u00edtica de Privacidad<\/a>\n\t<\/p>\n\t<p style=\"color:white;\"><span class=\"wpcf7-form-control-wrap\" data-name=\"acceptance-628\"><span class=\"wpcf7-form-control wpcf7-acceptance\"><span class=\"wpcf7-list-item\"><label><input type=\"checkbox\" name=\"acceptance-628\" value=\"1\" aria-invalid=\"false\" \/><span class=\"wpcf7-list-item-label\">He le\u00eddo y acepto las condiciones contenidas en la pol\u00edtica de privacidad sobre el tratamiento de mis datos para gestionar mi\nconsulta o petici\u00f3n.<\/p><\/span><\/label><\/span><\/span><\/span>\n\t<\/p>\n\t<p style=\"color:white;\"><strong>Nos gustar\u00eda que nos prestaras tu consentimiento para:<\/strong>\n\t<\/p>\n\t<p style=\"color:white;\"><span class=\"wpcf7-form-control-wrap\" data-name=\"acceptance-401\"><span class=\"wpcf7-form-control wpcf7-acceptance optional\"><span class=\"wpcf7-list-item\"><input type=\"checkbox\" name=\"acceptance-401\" value=\"1\" aria-invalid=\"false\" \/><\/span><\/span><\/span>Enviarte informaci\u00f3n comercial sobre los productos, servicios, novedades de SEBASTI\u00c0 LLORENS, SL\n\t<\/p>\n<\/div><div class=\"wpcf7-response-output\" aria-hidden=\"true\"><\/div>\n<\/form>\n<\/div>\n[vc_empty_space height=\u00bb100px\u00bb][vc_empty_space height=\u00bb50px\u00bb][\/vc_column][\/vc_row]<\/p>\n<\/div>","protected":false},"excerpt":{"rendered":"<p>[vc_row css_animation=\u00bb\u00bb row_type=\u00bbrow\u00bb use_row_as_full_screen_section=\u00bbno\u00bb type=\u00bbfull_width\u00bb angled_section=\u00bbno\u00bb text_align=\u00bbleft\u00bb background_image_as_pattern=\u00bbwithout_pattern\u00bb][vc_column offset=\u00bbvc_hidden-lg vc_hidden-md\u00bb][qode_elements_holder number_of_columns=\u00bbtwo_columns\u00bb][qode_elements_holder_item cover=\u00bbyes\u00bb advanced_animations=\u00bbno\u00bb background_image=\u00bb381&#8243; item_padding_600_768=\u00bb250px\u00bb item_padding_480_600=\u00bb200px\u00bb item_padding_480=\u00bb200px\u00bb][vc_single_image image=\u00bb323&#8243; img_size=\u00bbfull\u00bb alignment=\u00bbcenter\u00bb qode_css_animation=\u00bb\u00bb qode_hover_animation=\u00bbzoom_in\u00bb][\/qode_elements_holder_item][qode_elements_holder_item advanced_animations=\u00bbno\u00bb background_color=\u00bb#f4f4f4&#8243; item_padding=\u00bb160px 200px\u00bb item_padding_1280_1440=\u00bb90px\u00bb item_padding_1024_1280=\u00bb80px\u00bb item_padding_768_1024=\u00bb60px\u00bb item_padding_600_768=\u00bb90px\u00bb item_padding_480_600=\u00bb90px 40px\u00bb item_padding_480=\u00bb90px 40px\u00bb][vc_empty_space height=\u00bb22px\u00bb][vc_empty_space height=\u00bb22px\u00bb][vc_column_text] La base de nuestro trabajo es colaborar con nuestros&#8230;<\/p>\n","protected":false},"author":1,"featured_media":0,"parent":0,"menu_order":0,"comment_status":"closed","ping_status":"closed","template":"full_width.php","meta":{"footnotes":""},"class_list":["post-185","page","type-page","status-publish","hentry"],"_links":{"self":[{"href":"https:\/\/llorensgmr.com\/es\/wp-json\/wp\/v2\/pages\/185","targetHints":{"allow":["GET"]}}],"collection":[{"href":"https:\/\/llorensgmr.com\/es\/wp-json\/wp\/v2\/pages"}],"about":[{"href":"https:\/\/llorensgmr.com\/es\/wp-json\/wp\/v2\/types\/page"}],"author":[{"embeddable":true,"href":"https:\/\/llorensgmr.com\/es\/wp-json\/wp\/v2\/users\/1"}],"replies":[{"embeddable":true,"href":"https:\/\/llorensgmr.com\/es\/wp-json\/wp\/v2\/comments?post=185"}],"version-history":[{"count":16,"href":"https:\/\/llorensgmr.com\/es\/wp-json\/wp\/v2\/pages\/185\/revisions"}],"predecessor-version":[{"id":527,"href":"https:\/\/llorensgmr.com\/es\/wp-json\/wp\/v2\/pages\/185\/revisions\/527"}],"wp:attachment":[{"href":"https:\/\/llorensgmr.com\/es\/wp-json\/wp\/v2\/media?parent=185"}],"curies":[{"name":"wp","href":"https:\/\/api.w.org\/{rel}","templated":true}]}}