{"id":182,"date":"2020-12-07T12:24:57","date_gmt":"2020-12-07T12:24:57","guid":{"rendered":"https:\/\/llorensgmr.com\/?page_id=182"},"modified":"2021-10-05T08:05:55","modified_gmt":"2021-10-05T07:05:55","slug":"asesoria-medioambiental","status":"publish","type":"page","link":"https:\/\/llorensgmr.com\/es\/asesoria-medioambiental\/","title":{"rendered":"Asesoria Medioambiental"},"content":{"rendered":"<div class=\"wpb-content-wrapper\"><p>[vc_row css_animation=\u00bb\u00bb row_type=\u00bbrow\u00bb use_row_as_full_screen_section=\u00bbno\u00bb type=\u00bbfull_width\u00bb angled_section=\u00bbno\u00bb text_align=\u00bbleft\u00bb background_image_as_pattern=\u00bbwithout_pattern\u00bb][vc_column][qode_elements_holder number_of_columns=\u00bbtwo_columns\u00bb][qode_elements_holder_item cover=\u00bbyes\u00bb advanced_animations=\u00bbno\u00bb background_image=\u00bb269&#8243; item_padding_600_768=\u00bb250px\u00bb item_padding_480_600=\u00bb200px\u00bb item_padding_480=\u00bb200px\u00bb][\/qode_elements_holder_item][qode_elements_holder_item advanced_animations=\u00bbno\u00bb background_color=\u00bb#f4f4f4&#8243; item_padding=\u00bb160px 200px\u00bb item_padding_1280_1440=\u00bb90px\u00bb item_padding_1024_1280=\u00bb80px\u00bb item_padding_768_1024=\u00bb60px\u00bb item_padding_600_768=\u00bb90px\u00bb item_padding_480_600=\u00bb90px 40px\u00bb item_padding_480=\u00bb90px 40px\u00bb][vc_empty_space height=\u00bb22px\u00bb][vc_column_text]<\/p>\n<h2 style=\"text-align: justify;\">ASESORIA MEDIOAMBIENTAL<\/h2>\n<p>[\/vc_column_text][vc_separator type=\u00bbsmall\u00bb position=\u00bbleft\u00bb color=\u00bb#009877&#8243;][vc_empty_space height=\u00bb22px\u00bb][vc_column_text]<\/p>\n<p style=\"text-align: justify;\">El creciente inter\u00e9s de las empresas por el medio ambiente y el hecho que la administraci\u00f3n es cada vez m\u00e1s exigente con estos temas, hace que muchas empresas necesiten asesoramiento para identificar el modo m\u00e1s correcto de llevar a cabo su proceso productivo generando el m\u00ednimo impacto en el medio ambiente.<\/p>\n<p>&nbsp;<\/p>\n<p style=\"text-align: justify;\"><strong>Llorens|gmr<\/strong>, ofrece a sus clientes los medios necesarios para la resoluci\u00f3n de todas las cuestiones relacionadas con la tem\u00e1tica ambiental y de sus obligaciones como productor de residuos, tales como:<\/p>\n<p>&nbsp;<\/p>\n<p style=\"text-align: justify;\">\u00b7 Cumplimiento de la legislaci\u00f3n medioambiental pertinente.<\/p>\n<p>&nbsp;<\/p>\n<p style=\"text-align: justify;\">\u00b7 Acompa\u00f1amiento en la implementaci\u00f3n de sistemas de gesti\u00f3n ambiental (Norma ISO 14001)<\/p>\n<p>&nbsp;<\/p>\n<p style=\"text-align: justify;\">\u00b7 Realizaci\u00f3n de auditor\u00edas que eval\u00faen indicadores ambientales determinados en su actividad productiva del d\u00eda a d\u00eda.<\/p>\n<p>&nbsp;<\/p>\n<p style=\"text-align: justify;\">\u00b7 Ayuda en la obtenci\u00f3n de subvenciones de distintos niveles de la Administraci\u00f3n por la implantaci\u00f3n de sistemas de gesti\u00f3n ambiental.<\/p>\n<p>&nbsp;<\/p>\n<p style=\"text-align: justify;\">\u00b7 Proyectos de reducci\u00f3n, tratamiento y reciclaje de residuos en origen<\/p>\n<p>&nbsp;<\/p>\n<p style=\"text-align: justify;\">\u00b7 Asesoramiento y coordinaci\u00f3n para la caracterizaci\u00f3n y an\u00e1lisis de residuos<\/p>\n<p>&nbsp;<\/p>\n<p style=\"text-align: justify;\">\u00b7 Estudio de minimizaci\u00f3n de residuos peligrosos y no peligrosos<\/p>\n<p>&nbsp;<\/p>\n<p class=\"p1\"><span class=\"s1\">\u00b7 Realizaci\u00f3n de DARI\u2019s (Declaraci\u00f3n Ambiental de Residuos Industriales)<\/span><\/p>\n<p>&nbsp;<\/p>\n<p class=\"p1\"><span class=\"s1\">\u00b7 Tramitaci\u00f3n de c\u00f3digos de productor<\/span><\/p>\n<p>&nbsp;<\/p>\n<p class=\"p1\"><span class=\"s1\">\u00b7 Tramitaci\u00f3n de la Catalogaci\u00f3n de residuos<\/span><\/p>\n<p>&nbsp;<\/p>\n<p class=\"p1\"><span class=\"s1\">\u00b7 Tramitaci\u00f3n de toda la documentaci\u00f3n relacionada con la gesti\u00f3n de residuos (recogida, transporte, v\u00edas de gesti\u00f3n)<\/span><\/p>\n<p>[\/vc_column_text][vc_empty_space height=\u00bb22px\u00bb][\/qode_elements_holder_item][\/qode_elements_holder][\/vc_column][\/vc_row]<\/p>\n<\/div>","protected":false},"excerpt":{"rendered":"<p>[vc_row css_animation=\u00bb\u00bb row_type=\u00bbrow\u00bb use_row_as_full_screen_section=\u00bbno\u00bb type=\u00bbfull_width\u00bb angled_section=\u00bbno\u00bb text_align=\u00bbleft\u00bb background_image_as_pattern=\u00bbwithout_pattern\u00bb][vc_column][qode_elements_holder number_of_columns=\u00bbtwo_columns\u00bb][qode_elements_holder_item cover=\u00bbyes\u00bb advanced_animations=\u00bbno\u00bb background_image=\u00bb269&#8243; item_padding_600_768=\u00bb250px\u00bb item_padding_480_600=\u00bb200px\u00bb item_padding_480=\u00bb200px\u00bb][\/qode_elements_holder_item][qode_elements_holder_item advanced_animations=\u00bbno\u00bb background_color=\u00bb#f4f4f4&#8243; item_padding=\u00bb160px 200px\u00bb item_padding_1280_1440=\u00bb90px\u00bb item_padding_1024_1280=\u00bb80px\u00bb item_padding_768_1024=\u00bb60px\u00bb item_padding_600_768=\u00bb90px\u00bb item_padding_480_600=\u00bb90px 40px\u00bb item_padding_480=\u00bb90px 40px\u00bb][vc_empty_space height=\u00bb22px\u00bb][vc_column_text] ASESORIA MEDIOAMBIENTAL [\/vc_column_text][vc_separator type=\u00bbsmall\u00bb position=\u00bbleft\u00bb color=\u00bb#009877&#8243;][vc_empty_space height=\u00bb22px\u00bb][vc_column_text] El creciente inter\u00e9s de las empresas por el medio ambiente&#8230;<\/p>\n","protected":false},"author":1,"featured_media":0,"parent":0,"menu_order":0,"comment_status":"closed","ping_status":"closed","template":"full_width.php","meta":{"footnotes":""},"class_list":["post-182","page","type-page","status-publish","hentry"],"_links":{"self":[{"href":"https:\/\/llorensgmr.com\/es\/wp-json\/wp\/v2\/pages\/182","targetHints":{"allow":["GET"]}}],"collection":[{"href":"https:\/\/llorensgmr.com\/es\/wp-json\/wp\/v2\/pages"}],"about":[{"href":"https:\/\/llorensgmr.com\/es\/wp-json\/wp\/v2\/types\/page"}],"author":[{"embeddable":true,"href":"https:\/\/llorensgmr.com\/es\/wp-json\/wp\/v2\/users\/1"}],"replies":[{"embeddable":true,"href":"https:\/\/llorensgmr.com\/es\/wp-json\/wp\/v2\/comments?post=182"}],"version-history":[{"count":5,"href":"https:\/\/llorensgmr.com\/es\/wp-json\/wp\/v2\/pages\/182\/revisions"}],"predecessor-version":[{"id":2055,"href":"https:\/\/llorensgmr.com\/es\/wp-json\/wp\/v2\/pages\/182\/revisions\/2055"}],"wp:attachment":[{"href":"https:\/\/llorensgmr.com\/es\/wp-json\/wp\/v2\/media?parent=182"}],"curies":[{"name":"wp","href":"https:\/\/api.w.org\/{rel}","templated":true}]}}