{"id":141,"date":"2020-12-02T10:19:10","date_gmt":"2020-12-02T10:19:10","guid":{"rendered":"https:\/\/llorensgmr.com\/?page_id=141"},"modified":"2021-01-27T08:59:46","modified_gmt":"2021-01-27T08:59:46","slug":"vidrio","status":"publish","type":"page","link":"https:\/\/llorensgmr.com\/es\/vidrio\/","title":{"rendered":"Vidrio"},"content":{"rendered":"<div class=\"wpb-content-wrapper\"><p>[vc_row css_animation=\u00bb\u00bb row_type=\u00bbrow\u00bb use_row_as_full_screen_section=\u00bbno\u00bb type=\u00bbfull_width\u00bb angled_section=\u00bbno\u00bb text_align=\u00bbleft\u00bb background_image_as_pattern=\u00bbwithout_pattern\u00bb][vc_column offset=\u00bbvc_hidden-lg vc_hidden-md\u00bb][qode_elements_holder number_of_columns=\u00bbtwo_columns\u00bb][qode_elements_holder_item cover=\u00bbyes\u00bb advanced_animations=\u00bbno\u00bb background_image=\u00bb378&#8243; item_padding_600_768=\u00bb250px\u00bb item_padding_480_600=\u00bb200px\u00bb item_padding_480=\u00bb200px\u00bb][vc_single_image image=\u00bb322&#8243; img_size=\u00bbfull\u00bb alignment=\u00bbcenter\u00bb qode_css_animation=\u00bb\u00bb qode_hover_animation=\u00bbzoom_in\u00bb][\/qode_elements_holder_item][qode_elements_holder_item advanced_animations=\u00bbno\u00bb background_color=\u00bb#f4f4f4&#8243; item_padding=\u00bb160px 200px\u00bb item_padding_1280_1440=\u00bb90px\u00bb item_padding_1024_1280=\u00bb80px\u00bb item_padding_768_1024=\u00bb60px\u00bb item_padding_600_768=\u00bb90px\u00bb item_padding_480_600=\u00bb90px 40px\u00bb item_padding_480=\u00bb90px 40px\u00bb][vc_empty_space height=\u00bb22px\u00bb][vc_empty_space height=\u00bb22px\u00bb][vc_column_text]<\/p>\n<p style=\"text-align: justify;\"><strong>Llorens|gmr<\/strong> gestiona material vidrio desde sus inicios. En nuestra planta se hace una primera clasificaci\u00f3n por color. Se separa cualquier material impropio que lleve como tapas met\u00e1licas y etiquetas, y seguidamente el vidrio, ya limpio, se tritura y se envasa para enviar a empresas que fabricar\u00e1n nuevos productos con id\u00e9nticas propiedades respecto al vidrio fabricado directamente de los recursos naturales.<\/p>\n<p>[\/vc_column_text][vc_empty_space height=\u00bb22px\u00bb][\/qode_elements_holder_item][\/qode_elements_holder][\/vc_column][\/vc_row][vc_row css_animation=\u00bb\u00bb row_type=\u00bbrow\u00bb use_row_as_full_screen_section=\u00bbno\u00bb type=\u00bbfull_width\u00bb angled_section=\u00bbno\u00bb text_align=\u00bbleft\u00bb background_image_as_pattern=\u00bbwithout_pattern\u00bb][vc_column offset=\u00bbvc_hidden-sm vc_hidden-xs\u00bb][qode_elements_holder number_of_columns=\u00bbtwo_columns\u00bb][qode_elements_holder_item cover=\u00bbyes\u00bb advanced_animations=\u00bbno\u00bb background_image=\u00bb378&#8243; item_padding_600_768=\u00bb250px\u00bb item_padding_480_600=\u00bb200px\u00bb item_padding_480=\u00bb200px\u00bb][vc_empty_space height=\u00bb400px\u00bb][vc_single_image image=\u00bb322&#8243; img_size=\u00bbfull\u00bb alignment=\u00bbcenter\u00bb qode_css_animation=\u00bb\u00bb qode_hover_animation=\u00bbzoom_in\u00bb][vc_empty_space height=\u00bb400px\u00bb][\/qode_elements_holder_item][qode_elements_holder_item advanced_animations=\u00bbno\u00bb background_color=\u00bb#f4f4f4&#8243; item_padding=\u00bb160px 200px\u00bb item_padding_1280_1440=\u00bb90px\u00bb item_padding_1024_1280=\u00bb80px\u00bb item_padding_768_1024=\u00bb60px\u00bb item_padding_600_768=\u00bb90px\u00bb item_padding_480_600=\u00bb90px 40px\u00bb item_padding_480=\u00bb90px 40px\u00bb][vc_empty_space height=\u00bb22px\u00bb][vc_empty_space height=\u00bb22px\u00bb][vc_column_text]<\/p>\n<p style=\"text-align: justify;\"><strong>Llorens|gmr<\/strong> gestiona material vidrio desde sus inicios. En nuestra planta se hace una primera clasificaci\u00f3n por color. Se separa cualquier material impropio que lleve como tapas met\u00e1licas y etiquetas, y seguidamente el vidrio, ya limpio, se tritura y se envasa para enviar a empresas que fabricar\u00e1n nuevos productos con id\u00e9nticas propiedades respecto al vidrio fabricado directamente de los recursos naturales.<\/p>\n<p>[\/vc_column_text][vc_empty_space height=\u00bb22px\u00bb][\/qode_elements_holder_item][\/qode_elements_holder][\/vc_column][\/vc_row]<\/p>\n<\/div>","protected":false},"excerpt":{"rendered":"<p>[vc_row css_animation=\u00bb\u00bb row_type=\u00bbrow\u00bb use_row_as_full_screen_section=\u00bbno\u00bb type=\u00bbfull_width\u00bb angled_section=\u00bbno\u00bb text_align=\u00bbleft\u00bb background_image_as_pattern=\u00bbwithout_pattern\u00bb][vc_column offset=\u00bbvc_hidden-lg vc_hidden-md\u00bb][qode_elements_holder number_of_columns=\u00bbtwo_columns\u00bb][qode_elements_holder_item cover=\u00bbyes\u00bb advanced_animations=\u00bbno\u00bb background_image=\u00bb378&#8243; item_padding_600_768=\u00bb250px\u00bb item_padding_480_600=\u00bb200px\u00bb item_padding_480=\u00bb200px\u00bb][vc_single_image image=\u00bb322&#8243; img_size=\u00bbfull\u00bb alignment=\u00bbcenter\u00bb qode_css_animation=\u00bb\u00bb qode_hover_animation=\u00bbzoom_in\u00bb][\/qode_elements_holder_item][qode_elements_holder_item advanced_animations=\u00bbno\u00bb background_color=\u00bb#f4f4f4&#8243; item_padding=\u00bb160px 200px\u00bb item_padding_1280_1440=\u00bb90px\u00bb item_padding_1024_1280=\u00bb80px\u00bb item_padding_768_1024=\u00bb60px\u00bb item_padding_600_768=\u00bb90px\u00bb item_padding_480_600=\u00bb90px 40px\u00bb item_padding_480=\u00bb90px 40px\u00bb][vc_empty_space height=\u00bb22px\u00bb][vc_empty_space height=\u00bb22px\u00bb][vc_column_text] Llorens|gmr gestiona material vidrio desde sus inicios. En nuestra&#8230;<\/p>\n","protected":false},"author":1,"featured_media":0,"parent":0,"menu_order":0,"comment_status":"closed","ping_status":"closed","template":"full_width.php","meta":{"footnotes":""},"class_list":["post-141","page","type-page","status-publish","hentry"],"_links":{"self":[{"href":"https:\/\/llorensgmr.com\/es\/wp-json\/wp\/v2\/pages\/141","targetHints":{"allow":["GET"]}}],"collection":[{"href":"https:\/\/llorensgmr.com\/es\/wp-json\/wp\/v2\/pages"}],"about":[{"href":"https:\/\/llorensgmr.com\/es\/wp-json\/wp\/v2\/types\/page"}],"author":[{"embeddable":true,"href":"https:\/\/llorensgmr.com\/es\/wp-json\/wp\/v2\/users\/1"}],"replies":[{"embeddable":true,"href":"https:\/\/llorensgmr.com\/es\/wp-json\/wp\/v2\/comments?post=141"}],"version-history":[{"count":6,"href":"https:\/\/llorensgmr.com\/es\/wp-json\/wp\/v2\/pages\/141\/revisions"}],"predecessor-version":[{"id":525,"href":"https:\/\/llorensgmr.com\/es\/wp-json\/wp\/v2\/pages\/141\/revisions\/525"}],"wp:attachment":[{"href":"https:\/\/llorensgmr.com\/es\/wp-json\/wp\/v2\/media?parent=141"}],"curies":[{"name":"wp","href":"https:\/\/api.w.org\/{rel}","templated":true}]}}