{"id":132,"date":"2020-12-02T10:18:26","date_gmt":"2020-12-02T10:18:26","guid":{"rendered":"https:\/\/llorensgmr.com\/?page_id=132"},"modified":"2024-03-05T09:59:35","modified_gmt":"2024-03-05T08:59:35","slug":"plastico-flexible","status":"publish","type":"page","link":"https:\/\/llorensgmr.com\/es\/plastico-flexible\/","title":{"rendered":"Pl\u00e1stico Flexible"},"content":{"rendered":"<div class=\"wpb-content-wrapper\"><p>[vc_row css_animation=\u00bb\u00bb row_type=\u00bbrow\u00bb use_row_as_full_screen_section=\u00bbno\u00bb type=\u00bbfull_width\u00bb angled_section=\u00bbno\u00bb text_align=\u00bbleft\u00bb background_image_as_pattern=\u00bbwithout_pattern\u00bb][vc_column][qode_elements_holder number_of_columns=\u00bbtwo_columns\u00bb][qode_elements_holder_item cover=\u00bbyes\u00bb advanced_animations=\u00bbno\u00bb background_image=\u00bb353&#8243; item_padding_600_768=\u00bb250px\u00bb item_padding_480_600=\u00bb200px\u00bb item_padding_480=\u00bb200px\u00bb][vc_empty_space height=\u00bb22px\u00bb][vc_single_image image=\u00bb317&#8243; img_size=\u00bbfull\u00bb qode_css_animation=\u00bb\u00bb qode_hover_animation=\u00bbzoom_in\u00bb][vc_empty_space height=\u00bb22px\u00bb][\/qode_elements_holder_item][qode_elements_holder_item advanced_animations=\u00bbno\u00bb background_color=\u00bb#f4f4f4&#8243; item_padding=\u00bb160px 200px\u00bb item_padding_1280_1440=\u00bb90px\u00bb item_padding_1024_1280=\u00bb80px\u00bb item_padding_768_1024=\u00bb60px\u00bb item_padding_600_768=\u00bb90px\u00bb item_padding_480_600=\u00bb90px 40px\u00bb item_padding_480=\u00bb90px 40px\u00bb][vc_empty_space height=\u00bb22px\u00bb][vc_empty_space height=\u00bb22px\u00bb][vc_column_text]<\/p>\n<p style=\"text-align: justify;\">LLorens|gmr dispone de la planta de tratamiento y reciclado de pl\u00e1stico film postindustrial equipada con la \u00faltima tecnolog\u00eda para garantizar el mejor proceso de segregaci\u00f3n por colores y descarte de material no reciclable.<\/p>\n<p>&nbsp;<\/p>\n<p style=\"text-align: justify;\">Nuestro proceso de reciclado comprende las siguientes fases:<br \/>\n&#8211; Separaci\u00f3n \u00f3ptica con la que se consigue una pureza de PE de casi el 100%<br \/>\n&#8211; Lavado para eliminar restos de suciedad y posible materia org\u00e1nica<br \/>\n&#8211; Triturado y secado de las part\u00edculas de PE<br \/>\n&#8211; Extrusi\u00f3n y fabricaci\u00f3n de granza de pl\u00e1stico de recuperaci\u00f3n.<\/p>\n<p style=\"text-align: justify;\">&#8211; <span class=\"s2\">Ensacado en bigbags seg\u00fan las necesidades del cliente.<\/span><\/p>\n<p>&nbsp;<\/p>\n<p style=\"text-align: justify;\"><strong>LLorens|gmr<\/strong> incorpora un sistema de tratamiento de agua en circuito cerrado, que permite la reutilizaci\u00f3n de gran parte del agua de lavado y el vertido del resto en las condiciones ambientales exigidas.<\/p>\n<p>&nbsp;<\/p>\n<p style=\"text-align: justify;\">Nuestro sistema de reciclaje garantiza la econom\u00eda circular, devolviendo al mercado la mayor parte del residuo de pl\u00e1stico film de nuestros clientes.<br \/>\nEl producto obtenido del reciclado de pl\u00e1stico film usado equivale en calidad y precio a los productos de pl\u00e1stico de primera transformaci\u00f3n.<\/p>\n<p>[\/vc_column_text][vc_empty_space height=\u00bb22px\u00bb][vc_single_image image=\u00bb2611&#8243; img_size=\u00bbfull\u00bb alignment=\u00bbcenter\u00bb qode_css_animation=\u00bb\u00bb][vc_empty_space height=\u00bb22px\u00bb][vc_empty_space height=\u00bb22px\u00bb][\/qode_elements_holder_item][\/qode_elements_holder][\/vc_column][\/vc_row][vc_row css_animation=\u00bb\u00bb row_type=\u00bbrow\u00bb use_row_as_full_screen_section=\u00bbno\u00bb type=\u00bbfull_width\u00bb angled_section=\u00bbno\u00bb text_align=\u00bbleft\u00bb background_image_as_pattern=\u00bbwithout_pattern\u00bb][vc_column][vc_video link=\u00bbhttps:\/\/youtu.be\/zATnzDY5KA4&#8243;][\/vc_column][\/vc_row]<\/p>\n<\/div>","protected":false},"excerpt":{"rendered":"<p>[vc_row css_animation=\u00bb\u00bb row_type=\u00bbrow\u00bb use_row_as_full_screen_section=\u00bbno\u00bb type=\u00bbfull_width\u00bb angled_section=\u00bbno\u00bb text_align=\u00bbleft\u00bb background_image_as_pattern=\u00bbwithout_pattern\u00bb][vc_column][qode_elements_holder number_of_columns=\u00bbtwo_columns\u00bb][qode_elements_holder_item cover=\u00bbyes\u00bb advanced_animations=\u00bbno\u00bb background_image=\u00bb353&#8243; item_padding_600_768=\u00bb250px\u00bb item_padding_480_600=\u00bb200px\u00bb item_padding_480=\u00bb200px\u00bb][vc_empty_space height=\u00bb22px\u00bb][vc_single_image image=\u00bb317&#8243; img_size=\u00bbfull\u00bb qode_css_animation=\u00bb\u00bb qode_hover_animation=\u00bbzoom_in\u00bb][vc_empty_space height=\u00bb22px\u00bb][\/qode_elements_holder_item][qode_elements_holder_item advanced_animations=\u00bbno\u00bb background_color=\u00bb#f4f4f4&#8243; item_padding=\u00bb160px 200px\u00bb item_padding_1280_1440=\u00bb90px\u00bb item_padding_1024_1280=\u00bb80px\u00bb item_padding_768_1024=\u00bb60px\u00bb item_padding_600_768=\u00bb90px\u00bb item_padding_480_600=\u00bb90px 40px\u00bb item_padding_480=\u00bb90px 40px\u00bb][vc_empty_space height=\u00bb22px\u00bb][vc_empty_space height=\u00bb22px\u00bb][vc_column_text] LLorens|gmr dispone de la planta de tratamiento y reciclado de&#8230;<\/p>\n","protected":false},"author":1,"featured_media":0,"parent":0,"menu_order":0,"comment_status":"closed","ping_status":"closed","template":"full_width.php","meta":{"footnotes":""},"class_list":["post-132","page","type-page","status-publish","hentry"],"_links":{"self":[{"href":"https:\/\/llorensgmr.com\/es\/wp-json\/wp\/v2\/pages\/132","targetHints":{"allow":["GET"]}}],"collection":[{"href":"https:\/\/llorensgmr.com\/es\/wp-json\/wp\/v2\/pages"}],"about":[{"href":"https:\/\/llorensgmr.com\/es\/wp-json\/wp\/v2\/types\/page"}],"author":[{"embeddable":true,"href":"https:\/\/llorensgmr.com\/es\/wp-json\/wp\/v2\/users\/1"}],"replies":[{"embeddable":true,"href":"https:\/\/llorensgmr.com\/es\/wp-json\/wp\/v2\/comments?post=132"}],"version-history":[{"count":13,"href":"https:\/\/llorensgmr.com\/es\/wp-json\/wp\/v2\/pages\/132\/revisions"}],"predecessor-version":[{"id":2615,"href":"https:\/\/llorensgmr.com\/es\/wp-json\/wp\/v2\/pages\/132\/revisions\/2615"}],"wp:attachment":[{"href":"https:\/\/llorensgmr.com\/es\/wp-json\/wp\/v2\/media?parent=132"}],"curies":[{"name":"wp","href":"https:\/\/api.w.org\/{rel}","templated":true}]}}