{"id":131,"date":"2020-12-02T10:18:18","date_gmt":"2020-12-02T10:18:18","guid":{"rendered":"https:\/\/llorensgmr.com\/?page_id=131"},"modified":"2021-10-05T08:48:35","modified_gmt":"2021-10-05T07:48:35","slug":"raee","status":"publish","type":"page","link":"https:\/\/llorensgmr.com\/es\/raee\/","title":{"rendered":"RAEE"},"content":{"rendered":"<div class=\"wpb-content-wrapper\"><p>[vc_row css_animation=\u00bb\u00bb row_type=\u00bbrow\u00bb use_row_as_full_screen_section=\u00bbno\u00bb type=\u00bbfull_width\u00bb angled_section=\u00bbno\u00bb text_align=\u00bbleft\u00bb background_image_as_pattern=\u00bbwithout_pattern\u00bb][vc_column][qode_elements_holder number_of_columns=\u00bbtwo_columns\u00bb][qode_elements_holder_item cover=\u00bbyes\u00bb advanced_animations=\u00bbno\u00bb background_image=\u00bb349&#8243; item_padding_600_768=\u00bb250px\u00bb item_padding_480_600=\u00bb200px\u00bb item_padding_480=\u00bb200px\u00bb][vc_empty_space height=\u00bb22px\u00bb][vc_single_image image=\u00bb320&#8243; img_size=\u00bbfull\u00bb alignment=\u00bbcenter\u00bb qode_css_animation=\u00bb\u00bb qode_hover_animation=\u00bbzoom_in\u00bb][vc_empty_space height=\u00bb22px\u00bb][\/qode_elements_holder_item][qode_elements_holder_item advanced_animations=\u00bbno\u00bb background_color=\u00bb#f4f4f4&#8243; item_padding=\u00bb160px 200px\u00bb item_padding_1280_1440=\u00bb90px\u00bb item_padding_1024_1280=\u00bb80px\u00bb item_padding_768_1024=\u00bb60px\u00bb item_padding_600_768=\u00bb90px\u00bb item_padding_480_600=\u00bb90px 40px\u00bb item_padding_480=\u00bb90px 40px\u00bb][vc_empty_space height=\u00bb22px\u00bb][vc_empty_space height=\u00bb22px\u00bb][vc_column_text]<\/p>\n<p style=\"text-align: justify;\">Todos los aparatos el\u00e9ctricos y electr\u00f3nicos que han llegado al final de su vida \u00fatil pasan a ser residuos y deben ser tratados por un gestor especializado ya que pueden contener materiales, fluidos y gases peligrosos que contaminan el medio ambiente y pueden ser perjudiciales para la salud.<\/p>\n<p>&nbsp;<\/p>\n<p style=\"text-align: justify;\">Todas las etapas de la gesti\u00f3n de estos aparatos deben hacerse en unas condiciones que garanticen su seguridad. <strong>Llorens|gmr<\/strong> ofrece una recogida separada para evitar mezclarse con otros residuos y un transporte y manipulado por personal cualificado evitando posibles roturas que puedan liberar las sustancias peligrosas al medio ambiente.<\/p>\n<p>&nbsp;<\/p>\n<p style=\"text-align: justify;\">Una vez en nuestra planta, <strong>Llorens|gmr<\/strong>, desmonta los aparatos separando todos los componentes para poder tratarlos de manera independiente. Se prioriza la selecci\u00f3n las partes funcionales que se pueden reutilizar, se a\u00edslan los materiales contaminantes y los residuos sobrantes que se pueden reciclar son tratados mediante procesos mec\u00e1nicos de trituraci\u00f3n, generando diferentes fracciones de materiales que posteriormente se reciclan y valorizan.<\/p>\n<p>[\/vc_column_text][vc_empty_space height=\u00bb22px\u00bb][vc_empty_space height=\u00bb22px\u00bb][\/qode_elements_holder_item][\/qode_elements_holder][\/vc_column][\/vc_row]<\/p>\n<\/div>","protected":false},"excerpt":{"rendered":"<p>[vc_row css_animation=\u00bb\u00bb row_type=\u00bbrow\u00bb use_row_as_full_screen_section=\u00bbno\u00bb type=\u00bbfull_width\u00bb angled_section=\u00bbno\u00bb text_align=\u00bbleft\u00bb background_image_as_pattern=\u00bbwithout_pattern\u00bb][vc_column][qode_elements_holder number_of_columns=\u00bbtwo_columns\u00bb][qode_elements_holder_item cover=\u00bbyes\u00bb advanced_animations=\u00bbno\u00bb background_image=\u00bb349&#8243; item_padding_600_768=\u00bb250px\u00bb item_padding_480_600=\u00bb200px\u00bb item_padding_480=\u00bb200px\u00bb][vc_empty_space height=\u00bb22px\u00bb][vc_single_image image=\u00bb320&#8243; img_size=\u00bbfull\u00bb alignment=\u00bbcenter\u00bb qode_css_animation=\u00bb\u00bb qode_hover_animation=\u00bbzoom_in\u00bb][vc_empty_space height=\u00bb22px\u00bb][\/qode_elements_holder_item][qode_elements_holder_item advanced_animations=\u00bbno\u00bb background_color=\u00bb#f4f4f4&#8243; item_padding=\u00bb160px 200px\u00bb item_padding_1280_1440=\u00bb90px\u00bb item_padding_1024_1280=\u00bb80px\u00bb item_padding_768_1024=\u00bb60px\u00bb item_padding_600_768=\u00bb90px\u00bb item_padding_480_600=\u00bb90px 40px\u00bb item_padding_480=\u00bb90px 40px\u00bb][vc_empty_space height=\u00bb22px\u00bb][vc_empty_space height=\u00bb22px\u00bb][vc_column_text] Todos los aparatos el\u00e9ctricos y electr\u00f3nicos que han llegado&#8230;<\/p>\n","protected":false},"author":1,"featured_media":0,"parent":0,"menu_order":0,"comment_status":"closed","ping_status":"closed","template":"full_width.php","meta":{"footnotes":""},"class_list":["post-131","page","type-page","status-publish","hentry"],"_links":{"self":[{"href":"https:\/\/llorensgmr.com\/es\/wp-json\/wp\/v2\/pages\/131","targetHints":{"allow":["GET"]}}],"collection":[{"href":"https:\/\/llorensgmr.com\/es\/wp-json\/wp\/v2\/pages"}],"about":[{"href":"https:\/\/llorensgmr.com\/es\/wp-json\/wp\/v2\/types\/page"}],"author":[{"embeddable":true,"href":"https:\/\/llorensgmr.com\/es\/wp-json\/wp\/v2\/users\/1"}],"replies":[{"embeddable":true,"href":"https:\/\/llorensgmr.com\/es\/wp-json\/wp\/v2\/comments?post=131"}],"version-history":[{"count":9,"href":"https:\/\/llorensgmr.com\/es\/wp-json\/wp\/v2\/pages\/131\/revisions"}],"predecessor-version":[{"id":2078,"href":"https:\/\/llorensgmr.com\/es\/wp-json\/wp\/v2\/pages\/131\/revisions\/2078"}],"wp:attachment":[{"href":"https:\/\/llorensgmr.com\/es\/wp-json\/wp\/v2\/media?parent=131"}],"curies":[{"name":"wp","href":"https:\/\/api.w.org\/{rel}","templated":true}]}}