{"id":13,"date":"2020-11-12T15:47:39","date_gmt":"2020-11-12T15:47:39","guid":{"rendered":"https:\/\/llorensgmr.com\/?page_id=13"},"modified":"2026-04-09T08:56:46","modified_gmt":"2026-04-09T07:56:46","slug":"empresa","status":"publish","type":"page","link":"https:\/\/llorensgmr.com\/es\/empresa\/","title":{"rendered":"Empresa"},"content":{"rendered":"<div class=\"wpb-content-wrapper\"><p>[vc_row css_animation=\u00bb\u00bb row_type=\u00bbrow\u00bb use_row_as_full_screen_section=\u00bbno\u00bb type=\u00bbfull_width\u00bb angled_section=\u00bbno\u00bb text_align=\u00bbleft\u00bb background_image_as_pattern=\u00bbwithout_pattern\u00bb][vc_column][qode_elements_holder number_of_columns=\u00bbtwo_columns\u00bb][qode_elements_holder_item cover=\u00bbyes\u00bb advanced_animations=\u00bbno\u00bb background_image=\u00bb210&#8243; item_padding_600_768=\u00bb250px\u00bb item_padding_480_600=\u00bb200px\u00bb item_padding_480=\u00bb200px\u00bb][\/qode_elements_holder_item][qode_elements_holder_item advanced_animations=\u00bbno\u00bb background_color=\u00bb#f4f4f4&#8243; item_padding=\u00bb160px 200px\u00bb item_padding_1280_1440=\u00bb90px\u00bb item_padding_1024_1280=\u00bb80px\u00bb item_padding_768_1024=\u00bb60px\u00bb item_padding_600_768=\u00bb90px\u00bb item_padding_480_600=\u00bb90px 40px\u00bb item_padding_480=\u00bb90px 40px\u00bb][vc_empty_space height=\u00bb22px\u00bb][vc_column_text]<\/p>\n<h2 style=\"text-align: justify;\">Empresa<\/h2>\n<p>[\/vc_column_text][vc_separator type=\u00bbsmall\u00bb position=\u00bbleft\u00bb color=\u00bb#009877&#8243;][vc_empty_space height=\u00bb22px\u00bb][vc_column_text]<\/p>\n<p style=\"text-align: justify;\">Creada el 1950, <strong>Llorens|gmr<\/strong> es una empresa experta en la gesti\u00f3n y tratamiento de todo tipo de residuos generados por la industria.<\/p>\n<p>&nbsp;<\/p>\n<p style=\"text-align: justify;\">Ofrecemos un servicio integral totalmente personalizado, buscando la m\u00e1xima<br \/>\ncomodidad para el cliente y aplicando los m\u00e1s rigurosos protocolos de seguridad, siempre bajo el paraguas de la calidad, la eficiencia y la econom\u00eda circular.<\/p>\n<p>&nbsp;<\/p>\n<p style=\"text-align: justify;\">Acompa\u00f1amos a las empresas en su proceso de transformaci\u00f3n necesario para enfrentarse al desaf\u00edo m\u00e1s importante del siglo XXI, conseguir el 0% de residuo industrial en vertedero.<\/p>\n<p>&nbsp;<\/p>\n<p class=\"p1\"><strong><span class=\"s1\">Llorens|gmr<\/span> <\/strong>dispone de 5 plantas de tratamiento equipadas con la m\u00e1s avanzada y variada maquinaria que permite gestionar grandes vol\u00famenes de residuos con la m\u00e1xima rapidez y eficiencia.<\/p>\n<p>&nbsp;<\/p>\n<p style=\"text-align: justify;\">Nuestro \u00e1gil sistema log\u00edstico nos permite ofrecer un servicio r\u00e1pido, con garant\u00eda, y total trazabilidad manteniendo el m\u00e1ximo respeto por el medio ambiente.<\/p>\n<p>&nbsp;<\/p>\n<p style=\"text-align: justify;\"><strong>Llorens|gmr<\/strong> ofrece las mejores soluciones para la gesti\u00f3n integral de los residuos industriales de la manera m\u00e1s ecol\u00f3gica.<\/p>\n<p>[\/vc_column_text][vc_empty_space height=\u00bb22px\u00bb][\/qode_elements_holder_item][\/qode_elements_holder][\/vc_column][\/vc_row][vc_row css_animation=\u00bb\u00bb row_type=\u00bbrow\u00bb use_row_as_full_screen_section=\u00bbno\u00bb type=\u00bbfull_width\u00bb angled_section=\u00bbno\u00bb text_align=\u00bbleft\u00bb background_image_as_pattern=\u00bbwithout_pattern\u00bb][vc_column][vc_empty_space height=\u00bb50px\u00bb][vc_column_text]<\/p>\n<h2 style=\"text-align: center;\">CERTIFICADOS<\/h2>\n<p>[\/vc_column_text][vc_empty_space height=\u00bb25px\u00bb][\/vc_column][\/vc_row][vc_row css_animation=\u00bb\u00bb row_type=\u00bbrow\u00bb use_row_as_full_screen_section=\u00bbno\u00bb type=\u00bbgrid\u00bb angled_section=\u00bbno\u00bb text_align=\u00bbcenter\u00bb background_image_as_pattern=\u00bbwithout_pattern\u00bb z_index=\u00bb\u00bb][vc_column width=\u00bb1\/3&#8243;][vc_single_image image=\u00bb2362&#8243; img_size=\u00bb200&#215;200&#8243; alignment=\u00bbcenter\u00bb onclick=\u00bbcustom_link\u00bb img_link_target=\u00bb_blank\u00bb qode_css_animation=\u00bb\u00bb link=\u00bbhttps:\/\/llorensgmr.com\/wp-content\/uploads\/2025\/02\/20622099-UNE-15713-SEBASTIA-LLORENS-SLU-ESPANOL-1.pdf\u00bb][vc_single_image image=\u00bb2375&#8243; img_size=\u00bb200&#215;200&#8243; alignment=\u00bbcenter\u00bb onclick=\u00bbcustom_link\u00bb img_link_target=\u00bb_blank\u00bb css=\u00bb\u00bb qode_css_animation=\u00bb\u00bb link=\u00bbhttps:\/\/llorensgmr.com\/wp-content\/uploads\/2026\/04\/27634103-BUP-LLORENS-GMR-S.L.U.-ESPANOL.pdf\u00bb][vc_single_image image=\u00bb2366&#8243; img_size=\u00bb200&#215;200&#8243; alignment=\u00bbcenter\u00bb onclick=\u00bbcustom_link\u00bb img_link_target=\u00bb_blank\u00bb qode_css_animation=\u00bb\u00bb link=\u00bbhttps:\/\/llorensgmr.com\/wp-content\/uploads\/2025\/12\/PRPRO.RP007-1C0-Certificado_corregido_firmado.pdf\u00bb][\/vc_column][vc_column width=\u00bb1\/3&#8243;][vc_single_image image=\u00bb2369&#8243; img_size=\u00bb200&#215;200&#8243; alignment=\u00bbcenter\u00bb onclick=\u00bbcustom_link\u00bb img_link_target=\u00bb_blank\u00bb qode_css_animation=\u00bb\u00bb link=\u00bbhttps:\/\/llorensgmr.com\/wp-content\/uploads\/2025\/09\/25766583-PAPEL-Y-CARTON-LLORENS-GMR-SLU-ORDEN-TED-426-1_2.pdf\u00bb][vc_single_image image=\u00bb2372&#8243; img_size=\u00bb200&#215;200&#8243; alignment=\u00bbcenter\u00bb onclick=\u00bbcustom_link\u00bb img_link_target=\u00bb_blank\u00bb css=\u00bb\u00bb qode_css_animation=\u00bb\u00bb link=\u00bbhttps:\/\/llorensgmr.com\/wp-content\/uploads\/2026\/04\/27634103-BUQ-LLORENS-GMR-S.L.U.-ESPANOL.pdf\u00bb][vc_single_image image=\u00bb2366&#8243; img_size=\u00bb200&#215;200&#8243; alignment=\u00bbcenter\u00bb onclick=\u00bbcustom_link\u00bb img_link_target=\u00bb_blank\u00bb qode_css_animation=\u00bb\u00bb link=\u00bbhttps:\/\/llorensgmr.com\/wp-content\/uploads\/2025\/12\/PRPRO.RP008-1C0-Certificado_corregido_firmado.pdf\u00bb][vc_single_image image=\u00bb2539&#8243; img_size=\u00bb\u00bb alignment=\u00bbcenter\u00bb onclick=\u00bbcustom_link\u00bb img_link_target=\u00bb_blank\u00bb css=\u00bb.vc_custom_1740221650158{margin-top: 30px !important;}\u00bb qode_css_animation=\u00bb\u00bb link=\u00bbhttps:\/\/llorensgmr.com\/es\/ecoembes\/\u00bb][\/vc_column][vc_column width=\u00bb1\/3&#8243;][vc_single_image image=\u00bb2369&#8243; img_size=\u00bb200&#215;200&#8243; alignment=\u00bbcenter\u00bb onclick=\u00bbcustom_link\u00bb img_link_target=\u00bb_blank\u00bb qode_css_animation=\u00bb\u00bb link=\u00bbhttps:\/\/llorensgmr.com\/wp-content\/uploads\/2025\/09\/25766583-PAPEL-Y-CARTON-LLORENS-GMR-SLU-ORDEN-TED-426-2_2.pdf\u00bb][vc_single_image image=\u00bb2766&#8243; img_size=\u00bb200&#215;200&#8243; alignment=\u00bbcenter\u00bb onclick=\u00bbcustom_link\u00bb img_link_target=\u00bb_blank\u00bb qode_css_animation=\u00bb\u00bb link=\u00bbhttps:\/\/llorensgmr.com\/wp-content\/uploads\/2025\/02\/3FcR-p.2423-1C0-Certificado-ISO-9001-Rev.1.1_firmado.pdf\u00bb][vc_single_image image=\u00bb2366&#8243; img_size=\u00bb200&#215;200&#8243; alignment=\u00bbcenter\u00bb onclick=\u00bbcustom_link\u00bb img_link_target=\u00bb_blank\u00bb qode_css_animation=\u00bb\u00bb link=\u00bbhttps:\/\/llorensgmr.com\/wp-content\/uploads\/2025\/12\/PRPRO.RP433-1C0-Certificado_corregido_firmado.pdf\u00bb][\/vc_column][\/vc_row][vc_row css_animation=\u00bb\u00bb row_type=\u00bbrow\u00bb use_row_as_full_screen_section=\u00bbno\u00bb type=\u00bbfull_width\u00bb angled_section=\u00bbno\u00bb text_align=\u00bbleft\u00bb background_image_as_pattern=\u00bbwithout_pattern\u00bb][vc_column][vc_empty_space height=\u00bb50px\u00bb][\/vc_column][\/vc_row]<\/p>\n<\/div>","protected":false},"excerpt":{"rendered":"<p>[vc_row css_animation=\u00bb\u00bb row_type=\u00bbrow\u00bb use_row_as_full_screen_section=\u00bbno\u00bb type=\u00bbfull_width\u00bb angled_section=\u00bbno\u00bb text_align=\u00bbleft\u00bb background_image_as_pattern=\u00bbwithout_pattern\u00bb][vc_column][qode_elements_holder number_of_columns=\u00bbtwo_columns\u00bb][qode_elements_holder_item cover=\u00bbyes\u00bb advanced_animations=\u00bbno\u00bb background_image=\u00bb210&#8243; item_padding_600_768=\u00bb250px\u00bb item_padding_480_600=\u00bb200px\u00bb item_padding_480=\u00bb200px\u00bb][\/qode_elements_holder_item][qode_elements_holder_item advanced_animations=\u00bbno\u00bb background_color=\u00bb#f4f4f4&#8243; item_padding=\u00bb160px 200px\u00bb item_padding_1280_1440=\u00bb90px\u00bb item_padding_1024_1280=\u00bb80px\u00bb item_padding_768_1024=\u00bb60px\u00bb item_padding_600_768=\u00bb90px\u00bb item_padding_480_600=\u00bb90px 40px\u00bb item_padding_480=\u00bb90px 40px\u00bb][vc_empty_space height=\u00bb22px\u00bb][vc_column_text] Empresa [\/vc_column_text][vc_separator type=\u00bbsmall\u00bb position=\u00bbleft\u00bb color=\u00bb#009877&#8243;][vc_empty_space height=\u00bb22px\u00bb][vc_column_text] Creada el 1950, Llorens|gmr es una empresa experta en la gesti\u00f3n&#8230;<\/p>\n","protected":false},"author":1,"featured_media":0,"parent":0,"menu_order":0,"comment_status":"closed","ping_status":"closed","template":"full_width.php","meta":{"footnotes":""},"class_list":["post-13","page","type-page","status-publish","hentry"],"_links":{"self":[{"href":"https:\/\/llorensgmr.com\/es\/wp-json\/wp\/v2\/pages\/13","targetHints":{"allow":["GET"]}}],"collection":[{"href":"https:\/\/llorensgmr.com\/es\/wp-json\/wp\/v2\/pages"}],"about":[{"href":"https:\/\/llorensgmr.com\/es\/wp-json\/wp\/v2\/types\/page"}],"author":[{"embeddable":true,"href":"https:\/\/llorensgmr.com\/es\/wp-json\/wp\/v2\/users\/1"}],"replies":[{"embeddable":true,"href":"https:\/\/llorensgmr.com\/es\/wp-json\/wp\/v2\/comments?post=13"}],"version-history":[{"count":21,"href":"https:\/\/llorensgmr.com\/es\/wp-json\/wp\/v2\/pages\/13\/revisions"}],"predecessor-version":[{"id":3031,"href":"https:\/\/llorensgmr.com\/es\/wp-json\/wp\/v2\/pages\/13\/revisions\/3031"}],"wp:attachment":[{"href":"https:\/\/llorensgmr.com\/es\/wp-json\/wp\/v2\/media?parent=13"}],"curies":[{"name":"wp","href":"https:\/\/api.w.org\/{rel}","templated":true}]}}