{"id":124,"date":"2020-12-02T10:17:18","date_gmt":"2020-12-02T10:17:18","guid":{"rendered":"https:\/\/llorensgmr.com\/?page_id=124"},"modified":"2021-02-12T10:30:57","modified_gmt":"2021-02-12T09:30:57","slug":"recypharmac","status":"publish","type":"page","link":"https:\/\/llorensgmr.com\/es\/recypharmac\/","title":{"rendered":"Recypharmac"},"content":{"rendered":"<div class=\"wpb-content-wrapper\"><p>[vc_row css_animation=\u00bb\u00bb row_type=\u00bbrow\u00bb use_row_as_full_screen_section=\u00bbno\u00bb type=\u00bbgrid\u00bb angled_section=\u00bbno\u00bb text_align=\u00bbcenter\u00bb background_image_as_pattern=\u00bbwithout_pattern\u00bb background_image=\u00bb421&#8243; z_index=\u00bb\u00bb][vc_column][vc_empty_space height=\u00bb100px\u00bb][vc_single_image image=\u00bb419&#8243; img_size=\u00bbfull\u00bb alignment=\u00bbcenter\u00bb qode_css_animation=\u00bbelement_from_bottom\u00bb qode_hover_animation=\u00bbzoom_in\u00bb][vc_empty_space height=\u00bb30px\u00bb][vc_column_text]<\/p>\n<p style=\"font-size: 20px; text-align: center; color: white;\"><strong>Llorens|gmr<\/strong> dispone de una planta pionera en Europa para separar las fracciones susceptibles de ser valorizadas de productos farmac\u00e9uticos y cosm\u00e9ticos en cualquiera de sus formatos que por razones de caducidad o defecto necesitan ser destruidos una vez envasados y embalados.<\/p>\n<p>[\/vc_column_text][vc_empty_space height=\u00bb100px\u00bb][\/vc_column][\/vc_row][vc_row css_animation=\u00bb\u00bb row_type=\u00bbrow\u00bb use_row_as_full_screen_section=\u00bbno\u00bb type=\u00bbgrid\u00bb angled_section=\u00bbno\u00bb text_align=\u00bbcenter\u00bb background_image_as_pattern=\u00bbwithout_pattern\u00bb z_index=\u00bb\u00bb background_color=\u00bb#f7f7f7&#8243;][vc_column][vc_empty_space height=\u00bb50px\u00bb][vc_column_text]<\/p>\n<h2 style=\"text-align: center; color: #469679;\">Te abrimos las puertas de nuestra empresa<\/h2>\n<p>[\/vc_column_text][vc_separator type=\u00bbsmall\u00bb position=\u00bbcenter\u00bb][vc_column_text]<\/p>\n<p style=\"text-align: center;\">Ofrecemos al sector farmac\u00e9utico y cosm\u00e9tico un paso adelante, garantizando el principio de jerarqu\u00eda<\/p>\n<p style=\"text-align: center;\">y primando la valorizaci\u00f3n frente a la eliminaci\u00f3n de los residuos.<\/p>\n<p>&nbsp;<\/p>\n<p class=\"p1\" style=\"text-align: center;\"><span class=\"s1\">Todos los residuos se reciclan y se devuelven a un proceso productivo,<\/span><\/p>\n<p class=\"p1\" style=\"text-align: center;\"><span class=\"s1\">garantizando el principio de jerarqu\u00eda de residuo y a su vez fomentando\u00a0 <\/span><span class=\"s1\">la econom\u00eda circular.<\/span><\/p>\n<p>[\/vc_column_text][vc_empty_space height=\u00bb30px\u00bb]<div class=\"qode_video_box\">\n\t<a itemprop=\"image\" class=\"qode_video_image\" href=\"https:\/\/youtu.be\/HZa3ZEVcYjY\" data-rel=\"prettyPhoto\" target=\"_blank\" rel=\"noopener\">\n\t\t\t\t\t<img loading=\"lazy\" decoding=\"async\" width=\"2016\" height=\"1252\" src=\"https:\/\/llorensgmr.com\/wp-content\/uploads\/2021\/01\/captura.jpg\" class=\"attachment-full size-full\" alt=\"\" srcset=\"https:\/\/llorensgmr.com\/wp-content\/uploads\/2021\/01\/captura.jpg 2016w, https:\/\/llorensgmr.com\/wp-content\/uploads\/2021\/01\/captura-300x186.jpg 300w, https:\/\/llorensgmr.com\/wp-content\/uploads\/2021\/01\/captura-1024x636.jpg 1024w, https:\/\/llorensgmr.com\/wp-content\/uploads\/2021\/01\/captura-768x477.jpg 768w, https:\/\/llorensgmr.com\/wp-content\/uploads\/2021\/01\/captura-1536x954.jpg 1536w, https:\/\/llorensgmr.com\/wp-content\/uploads\/2021\/01\/captura-700x435.jpg 700w\" sizes=\"auto, (max-width: 2016px) 100vw, 2016px\" \/>\t\t\t<span class=\"qode_video_box_button_holder\">\n\t\t\t\t<span class=\"qode_video_box_button\">\n\t\t\t\t\t<span class=\"qode_video_box_button_arrow\">\n\t\t\t\t\t<\/span>\n\t\t\t\t<\/span>\n\t\t\t<\/span>\n\t\t\t<\/a>\n<\/div>[vc_empty_space height=\u00bb50px\u00bb][vc_empty_space height=\u00bb50px\u00bb][\/vc_column][\/vc_row][vc_row css_animation=\u00bb\u00bb row_type=\u00bbrow\u00bb use_row_as_full_screen_section=\u00bbno\u00bb type=\u00bbfull_width\u00bb angled_section=\u00bbno\u00bb text_align=\u00bbleft\u00bb background_image_as_pattern=\u00bbwithout_pattern\u00bb][vc_column]\n\t\t\t<!-- START Slider 1 REVOLUTION SLIDER 6.7.40 --><p class=\"rs-p-wp-fix\"><\/p>\n\t\t\t<rs-module-wrap id=\"rev_slider_1_1_wrapper\" data-source=\"gallery\" style=\"visibility:hidden;background:transparent;padding:0;margin:0px auto;margin-top:0;margin-bottom:0;\">\n\t\t\t\t<rs-module id=\"rev_slider_1_1\" style=\"\" data-version=\"6.7.40\">\n\t\t\t\t\t<rs-slides style=\"overflow: hidden; position: absolute;\">\n\t\t\t\t\t\t<rs-slide style=\"position: absolute;\" data-key=\"rs-1\" data-title=\"Slide\" data-anim=\"ms:1000;r:0;\" data-in=\"o:0;\" data-out=\"a:false;\">\n\t\t\t\t\t\t\t<img decoding=\"async\" src=\"\/\/llorensgmr.com\/wp-content\/plugins\/revslider\/sr6\/assets\/assets\/dummy.png\" alt=\"\" title=\"Recypharmac\" class=\"rev-slidebg tp-rs-img rs-lazyload\" data-lazyload=\"\/\/llorensgmr.com\/wp-content\/plugins\/revslider\/sr6\/assets\/assets\/transparent.png\" data-no-retina>\n\t\t\t\t\t\t\t<rs-bgvideo \n\t\t\t\t\t\t\t\tdata-video=\"vc:none;w:100%;h:100%;nse:false;l:true;ptimer:false;\"\n\t\t\t\t\t\t\t\tdata-ytid=\"D47Yeom_IF4\"\n\t\t\t\t\t\t\t\tdata-vatr=\"version=3&amp;enablejsapi=1&amp;html5=1&amp;hd=1&amp;wmode=opaque&amp;showinfo=0&amp;rel=0&amp;origin=https:\/\/llorensgmr.com;\"\n\t\t\t\t\t\t\t><\/rs-bgvideo>\n<!---->\t\t\t\t\t<\/rs-slide>\n\t\t\t\t\t<\/rs-slides>\n\t\t\t\t<\/rs-module>\n\t\t\t\t<script>\n\t\t\t\t\tsetREVStartSize({c: 'rev_slider_1_1',rl:[1240,1024,778,480],el:[1050],gw:[1240],gh:[1050],type:'standard',justify:'',layout:'fullwidth',mh:\"0\"});if (window.RS_MODULES!==undefined && window.RS_MODULES.modules!==undefined && window.RS_MODULES.modules[\"revslider11\"]!==undefined) {window.RS_MODULES.modules[\"revslider11\"].once = false;window.revapi1 = undefined;if (window.RS_MODULES.checkMinimal!==undefined) window.RS_MODULES.checkMinimal()}\n\t\t\t\t<\/script>\n\t\t\t<\/rs-module-wrap>\n\t\t\t<!-- END REVOLUTION SLIDER -->\n[\/vc_column][\/vc_row]<\/p>\n<\/div>","protected":false},"excerpt":{"rendered":"<p>[vc_row css_animation=\u00bb\u00bb row_type=\u00bbrow\u00bb use_row_as_full_screen_section=\u00bbno\u00bb type=\u00bbgrid\u00bb angled_section=\u00bbno\u00bb text_align=\u00bbcenter\u00bb background_image_as_pattern=\u00bbwithout_pattern\u00bb background_image=\u00bb421&#8243; z_index=\u00bb\u00bb][vc_column][vc_empty_space height=\u00bb100px\u00bb][vc_single_image image=\u00bb419&#8243; img_size=\u00bbfull\u00bb alignment=\u00bbcenter\u00bb qode_css_animation=\u00bbelement_from_bottom\u00bb qode_hover_animation=\u00bbzoom_in\u00bb][vc_empty_space height=\u00bb30px\u00bb][vc_column_text] Llorens|gmr dispone de una planta pionera en Europa para separar las fracciones susceptibles de ser valorizadas de productos farmac\u00e9uticos y cosm\u00e9ticos en cualquiera de sus formatos que por&#8230;<\/p>\n","protected":false},"author":1,"featured_media":0,"parent":0,"menu_order":0,"comment_status":"closed","ping_status":"closed","template":"full_width.php","meta":{"footnotes":""},"class_list":["post-124","page","type-page","status-publish","hentry"],"_links":{"self":[{"href":"https:\/\/llorensgmr.com\/es\/wp-json\/wp\/v2\/pages\/124","targetHints":{"allow":["GET"]}}],"collection":[{"href":"https:\/\/llorensgmr.com\/es\/wp-json\/wp\/v2\/pages"}],"about":[{"href":"https:\/\/llorensgmr.com\/es\/wp-json\/wp\/v2\/types\/page"}],"author":[{"embeddable":true,"href":"https:\/\/llorensgmr.com\/es\/wp-json\/wp\/v2\/users\/1"}],"replies":[{"embeddable":true,"href":"https:\/\/llorensgmr.com\/es\/wp-json\/wp\/v2\/comments?post=124"}],"version-history":[{"count":21,"href":"https:\/\/llorensgmr.com\/es\/wp-json\/wp\/v2\/pages\/124\/revisions"}],"predecessor-version":[{"id":1154,"href":"https:\/\/llorensgmr.com\/es\/wp-json\/wp\/v2\/pages\/124\/revisions\/1154"}],"wp:attachment":[{"href":"https:\/\/llorensgmr.com\/es\/wp-json\/wp\/v2\/media?parent=124"}],"curies":[{"name":"wp","href":"https:\/\/api.w.org\/{rel}","templated":true}]}}