{"id":122,"date":"2020-12-02T10:17:01","date_gmt":"2020-12-02T10:17:01","guid":{"rendered":"https:\/\/llorensgmr.com\/?page_id=122"},"modified":"2021-10-15T09:49:50","modified_gmt":"2021-10-15T08:49:50","slug":"llorens-dc","status":"publish","type":"page","link":"https:\/\/llorensgmr.com\/es\/llorens-dc\/","title":{"rendered":"Llorens DC"},"content":{"rendered":"<div class=\"wpb-content-wrapper\"><p>[vc_row css_animation=\u00bb\u00bb row_type=\u00bbrow\u00bb use_row_as_full_screen_section=\u00bbno\u00bb type=\u00bbgrid\u00bb angled_section=\u00bbno\u00bb text_align=\u00bbcenter\u00bb background_image_as_pattern=\u00bbwithout_pattern\u00bb background_image=\u00bb396&#8243; z_index=\u00bb\u00bb][vc_column][vc_empty_space height=\u00bb100px\u00bb][vc_single_image image=\u00bb395&#8243; img_size=\u00bbfull\u00bb alignment=\u00bbcenter\u00bb qode_css_animation=\u00bbelement_from_bottom\u00bb qode_hover_animation=\u00bbzoom_in\u00bb][vc_empty_space height=\u00bb30px\u00bb][vc_column_text]<\/p>\n<p style=\"font-size: 20px; text-align: center; color: white;\">La divisi\u00f3n de <strong>Llorens|gmr<\/strong> especializada en la destrucci\u00f3n confidencial de documentos y destrucci\u00f3n certificada de restos de series, producto falsificado, o no apto para uso comercial.<\/p>\n<p>[\/vc_column_text][vc_empty_space height=\u00bb100px\u00bb][\/vc_column][\/vc_row][vc_row css_animation=\u00bb\u00bb row_type=\u00bbrow\u00bb use_row_as_full_screen_section=\u00bbno\u00bb type=\u00bbgrid\u00bb angled_section=\u00bbno\u00bb text_align=\u00bbcenter\u00bb background_image_as_pattern=\u00bbwithout_pattern\u00bb z_index=\u00bb\u00bb background_color=\u00bb#f7f7f7&#8243;][vc_column][vc_empty_space height=\u00bb50px\u00bb][vc_column_text]<\/p>\n<h2 style=\"text-align: center;\">Nuestros pilares son<\/h2>\n<p>[\/vc_column_text][vc_separator type=\u00bbsmall\u00bb position=\u00bbcenter\u00bb color=\u00bb#009877&#8243;][vc_empty_space height=\u00bb30px\u00bb][vc_row_inner row_type=\u00bbrow\u00bb type=\u00bbfull_width\u00bb text_align=\u00bbleft\u00bb css_animation=\u00bb\u00bb][vc_column_inner width=\u00bb1\/3&#8243;][vc_single_image image=\u00bb403&#8243; img_size=\u00bbfull\u00bb alignment=\u00bbcenter\u00bb qode_css_animation=\u00bbelement_from_bottom\u00bb qode_hover_animation=\u00bbzoom_in\u00bb][vc_column_text]<\/p>\n<h3 style=\"text-align: center; color: #009ade;\">Seguridad<\/h3>\n<p>[\/vc_column_text][vc_empty_space height=\u00bb15px\u00bb][vc_column_text]<\/p>\n<p style=\"text-align: center;\">Llorens|dc opera con protocolos y tecnolog\u00edas que garantizan la m\u00e1xima seguridad en la hora de deshacerte de tus datos, evitando el uso indebido de la informaci\u00f3n.<\/p>\n<p>[\/vc_column_text][vc_empty_space height=\u00bb30px\u00bb][\/vc_column_inner][vc_column_inner width=\u00bb1\/3&#8243;][vc_single_image image=\u00bb405&#8243; img_size=\u00bbfull\u00bb alignment=\u00bbcenter\u00bb qode_css_animation=\u00bbelement_from_bottom\u00bb qode_hover_animation=\u00bbzoom_in\u00bb][vc_column_text]<\/p>\n<h3 style=\"text-align: center; color: #009ade;\">CUMPLIMIENTO DE LA LEY<\/h3>\n<p>[\/vc_column_text][vc_empty_space height=\u00bb15px\u00bb][vc_column_text]<\/p>\n<p style=\"text-align: center;\">Evita cualquier tipo de sanci\u00f3n con un estricto cumplimiento tanto de la Ley de Protecci\u00f3n de Datos como a las normativas medio ambientales.<\/p>\n<p>[\/vc_column_text][vc_empty_space height=\u00bb30px\u00bb][\/vc_column_inner][vc_column_inner width=\u00bb1\/3&#8243;][vc_single_image image=\u00bb404&#8243; img_size=\u00bbfull\u00bb alignment=\u00bbcenter\u00bb qode_css_animation=\u00bbelement_from_bottom\u00bb qode_hover_animation=\u00bbzoom_in\u00bb][vc_column_text]<\/p>\n<h3 style=\"text-align: center; color: #009ade;\">ECOLOG\u00cdA<\/h3>\n<p>[\/vc_column_text][vc_empty_space height=\u00bb15px\u00bb][vc_column_text]<\/p>\n<p style=\"text-align: center;\">M\u00e1s all\u00e1 de cumplir con la ley, garantizamos que si escoges nuestro servicio est\u00e1s tomando una decisi\u00f3n en favor de la sostenibilidad a trav\u00e9s del reciclaje.<\/p>\n<p>[\/vc_column_text][vc_empty_space height=\u00bb30px\u00bb][\/vc_column_inner][\/vc_row_inner][vc_empty_space height=\u00bb50px\u00bb][vc_column_text]<\/p>\n<p style=\"text-align: center;\">Nuestro protocolo garantiza el seguimiento y control de tu documentaci\u00f3n en todo momento.<\/p>\n<p>[\/vc_column_text][vc_empty_space height=\u00bb50px\u00bb][vc_row_inner row_type=\u00bbrow\u00bb type=\u00bbfull_width\u00bb text_align=\u00bbleft\u00bb css_animation=\u00bb\u00bb][vc_column_inner width=\u00bb1\/3&#8243;][vc_single_image image=\u00bb415&#8243; img_size=\u00bbfull\u00bb alignment=\u00bbcenter\u00bb qode_css_animation=\u00bbelement_from_bottom\u00bb qode_hover_animation=\u00bbzoom_in\u00bb][vc_column_text]<\/p>\n<p style=\"text-align: center;\">Recogida de la mercanc\u00eda con contenedores seguros, cerrados y precintados.<\/p>\n<p>[\/vc_column_text][vc_empty_space height=\u00bb30px\u00bb][\/vc_column_inner][vc_column_inner width=\u00bb1\/3&#8243;][vc_single_image image=\u00bb414&#8243; img_size=\u00bbfull\u00bb alignment=\u00bbcenter\u00bb qode_css_animation=\u00bbelement_from_bottom\u00bb qode_hover_animation=\u00bbzoom_in\u00bb][vc_column_text]<\/p>\n<p style=\"text-align: center;\">Transporte directo a<\/p>\n<p style=\"text-align: center;\">nuestras instalaciones.<\/p>\n<p>[\/vc_column_text][vc_empty_space height=\u00bb30px\u00bb][\/vc_column_inner][vc_column_inner width=\u00bb1\/3&#8243;][vc_single_image image=\u00bb411&#8243; img_size=\u00bbfull\u00bb alignment=\u00bbcenter\u00bb qode_css_animation=\u00bbelement_from_bottom\u00bb qode_hover_animation=\u00bbzoom_in\u00bb][vc_column_text]<\/p>\n<p style=\"text-align: center;\">Descarga en \u00e1rea restringida, acceso mediante huella y sistema de videovigilancia.<\/p>\n<p>[\/vc_column_text][vc_empty_space height=\u00bb30px\u00bb][\/vc_column_inner][\/vc_row_inner][vc_row_inner row_type=\u00bbrow\u00bb type=\u00bbfull_width\u00bb text_align=\u00bbleft\u00bb css_animation=\u00bb\u00bb][vc_column_inner width=\u00bb1\/3&#8243;][vc_single_image image=\u00bb413&#8243; img_size=\u00bbfull\u00bb alignment=\u00bbcenter\u00bb qode_css_animation=\u00bbelement_from_bottom\u00bb qode_hover_animation=\u00bbzoom_in\u00bb][vc_column_text]<\/p>\n<p style=\"text-align: center;\">Destrucci\u00f3n seg\u00fan norma<\/p>\n<p style=\"text-align: center;\">LPD UNE 15713.<\/p>\n<p>[\/vc_column_text][vc_empty_space height=\u00bb30px\u00bb][\/vc_column_inner][vc_column_inner width=\u00bb1\/3&#8243;][vc_single_image image=\u00bb412&#8243; img_size=\u00bbfull\u00bb alignment=\u00bbcenter\u00bb qode_css_animation=\u00bbelement_from_bottom\u00bb qode_hover_animation=\u00bbzoom_in\u00bb][vc_column_text]<\/p>\n<p style=\"text-align: center;\">Certificado con fecha y lugar de destrucci\u00f3n, tama\u00f1o de part\u00edcula y kg totales.<\/p>\n<p>[\/vc_column_text][vc_empty_space height=\u00bb30px\u00bb][\/vc_column_inner][vc_column_inner width=\u00bb1\/3&#8243;][\/vc_column_inner][\/vc_row_inner][vc_empty_space height=\u00bb150px\u00bb][\/vc_column][\/vc_row]<\/p>\n<\/div>","protected":false},"excerpt":{"rendered":"<p>[vc_row css_animation=\u00bb\u00bb row_type=\u00bbrow\u00bb use_row_as_full_screen_section=\u00bbno\u00bb type=\u00bbgrid\u00bb angled_section=\u00bbno\u00bb text_align=\u00bbcenter\u00bb background_image_as_pattern=\u00bbwithout_pattern\u00bb background_image=\u00bb396&#8243; z_index=\u00bb\u00bb][vc_column][vc_empty_space height=\u00bb100px\u00bb][vc_single_image image=\u00bb395&#8243; img_size=\u00bbfull\u00bb alignment=\u00bbcenter\u00bb qode_css_animation=\u00bbelement_from_bottom\u00bb qode_hover_animation=\u00bbzoom_in\u00bb][vc_empty_space height=\u00bb30px\u00bb][vc_column_text] La divisi\u00f3n de Llorens|gmr especializada en la destrucci\u00f3n confidencial de documentos y destrucci\u00f3n certificada de restos de series, producto falsificado, o no apto para uso comercial. [\/vc_column_text][vc_empty_space height=\u00bb100px\u00bb][\/vc_column][\/vc_row][vc_row&#8230;<\/p>\n","protected":false},"author":1,"featured_media":0,"parent":0,"menu_order":0,"comment_status":"closed","ping_status":"closed","template":"full_width.php","meta":{"footnotes":""},"class_list":["post-122","page","type-page","status-publish","hentry"],"_links":{"self":[{"href":"https:\/\/llorensgmr.com\/es\/wp-json\/wp\/v2\/pages\/122","targetHints":{"allow":["GET"]}}],"collection":[{"href":"https:\/\/llorensgmr.com\/es\/wp-json\/wp\/v2\/pages"}],"about":[{"href":"https:\/\/llorensgmr.com\/es\/wp-json\/wp\/v2\/types\/page"}],"author":[{"embeddable":true,"href":"https:\/\/llorensgmr.com\/es\/wp-json\/wp\/v2\/users\/1"}],"replies":[{"embeddable":true,"href":"https:\/\/llorensgmr.com\/es\/wp-json\/wp\/v2\/comments?post=122"}],"version-history":[{"count":17,"href":"https:\/\/llorensgmr.com\/es\/wp-json\/wp\/v2\/pages\/122\/revisions"}],"predecessor-version":[{"id":2099,"href":"https:\/\/llorensgmr.com\/es\/wp-json\/wp\/v2\/pages\/122\/revisions\/2099"}],"wp:attachment":[{"href":"https:\/\/llorensgmr.com\/es\/wp-json\/wp\/v2\/media?parent=122"}],"curies":[{"name":"wp","href":"https:\/\/api.w.org\/{rel}","templated":true}]}}