{"id":2147,"date":"2022-03-02T08:31:12","date_gmt":"2022-03-02T07:31:12","guid":{"rendered":"https:\/\/llorensgmr.com\/politica-de-privacitat\/"},"modified":"2022-03-02T08:57:16","modified_gmt":"2022-03-02T07:57:16","slug":"politica-de-privacitat","status":"publish","type":"page","link":"https:\/\/llorensgmr.com\/en\/politica-de-privacitat\/","title":{"rendered":"Pol\u00edtica de Privacitat"},"content":{"rendered":"<div class=\"wpb-content-wrapper\"><p>[vc_row css_animation=&#8221;&#8221; row_type=&#8221;row&#8221; use_row_as_full_screen_section=&#8221;no&#8221; type=&#8221;full_width&#8221; angled_section=&#8221;no&#8221; text_align=&#8221;left&#8221; background_image_as_pattern=&#8221;without_pattern&#8221;][vc_column][vc_single_image image=&#8221;1781&#8243; img_size=&#8221;full&#8221; alignment=&#8221;center&#8221; qode_css_animation=&#8221;&#8221;][\/vc_column][\/vc_row][vc_row css_animation=&#8221;&#8221; row_type=&#8221;row&#8221; use_row_as_full_screen_section=&#8221;no&#8221; type=&#8221;grid&#8221; angled_section=&#8221;no&#8221; text_align=&#8221;left&#8221; background_image_as_pattern=&#8221;without_pattern&#8221; z_index=&#8221;&#8221;][vc_column][vc_empty_space][vc_empty_space][vc_column_text]<\/p>\n<h2 style=\"text-align: center;\">Pol\u00edtica de Privacitat Web<\/h2>\n<p>[\/vc_column_text][vc_empty_space][vc_column_text]<\/p>\n<h3><strong>Responsable<\/strong><strong>\u00a0<\/strong><strong>del<\/strong><strong>\u00a0<\/strong><strong>Tractament<\/strong><\/h3>\n<p>&nbsp;<\/p>\n<p>L\u2019empresa responsable del tractament de les seves dades en virtut d\u2019aquesta Pol\u00edtica de privacitat \u00e9s:\u00a0SEBASTI\u00c0\u00a0LLORENS,\u00a0SL<\/p>\n<p>NIF: B60991197<\/p>\n<p>Domicili: C\/ Lluis Companys, 55-57 &#8211; 08400 Granollers (Barcelona)<\/p>\n<p>Direcci\u00f3\u00a0de\u00a0correu\u00a0electr\u00f2nic:\u00a0<a href=\"mailto:info@llorensgmr.com\">info@llorensgmr.com<\/a><\/p>\n<p>Web: <a href=\"http:\/\/llorensgmr.com\/\"><u>llorensgmr.com<\/u><\/a><\/p>\n<p>Tel\u00e8fon:\u00a0938704253<\/p>\n<p>Inscrita\u00a0al\u00a0Registre\u00a0Mercantil\u00a0de\u00a0Barcelona,\u00a0Tomo\u00a028679,\u00a0Folio\u00a060,\u00a0Hoja\u00a0N\u00ba\u00a0b141839,\u00a0Inscripci\u00f3n\u00a08a<\/p>\n<p>&nbsp;<\/p>\n<p>En\u00a0SEBASTI\u00c0\u00a0LLORENS,\u00a0SL,\u00a0reconeixem\u00a0la\u00a0import\u00e0ncia\u00a0de\u00a0protegir\u00a0la\u00a0seva\u00a0informaci\u00f3\u00a0personal\u00a0i\u00a0estem\u00a0compromesos\u00a0a\u00a0tractar-la\u00a0amb\u00a0responsabilitat i\u00a0de\u00a0conformitat\u00a0amb\u00a0les\u00a0lleis\u00a0de\u00a0protecci\u00f3\u00a0de\u00a0dades.<\/p>\n<p>&nbsp;<\/p>\n<p>La\u00a0present\u00a0pol\u00edtica\u00a0de\u00a0privacitat\u00a0pret\u00e9n\u00a0regular\u00a0tots\u00a0els\u00a0aspectes\u00a0relatius\u00a0al\u00a0tractament\u00a0de\u00a0dades\u00a0dels\u00a0diferents\u00a0usuaris\u00a0que\u00a0naveguen\u00a0o\u00a0faciliten\u00a0les\u00a0seves\u00a0a\u00a0trav\u00e9s dels\u00a0diferents\u00a0formularis\u00a0situats\u00a0en la\u00a0web.[\/vc_column_text][vc_empty_space][vc_column_text]<\/p>\n<h3><strong>Dades<\/strong><strong>\u00a0<\/strong><strong>Personals<\/strong><\/h3>\n<p>&nbsp;<\/p>\n<p>Una dada personal \u00e9s la informaci\u00f3 que l\u2019identifica o el fa identificable. A trav\u00e9s de la web, en les caselles establertes a tal efecte\u00a0recollim les dades personals que l\u2019usuari ens comunica: nom, cognoms, correu electr\u00f2nic, tel\u00e8fon, direcci\u00f3 postal, poblaci\u00f3, etc.,\u00a0aix\u00ed com totes aquelles dades que volunt\u00e0riament ens proporcioni a trav\u00e9s de qualsevol de les xarxes socials de les quals l\u2019usuari\u00a0est\u00e0 registrat. En aquest cas, la privacitat dependr\u00e0 de la configuraci\u00f3 establerta pel mateix usuari aix\u00ed com dels termes i condicions\u00a0de\u00a0la\u00a0pr\u00f2pia\u00a0xarxa\u00a0social.<\/p>\n<p>&nbsp;<\/p>\n<p>La\u00a0visita\u00a0de\u00a0l\u2019usuari\u00a0a\u00a0la\u00a0web\u00a0no\u00a0implica\u00a0que\u00a0hagi\u00a0de\u00a0facilitar\u00a0cap\u00a0informaci\u00f3\u00a0sobre\u00a0les\u00a0seves\u00a0dades\u00a0personals.\u00a0No\u00a0obstant\u00a0aix\u00f2,\u00a0en\u00a0cas\u00a0de facilitar-les, les dades seran tractades de forma l\u00edcita de conformitat en tot moment als principis i drets recollits en el RGPD\u00a02016\/679\u00a0de\u00a026 d\u2019abril\u00a0i\u00a0la\u00a0LOPDGDD\u00a03\/2018 del\u00a05 de\u00a0desembre.[\/vc_column_text][vc_empty_space][vc_column_text]<\/p>\n<h3><strong>Finalitat, duraci\u00f3 i legitimaci\u00f3 del tractament<\/strong><\/h3>\n<p>&nbsp;<\/p>\n<p>Les\u00a0dades\u00a0que\u00a0l\u2019usuari\u00a0ens\u00a0proporcioni\u00a0les\u00a0tractarem\u00a0amb\u00a0les\u00a0seg\u00fcents\u00a0finalitats:<\/p>\n<p>&nbsp;<\/p>\n<p>Atendre la sol\u00b7licitud o petici\u00f3 realitzada per l\u2019usuari a trav\u00e9s del <strong>formulari de contacte <\/strong>situat a la web. Recollim i tractem\u00a0les dades personals de l\u2019usuari per poder tramitar i gestionar la seva sol\u00b7licitud, una consulta o qualsevol petici\u00f3 que\u00a0realitza a trav\u00e9s del formulari. Aquestes dades les conservem durant el temps necessari per complir la seva petici\u00f3 i durant\u00a0el\u00a0temps establert per\u00a0la\u00a0llei\u00a0amb\u00a0una\u00a0duraci\u00f3\u00a0m\u00ednima de\u00a03 anys.<\/p>\n<p>&nbsp;<\/p>\n<p>La base de legitimaci\u00f3 del tractament de les dades ser\u00e0 el consentiment que atorga l\u2019usuari en seleccionar la casella\u00a0d\u2019acceptaci\u00f3\u00a0de\u00a0la\u00a0nostra\u00a0pol\u00edtica\u00a0de\u00a0privacitat\u00a0abans\u00a0d\u2019enviar\u00a0la\u00a0petici\u00f3.\u00a0L\u2019usuari\u00a0t\u00e9\u00a0dret\u00a0a\u00a0revocar\u00a0el\u00a0seu\u00a0consentiment\u00a0en\u00a0qualsevol\u00a0moment\u00a0sense\u00a0que\u00a0aix\u00f2\u00a0afecti\u00a0la\u00a0licitud\u00a0del\u00a0tractament\u00a0basat\u00a0en\u00a0el\u00a0consentiment\u00a0previ\u00a0a\u00a0la\u00a0seva\u00a0retirada.<\/p>\n<p>&nbsp;<\/p>\n<p>Millorar la seva experi\u00e8ncia en navegar per la web. Aquestes dades els conservarem mentre l\u2019usuari no revoqui el seu\u00a0consentiment al tractament d\u2019aquestes eliminant les cookies i durant el temps establert per la llei amb una durada m\u00ednima\u00a0de\u00a03 anys.<\/p>\n<p>&nbsp;<\/p>\n<p>La base de legitimaci\u00f3 per a millorar la seva experi\u00e8ncia en navegar per la web \u00e9s el consentiment que atorga l\u2019usuari en\u00a0acceptar les cookies. L\u2019usuari t\u00e9 dret a revocar el seu consentiment en qualsevol moment sense que aix\u00f2 afecti la licitud del\u00a0tractament\u00a0basat\u00a0en el consentiment previ\u00a0a\u00a0la\u00a0seva\u00a0retirada.<\/p>\n<p>&nbsp;<\/p>\n<p>Gestionar les nostres <strong>xarxes socials <\/strong>i enviar-li informaci\u00f3 sobre les nostres activitats i productes. Aquestes dades les\u00a0conservarem mentre l\u2019usuari no revoqui el seu consentiment al tractament d\u2019aquestes i durant el temps establert per la llei\u00a0amb\u00a0una\u00a0durada\u00a0m\u00ednima de\u00a03 anys.<\/p>\n<p>&nbsp;<\/p>\n<p>La base de leg\u00edtimaci\u00f3 per a gestionar les nostres xarxes socials i enviar-li les nostres activitats i novetats \u00e9s el consentiment\u00a0que ens atorga per a aix\u00f2. L\u2019usuari t\u00e9 dret a revocar el seu consentiment en qualsevol moment sense que aix\u00f2 afecti la\u00a0licitud\u00a0del\u00a0tractament basat\u00a0en el\u00a0consentiment previ\u00a0a\u00a0la\u00a0seva\u00a0retirada[\/vc_column_text][vc_empty_space][vc_column_text]<\/p>\n<h3><strong>Cessi\u00f3<\/strong><strong>\u00a0<\/strong><strong>o<\/strong><strong>\u00a0<\/strong><strong>comunicaci\u00f3<\/strong><strong>\u00a0<\/strong><strong>de<\/strong><strong>\u00a0<\/strong><strong>dades<\/strong><strong>\u00a0<\/strong><strong>personals<\/strong><strong>\u00a0<\/strong><strong>i<\/strong><strong>\u00a0<\/strong><strong>transfer\u00e8ncies<\/strong><strong>\u00a0<\/strong><strong>internacionals<\/strong><\/h3>\n<p>&nbsp;<\/p>\n<p>Les seves dades no es comunicaran ni seran cedides a tercers, tret que existeixi alguna obligaci\u00f3 legal o a aquells prestadors\u00a0vinculats\u00a0al\u00a0Responsable que\u00a0actuen\u00a0com a\u00a0encarregats del\u00a0tractament.<\/p>\n<p>&nbsp;<\/p>\n<p>Els\u00a0nostres\u00a0servidors\u00a0estan\u00a0situats\u00a0a\u00a0la\u00a0Uni\u00f3\u00a0Europea,\u00a0i\u00a0amb\u00a0car\u00e0cter\u00a0general,\u00a0contractem\u00a0prestadors\u00a0de\u00a0serveis\u00a0situats\u00a0tamb\u00e9\u00a0dins\u00a0de\u00a0l\u2019Espai\u00a0Econ\u00f2mic\u00a0Europeu\u00a0o\u00a0en\u00a0pa\u00efsos\u00a0que\u00a0han\u00a0estat\u00a0declarats\u00a0amb\u00a0un\u00a0nivell\u00a0adequat\u00a0de\u00a0protecci\u00f3.<\/p>\n<p>&nbsp;<\/p>\n<p>Si necessitem utilitzar prove\u00efdors de serveis externs que requereixin la transmissi\u00f3 de dades personals fos la Uni\u00f3 Europea o en\u00a0pa\u00efsos que no han estat declarats amb un nivell adequat de protecci\u00f3, ens assegurarem de garantir la seguretat i legitimitat del\u00a0tractament de les seves dades \u200b\u200bmitjan\u00e7ant decisions d\u2019adequaci\u00f3, cl\u00e0usules tipus, normes corporatives vinculants, excepcions o\u00a0qualsevol\u00a0altre\u00a0instrument\u00a0aprovat\u00a0per\u00a0l\u2019autoritat\u00a0de\u00a0control\u00a0que\u00a0ofereixi\u00a0les\u00a0garanties\u00a0adequades\u00a0per\u00a0a\u00a0la\u00a0realitzaci\u00f3\u00a0de\u00a0la\u00a0transfer\u00e8ncia\u00a0internacional\u00a0de\u00a0dades.<\/p>\n<p>[\/vc_column_text][vc_empty_space][vc_column_text]<\/p>\n<h3><strong>Actualitzaci\u00f3 de dades<\/strong><\/h3>\n<p>&nbsp;<\/p>\n<p>\u00c9s\u00a0important\u00a0que\u00a0perqu\u00e8\u00a0puguem\u00a0mantenir\u00a0les\u00a0dades\u00a0personals\u00a0actualitzades,\u00a0l\u2019usuari\u00a0ens\u00a0informi\u00a0sempre\u00a0que\u00a0hi\u00a0hagi\u00a0hagut\u00a0alguna\u00a0modificaci\u00f3\u00a0en aquestes,\u00a0en cas contrari, no\u00a0responem\u00a0de\u00a0la\u00a0veracitat d\u2019aquestes.<\/p>\n<p>&nbsp;<\/p>\n<p>L\u2019usuari garanteix que les dades personals facilitades s\u00f3n veraces garantint que tota la informaci\u00f3 facilitada correspon amb la\u00a0situaci\u00f3\u00a0real,\u00a0que\u00a0est\u00e0\u00a0posada\u00a0al\u00a0dia\u00a0i\u00a0\u00e9s\u00a0exacta, quedant\u00a0obligat\u00a0a\u00a0comunicar qualsevol\u00a0modificaci\u00f3.<\/p>\n<p>[\/vc_column_text][vc_empty_space][vc_column_text]<\/p>\n<h3><strong>Dades<\/strong><strong>\u00a0<\/strong><strong>de<\/strong><strong>\u00a0<\/strong><strong>Tercers<\/strong><\/h3>\n<p>&nbsp;<\/p>\n<p>Si\u00a0l\u2019usuari\u00a0facilita\u00a0dades\u00a0de\u00a0terceres\u00a0persones\u00a0per\u00a0a\u00a0qualsevol\u00a0finalitat\u00a0a\u00a0SEBASTI\u00c0\u00a0LLORENS,\u00a0SL,\u00a0garanteix\u00a0que\u00a0ha\u00a0obtingut\u00a0aquestes\u00a0dades de forma l\u00edcita, que ha informat pr\u00e8viament els afectats, obtenint el seu consentiment per a comunicar-les i que la\u00a0informaci\u00f3\u00a0facilitada\u00a0\u00e9s exacta i\u00a0vera\u00e7.<\/p>\n<p>[\/vc_column_text][vc_empty_space][vc_column_text]<\/p>\n<h3><strong>Car\u00e0cter<\/strong><strong>\u00a0<\/strong><strong>obligatori<\/strong><strong>\u00a0<\/strong><strong>de<\/strong><strong>\u00a0<\/strong><strong>la<\/strong><strong>\u00a0<\/strong><strong>informaci\u00f3<\/strong><strong>\u00a0<\/strong><strong>sol\u00b7licitada<\/strong><\/h3>\n<p>&nbsp;<\/p>\n<p>Tots\u00a0els\u00a0nostres\u00a0formularis\u00a0compten\u00a0amb\u00a0un\u00a0asterisc\u00a0(*)\u00a0en\u00a0les\u00a0dades\u00a0obligat\u00f2ries.\u00a0Si\u00a0l\u2019usuari\u00a0no\u00a0omple\u00a0aquests\u00a0camps,\u00a0o\u00a0no\u00a0marca\u00a0la\u00a0casella\u00a0d\u2019acceptaci\u00f3\u00a0de\u00a0la\u00a0pol\u00edtica\u00a0de\u00a0privacitat,\u00a0no\u00a0es\u00a0permetr\u00e0\u00a0l\u2019enviament\u00a0de\u00a0la\u00a0informaci\u00f3.[\/vc_column_text][vc_empty_space][vc_column_text]<\/p>\n<h3><strong>Drets<\/strong><strong>\u00a0<\/strong><strong>dels<\/strong><strong>\u00a0<\/strong><strong>interessats<\/strong><\/h3>\n<p>&nbsp;<\/p>\n<p>T\u00e9 dret a accedir a les seves dades i a obtenir confirmaci\u00f3 sobre el seu tractament, aix\u00ed com una c\u00f2pia de les dades personals\u00a0objecte de tractament. T\u00e9 dret a actualitzar-les i a sol\u00b7licitar la rectificaci\u00f3 de les dades que siguin inexactes o sol\u00b7licitar la supressi\u00f3\u00a0quan les dades no siguin necess\u00e0ries per a les finalitats per les quals van ser recaptades. Pot sol\u00b7licitar la limitaci\u00f3 en el tractament\u00a0de les seves dades i oposar-se al tractament d\u2019aquestes revocant el seu consentiment, aix\u00ed com exercir el dret a la portabilitat de les\u00a0dades. De la mateixa manera, t\u00e9 dret a no ser objecte de decisions basades \u00fanicament en el tractament automatitzat de les seves\u00a0dades\u00a0personals.<\/p>\n<p>Pot\u00a0exercir\u00a0els\u00a0seus\u00a0drets\u00a0contactant\u00a0amb\u00a0nosaltres\u00a0C\/\u00a0Lluis\u00a0Companys,\u00a055-57\u00a0&#8211;\u00a008400\u00a0Granollers\u00a0(Barcelona).<\/p>\n<p>&nbsp;<\/p>\n<p>E-mail:\u00a0<a href=\"mailto:info@llorensgmr.com\">info@llorensgmr.com.<\/a><\/p>\n<p>&nbsp;<\/p>\n<p>Si considera que els seus drets no s\u2019han at\u00e8s degudament, t\u00e9 dret a presentar una reclamaci\u00f3 davant l\u2019autoritat de control a\u00a0<a href=\"http:\/\/www.aepd.es\/\" target=\"_blank\" rel=\"noopener\">www.aepd.es.<\/a>[\/vc_column_text][vc_empty_space][vc_column_text]<\/p>\n<h3><strong>Tractament<\/strong><strong>\u00a0<\/strong><strong>de<\/strong><strong>\u00a0<\/strong><strong>dades<\/strong><strong>\u00a0<\/strong><strong>de<\/strong><strong>\u00a0<\/strong><strong>Menors<\/strong><strong>\u00a0<\/strong><strong>d\u2019edat<\/strong><\/h3>\n<p>&nbsp;<\/p>\n<p>Qui facilita les dades a trav\u00e9s dels formularis d\u2019aquesta web i accepta el seu tractament declara ser major de 14 anys, quedant\u00a0prohibit l\u2019acc\u00e9s i \u00fas del portal a menors d\u2019aquesta edat. Si en algun moment, el Responsable detecta que un menor de 14 anys ha\u00a0proporcionat dades de car\u00e0cter personal, procedirem a la cancel\u00b7laci\u00f3 d\u2019aquestes. Aix\u00ed mateix, els pares o tutors podran en\u00a0qualsevol cas dirigir-se a SEBASTI\u00c0 LLORENS, SL per a bloquejar el compte d\u2019acc\u00e9s dels menors al seu c\u00e0rrec que s\u2019haguessin\u00a0registrat\u00a0falsejant\u00a0la\u00a0seva\u00a0identitat.[\/vc_column_text][vc_empty_space][vc_column_text]<\/p>\n<h3><strong>Xarxes Socials<\/strong><\/h3>\n<p>&nbsp;<\/p>\n<p>L\u2019objecte de les eines com Facebook, Twitter, Instagram, etc. o altres xarxes socials \u00e9s donar visibilitat i difusi\u00f3 a les activitats que\u00a0desenvolupa la nostra organitzaci\u00f3. Aquestes eines emmagatzenen dades personals en els servidors dels serveis respectius i es\u00a0regeixen\u00a0per\u00a0la\u00a0seva\u00a0pr\u00f2pia\u00a0pol\u00edtica\u00a0de\u00a0privacitat.\u00a0Es\u00a0recomana\u00a0la\u00a0revisi\u00f3\u00a0i\u00a0la\u00a0lectura\u00a0de\u00a0les\u00a0condicions\u00a0d\u2019\u00fas\u00a0i\u00a0pol\u00edtica\u00a0de\u00a0privacitat\u00a0de\u00a0la xarxa social en el moment de registrar-se, tenint en compte les diferents possibilitats de configuraci\u00f3 en relaci\u00f3 al grau de\u00a0privacitat\u00a0del\u00a0perfil\u00a0d\u2019usuari\u00a0a\u00a0la\u00a0xarxa\u00a0social.<\/p>\n<p>&nbsp;<\/p>\n<p>Aix\u00ed mateix, el Responsable es reserva el dret d\u2019eliminar de les seves xarxes socials qualsevol informaci\u00f3 publicada per tercers que\u00a0vulneri la legalitat, inciti a fer-ho o contingui missatges que atemptin contra la dignitat de persones o institucions. Com tamb\u00e9 el\u00a0dret\u00a0a\u00a0bloquejar\u00a0o\u00a0denunciar\u00a0el perfil\u00a0autor\u00a0d\u2019aquests\u00a0missatges.[\/vc_column_text][vc_empty_space][vc_column_text]<\/p>\n<h3><strong>Tractament<\/strong><strong>\u00a0<\/strong><strong>de<\/strong><strong>\u00a0<\/strong><strong>Cookies<\/strong><\/h3>\n<p>&nbsp;<\/p>\n<p>Una cookie \u00e9s un petit arxiu que es descarrega i emmagatzema en l\u2019ordinador de l\u2019usuari quan aquest accedeix a una p\u00e0gina web.\u00a0Les cookies permeten a la web, entre altres coses, emmagatzemar i recuperar informaci\u00f3 sobre els h\u00e0bits de navegaci\u00f3 de l\u2019usuari\u00a0o del seu equip i, depenent de la informaci\u00f3 que continguin i de la forma en qu\u00e8 utilitzi el seu equip, poden utilitzar-se per a\u00a0recon\u00e8ixer\u00a0a\u00a0l\u2019usuari.<\/p>\n<p>&nbsp;<\/p>\n<p>L\u2019usuari t\u00e9 l\u2019opci\u00f3 d\u2019impedir la generaci\u00f3 de cookies, mitjan\u00e7ant la selecci\u00f3 de la corresponent opci\u00f3 en el seu programa de\u00a0navegador.\u00a0Pot obtenir\u00a0m\u00e9s informaci\u00f3\u00a0llegint\u00a0la\u00a0nostra\u00a0<a href=\"\/politica-de-cookies\"><u><strong>Pol\u00edtica<\/strong><\/u><u><strong>\u00a0<\/strong><\/u><u><strong>de Cookies<\/strong><\/u><\/a><strong>.<\/strong>[\/vc_column_text][vc_empty_space height=&#8221;150px&#8221;][\/vc_column][\/vc_row]<\/p>\n<\/div>","protected":false},"excerpt":{"rendered":"<p>[vc_row css_animation=&#8221;&#8221; row_type=&#8221;row&#8221; use_row_as_full_screen_section=&#8221;no&#8221; type=&#8221;full_width&#8221; angled_section=&#8221;no&#8221; text_align=&#8221;left&#8221; background_image_as_pattern=&#8221;without_pattern&#8221;][vc_column][vc_single_image image=&#8221;1781&#8243; img_size=&#8221;full&#8221; alignment=&#8221;center&#8221; qode_css_animation=&#8221;&#8221;][\/vc_column][\/vc_row][vc_row css_animation=&#8221;&#8221; row_type=&#8221;row&#8221; use_row_as_full_screen_section=&#8221;no&#8221; type=&#8221;grid&#8221; angled_section=&#8221;no&#8221; text_align=&#8221;left&#8221; background_image_as_pattern=&#8221;without_pattern&#8221; z_index=&#8221;&#8221;][vc_column][vc_empty_space][vc_empty_space][vc_column_text] Pol\u00edtica de Privacitat Web [\/vc_column_text][vc_empty_space][vc_column_text] Responsable\u00a0del\u00a0Tractament &nbsp; L\u2019empresa responsable del tractament de les seves dades en virtut d\u2019aquesta Pol\u00edtica de privacitat \u00e9s:\u00a0SEBASTI\u00c0\u00a0LLORENS,\u00a0SL NIF: B60991197 Domicili:&#8230;<\/p>\n","protected":false},"author":1,"featured_media":0,"parent":0,"menu_order":0,"comment_status":"closed","ping_status":"closed","template":"","meta":{"footnotes":""},"class_list":["post-2147","page","type-page","status-publish","hentry"],"_links":{"self":[{"href":"https:\/\/llorensgmr.com\/en\/wp-json\/wp\/v2\/pages\/2147","targetHints":{"allow":["GET"]}}],"collection":[{"href":"https:\/\/llorensgmr.com\/en\/wp-json\/wp\/v2\/pages"}],"about":[{"href":"https:\/\/llorensgmr.com\/en\/wp-json\/wp\/v2\/types\/page"}],"author":[{"embeddable":true,"href":"https:\/\/llorensgmr.com\/en\/wp-json\/wp\/v2\/users\/1"}],"replies":[{"embeddable":true,"href":"https:\/\/llorensgmr.com\/en\/wp-json\/wp\/v2\/comments?post=2147"}],"version-history":[{"count":1,"href":"https:\/\/llorensgmr.com\/en\/wp-json\/wp\/v2\/pages\/2147\/revisions"}],"predecessor-version":[{"id":2149,"href":"https:\/\/llorensgmr.com\/en\/wp-json\/wp\/v2\/pages\/2147\/revisions\/2149"}],"wp:attachment":[{"href":"https:\/\/llorensgmr.com\/en\/wp-json\/wp\/v2\/media?parent=2147"}],"curies":[{"name":"wp","href":"https:\/\/api.w.org\/{rel}","templated":true}]}}