{"id":1711,"date":"2020-12-15T11:25:06","date_gmt":"2020-12-15T11:25:06","guid":{"rendered":"https:\/\/llorensgmr.com\/news\/"},"modified":"2021-02-15T10:16:53","modified_gmt":"2021-02-15T09:16:53","slug":"news","status":"publish","type":"page","link":"https:\/\/llorensgmr.com\/en\/news\/","title":{"rendered":"News"},"content":{"rendered":"<div class=\"wpb-content-wrapper\"><p>[vc_row css_animation=&#8221;&#8221; row_type=&#8221;row&#8221; use_row_as_full_screen_section=&#8221;no&#8221; type=&#8221;grid&#8221; angled_section=&#8221;no&#8221; text_align=&#8221;center&#8221; background_image_as_pattern=&#8221;without_pattern&#8221; z_index=&#8221;&#8221; background_image=&#8221;427&#8243;][vc_column][vc_empty_space height=&#8221;50px&#8221;][vc_empty_space height=&#8221;50px&#8221;][vc_column_text]<\/p>\n<h2 style=\"text-align: center; color: white;\">NEWS<\/h2>\n<p>[\/vc_column_text][vc_separator type=&#8221;small&#8221; position=&#8221;center&#8221; color=&#8221;#ffffff&#8221;][vc_empty_space height=&#8221;50px&#8221;][vc_empty_space height=&#8221;50px&#8221;][\/vc_column][\/vc_row][vc_row css_animation=&#8221;&#8221; row_type=&#8221;row&#8221; use_row_as_full_screen_section=&#8221;no&#8221; type=&#8221;grid&#8221; angled_section=&#8221;no&#8221; text_align=&#8221;center&#8221; background_image_as_pattern=&#8221;without_pattern&#8221; z_index=&#8221;&#8221;][vc_column][vc_empty_space height=&#8221;50px&#8221;]<div class='q_masonry_blog'><div class=\"q_masonry_blog_grid_sizer\"><\/div><div class=\"q_masonry_blog_grid_gutter\"><\/div><article class=\"post-1940 post type-post status-publish format-standard has-post-thumbnail hentry category-uncategorized\"><div class=\"q_masonry_blog_post_image\"><a itemprop=\"url\" href=\"https:\/\/llorensgmr.com\/en\/uncategorized\/1933\/\" target=\"_self\"><img decoding=\"async\" itemprop=\"image\" src=\"https:\/\/llorensgmr.com\/wp-content\/uploads\/2021\/04\/Captura-de-pantalla-2021-04-12-a-las-16.07.24.png\" alt=\"\" \/><\/a><\/div><div class=\"q_masonry_blog_post_text\"><h5 itemprop=\"name\" class=\"q_masonry_blog_title entry_title\"><a itemprop=\"url\" href=\"https:\/\/llorensgmr.com\/en\/uncategorized\/1933\/\">Llorens|gmr en Per que volen els avions? de TV3<\/a><\/h5><p itemprop=\"description\" class=\"q_masonry_blog_excerpt\">Llorens|gmr participa en el programa de TV3, Per qu\u00e8 volen els avions?, dedicat a l&#8217;\u00fas de pl\u00e0stics i el seu reciclatge. L&#8217;equip del programa es va traslladar a la nostra instal\u00b7lacions de Lli\u00e7\u00e0 de Vall per a veure tots els processos de classificaci\u00f3 i selecci\u00f3......<\/p><div class=\"q_masonry_blog_post_info\"><span itemprop=\"dateCreated\" class=\"time entry_date updated\">12 April, 2021<meta itemprop=\"interactionCount\" content=\"UserComments:0\"\/><\/span> \/ <a itemprop=\"url\" class=\"post_comments\" href=\"https:\/\/llorensgmr.com\/en\/uncategorized\/1933\/#respond\">No comment<\/a><\/div><\/div><\/article><article class=\"post-1715 post type-post status-publish format-standard has-post-thumbnail hentry category-uncategorized\"><div class=\"q_masonry_blog_post_image\"><a itemprop=\"url\" href=\"https:\/\/llorensgmr.com\/en\/uncategorized\/certificacion-eucertplast\/\" target=\"_self\"><img decoding=\"async\" itemprop=\"image\" src=\"https:\/\/llorensgmr.com\/wp-content\/uploads\/2020\/11\/portada.jpg\" alt=\"\" \/><\/a><\/div><div class=\"q_masonry_blog_post_text\"><h5 itemprop=\"name\" class=\"q_masonry_blog_title entry_title\"><a itemprop=\"url\" href=\"https:\/\/llorensgmr.com\/en\/uncategorized\/certificacion-eucertplast\/\">Llorens|gmr obtains EuCertPlast certification<\/a><\/h5><p itemprop=\"description\" class=\"q_masonry_blog_excerpt\">[vc_row css_animation=&#8221;&#8221; row_type=&#8221;row&#8221; use_row_as_full_screen_section=&#8221;no&#8221; type=&#8221;full_width&#8221; angled_section=&#8221;no&#8221; text_align=&#8221;left&#8221; background_image_as_pattern=&#8221;without_pattern&#8221;][vc_column][vc_empty_space][vc_single_image image=&#8221;1719&#8243; img_size=&#8221;full&#8221; alignment=&#8221;center&#8221; qode_css_animation=&#8221;&#8221;][vc_empty_space][vc_column_text] EuCertPlast recognizes Llorens|gmr as a plastics recycler that operates under the highest standards. This certification guarantees that any plastic waste entry and exit produced in our facilities will be treated in accordance with......<\/p><div class=\"q_masonry_blog_post_info\"><span itemprop=\"dateCreated\" class=\"time entry_date updated\">12 November, 2020<meta itemprop=\"interactionCount\" content=\"UserComments:0\"\/><\/span> \/ <a itemprop=\"url\" class=\"post_comments\" href=\"https:\/\/llorensgmr.com\/en\/uncategorized\/certificacion-eucertplast\/#respond\">No comment<\/a><\/div><\/div><\/article><article class=\"post-1929 post type-post status-publish format-standard has-post-thumbnail hentry category-circular-economy category-recycling\"><div class=\"q_masonry_blog_post_image\"><a itemprop=\"url\" href=\"https:\/\/llorensgmr.com\/en\/recycling\/the-plastic-film-recycling-plant-opens-a-new-facade\/\" target=\"_self\"><img decoding=\"async\" itemprop=\"image\" src=\"https:\/\/llorensgmr.com\/wp-content\/uploads\/2021\/03\/facana2-scaled.jpg\" alt=\"\" \/><\/a><\/div><div class=\"q_masonry_blog_post_text\"><h5 itemprop=\"name\" class=\"q_masonry_blog_title entry_title\"><a itemprop=\"url\" href=\"https:\/\/llorensgmr.com\/en\/recycling\/the-plastic-film-recycling-plant-opens-a-new-facade\/\">The plastic film recycling plant opens a new fa\u00e7ade<\/a><\/h5><p itemprop=\"description\" class=\"q_masonry_blog_excerpt\">The works to improve the fa\u00e7ade of the plastic film recycling plant located in Lli\u00e7\u00e0 de Vall have been completed. Llorens gmr has opted for a cladding with tiles in green tones, which gives the whole a modern air and favors integration with the environment.......<\/p><div class=\"q_masonry_blog_post_info\"><span itemprop=\"dateCreated\" class=\"time entry_date updated\">12 March, 2021<meta itemprop=\"interactionCount\" content=\"UserComments:0\"\/><\/span> \/ <a itemprop=\"url\" class=\"post_comments\" href=\"https:\/\/llorensgmr.com\/en\/recycling\/the-plastic-film-recycling-plant-opens-a-new-facade\/#respond\">No comment<\/a><\/div><\/div><\/article><\/div>[\/vc_column][\/vc_row]<\/p>\n<\/div>","protected":false},"excerpt":{"rendered":"<p>[vc_row css_animation=&#8221;&#8221; row_type=&#8221;row&#8221; use_row_as_full_screen_section=&#8221;no&#8221; type=&#8221;grid&#8221; angled_section=&#8221;no&#8221; text_align=&#8221;center&#8221; background_image_as_pattern=&#8221;without_pattern&#8221; z_index=&#8221;&#8221; background_image=&#8221;427&#8243;][vc_column][vc_empty_space height=&#8221;50px&#8221;][vc_empty_space height=&#8221;50px&#8221;][vc_column_text] NEWS [\/vc_column_text][vc_separator type=&#8221;small&#8221; position=&#8221;center&#8221; color=&#8221;#ffffff&#8221;][vc_empty_space height=&#8221;50px&#8221;][vc_empty_space height=&#8221;50px&#8221;][\/vc_column][\/vc_row][vc_row css_animation=&#8221;&#8221; row_type=&#8221;row&#8221; use_row_as_full_screen_section=&#8221;no&#8221; type=&#8221;grid&#8221; angled_section=&#8221;no&#8221; text_align=&#8221;center&#8221; background_image_as_pattern=&#8221;without_pattern&#8221; z_index=&#8221;&#8221;][vc_column][vc_empty_space height=&#8221;50px&#8221;][\/vc_column][\/vc_row]<\/p>\n","protected":false},"author":1,"featured_media":0,"parent":0,"menu_order":0,"comment_status":"closed","ping_status":"closed","template":"full_width.php","meta":{"footnotes":""},"class_list":["post-1711","page","type-page","status-publish","hentry"],"_links":{"self":[{"href":"https:\/\/llorensgmr.com\/en\/wp-json\/wp\/v2\/pages\/1711","targetHints":{"allow":["GET"]}}],"collection":[{"href":"https:\/\/llorensgmr.com\/en\/wp-json\/wp\/v2\/pages"}],"about":[{"href":"https:\/\/llorensgmr.com\/en\/wp-json\/wp\/v2\/types\/page"}],"author":[{"embeddable":true,"href":"https:\/\/llorensgmr.com\/en\/wp-json\/wp\/v2\/users\/1"}],"replies":[{"embeddable":true,"href":"https:\/\/llorensgmr.com\/en\/wp-json\/wp\/v2\/comments?post=1711"}],"version-history":[{"count":2,"href":"https:\/\/llorensgmr.com\/en\/wp-json\/wp\/v2\/pages\/1711\/revisions"}],"predecessor-version":[{"id":1714,"href":"https:\/\/llorensgmr.com\/en\/wp-json\/wp\/v2\/pages\/1711\/revisions\/1714"}],"wp:attachment":[{"href":"https:\/\/llorensgmr.com\/en\/wp-json\/wp\/v2\/media?parent=1711"}],"curies":[{"name":"wp","href":"https:\/\/api.w.org\/{rel}","templated":true}]}}